{"id":97,"date":"2010-04-11T00:00:00","date_gmt":"2010-04-10T22:00:00","guid":{"rendered":"http:\/\/szczescie.az-serwer1829889.online.pro\/wystawy-2\/"},"modified":"2018-06-28T20:18:27","modified_gmt":"2018-06-28T18:18:27","slug":"wystawy-2","status":"publish","type":"page","link":"http:\/\/szczescietymoje.pl\/main\/teczowy-most\/kennedy-2\/wystawy-2\/","title":{"rendered":"KENNEDY &#8211; Wystawy"},"content":{"rendered":"<p><strong>KLASA WETERAN\u00d3W &#8211; VETERAN CLASS<\/strong><br \/>\n<strong><table class=\"responsive-table\" cellpadding=5 cellspacing=\"1\">\r\n\t<TR >\r\n\t<Th class=\"kolor2\"><B>Data i miejsce<\/b><\/Th>\r\n\t<Th class=\"kolor2\"><B>Nazwa wystawy<\/b><\/Th>\r\n\t<Th class=\"kolor2\"><B>S\u0119dzia<\/b><\/Th>\r\n\t<Th class=\"kolor2\"><B>Klasa<\/b><\/Th>\r\n\t<Th class=\"kolor2\"><B>Ocena<\/b><\/Th>\r\n\t<Th class=\"kolor2\"><B>Lokata<\/b><\/Th>\r\n\t<Th class=\"kolor2\"><B>Medale i tytu\u0142y<\/b><\/Th>\r\n\t<Th class=\"kolor2\"><B>Zdj\u0119cie<\/b><\/Th>\r\n\r\n\t<\/tr><TR>\r\n\t\t<TD class=\"kolor1\" valign=top>15.07.2017<BR>Gdynia<\/td>\r\n\t\t<TD class=\"kolor1\" valign=top>I Wystawa Ps\u00f3w Ras. gr I, II, III, VIII, IX<\/td>\r\n\t\t<TD class=\"kolor1\" valign=top>Victor Lobakin (AZ)<\/td>\r\n\t\t<TD class=\"kolor1\" valign=top>weteran\u00f3w<\/td>\r\n\t\t<TD class=\"kolor1\" valign=top>doskona\u0142a<\/td>\r\n\t\t<TD class=\"kolor1\" valign=top>1<\/td>\r\n\t\t<TD class=\"kolor1\" valign=top>z\u0142oty, BofOS, BVinB, BISVeteran-3 miejsce<\/td>\r\n\t\t<TD class=\"kolor1\" valign=top><a href=\"http:\/\/szczescietymoje.pl\/main\/obrazki\/wystawy\/w630_170717221645.jpg\"><img src=\"\/main\/obrazki\/wystawy\/w630_170717221645.m.jpg\" border=\"0\"><\/a><\/td><\/tr><TR>\r\n\t\t<TD class=\"kolor2\" valign=top>16.07.2017<BR>Gdynia<\/td>\r\n\t\t<TD class=\"kolor2\" valign=top>Krajowa Wystawa Ps\u00f3w<\/td>\r\n\t\t<TD class=\"kolor2\" valign=top>Lilianna Bachurzewska (PL)<\/td>\r\n\t\t<TD class=\"kolor2\" valign=top>weteran\u00f3w<\/td>\r\n\t\t<TD class=\"kolor2\" valign=top>doskona\u0142a<\/td>\r\n\t\t<TD class=\"kolor2\" valign=top>1<\/td>\r\n\t\t<TD class=\"kolor2\" valign=top>z\u0142oty, BVinB, BOB, BISVeteran-2 miejsce<\/td>\r\n\t\t<TD class=\"kolor2\" valign=top><a href=\"http:\/\/szczescietymoje.pl\/main\/obrazki\/wystawy\/w630_170719193418.jpg\"><img src=\"\/main\/obrazki\/wystawy\/w630_170719193418.m.jpg\" border=\"0\"><\/a><\/td><\/tr><TR>\r\n\t\t<TD class=\"kolor1\" valign=top>05.08.2017<BR>Sopot<\/td>\r\n\t\t<TD class=\"kolor1\" valign=top>XXV International Dog Show<\/td>\r\n\t\t<TD class=\"kolor1\" valign=top>Jan Gajewski (PL)<\/td>\r\n\t\t<TD class=\"kolor1\" valign=top>weteran\u00f3w<\/td>\r\n\t\t<TD class=\"kolor1\" valign=top>doskona\u0142a<\/td>\r\n\t\t<TD class=\"kolor1\" valign=top>1<\/td>\r\n\t\t<TD class=\"kolor1\" valign=top>z\u0142oty, Zw. Wet. BVinB, <\/td>\r\n\t\t<TD class=\"kolor1\" valign=top><a href=\"http:\/\/szczescietymoje.pl\/main\/obrazki\/wystawy\/w630_170805171041.jpg\"><img src=\"\/main\/obrazki\/wystawy\/w630_170805171041.m.jpg\" border=\"0\"><\/a><\/td><\/tr><TR>\r\n\t\t<TD class=\"kolor2\" valign=top>06.08.2017<BR>Sopot<\/td>\r\n\t\t<TD class=\"kolor2\" valign=top>XXVI International Dog Show<\/td>\r\n\t\t<TD class=\"kolor2\" valign=top>Ma\u0142gorzata Ha\u0142as<\/td>\r\n\t\t<TD class=\"kolor2\" valign=top>weteran\u00f3w<\/td>\r\n\t\t<TD class=\"kolor2\" valign=top>doskona\u0142a<\/td>\r\n\t\t<TD class=\"kolor2\" valign=top>1<\/td>\r\n\t\t<TD class=\"kolor2\" valign=top>z\u0142oty, Zw.Wet., BVinB, BISVeteran-4 miejsce<\/td>\r\n\t\t<TD class=\"kolor2\" valign=top><a href=\"http:\/\/szczescietymoje.pl\/main\/obrazki\/wystawy\/w630_170809220611.jpg\"><img src=\"\/main\/obrazki\/wystawy\/w630_170809220611.m.jpg\" border=\"0\"><\/a><\/td><\/tr><\/table><br><\/strong><br \/>\n<strong>KLASA CHAMPION\u00d3W &#8211;&nbsp;CHAMPION CLASS<\/strong><br \/>\n<strong><table class=\"responsive-table\" cellpadding=5 cellspacing=\"1\">\r\n\t<TR >\r\n\t<Th class=\"kolor2\"><B>Data i miejsce<\/b><\/Th>\r\n\t<Th class=\"kolor2\"><B>Nazwa wystawy<\/b><\/Th>\r\n\t<Th class=\"kolor2\"><B>S\u0119dzia<\/b><\/Th>\r\n\t<Th class=\"kolor2\"><B>Klasa<\/b><\/Th>\r\n\t<Th class=\"kolor2\"><B>Ocena<\/b><\/Th>\r\n\t<Th class=\"kolor2\"><B>Lokata<\/b><\/Th>\r\n\t<Th class=\"kolor2\"><B>Medale i tytu\u0142y<\/b><\/Th>\r\n\t<Th class=\"kolor2\"><B>Zdj\u0119cie<\/b><\/Th>\r\n\r\n\t<\/tr><TR>\r\n\t\t<TD class=\"kolor1\" valign=top>10.09.2011<BR>Warszawa<\/td>\r\n\t\t<TD class=\"kolor1\" valign=top>XVIII Klubowa Wystawa Molos\u00f3w i Szwajcarskich Ras Pasterskich<\/td>\r\n\t\t<TD class=\"kolor1\" valign=top>Inge Artsoe (DK) <\/td>\r\n\t\t<TD class=\"kolor1\" valign=top>champion\u00f3w<\/td>\r\n\t\t<TD class=\"kolor1\" valign=top>doskona\u0142a<\/td>\r\n\t\t<TD class=\"kolor1\" valign=top>4<\/td>\r\n\t\t<TD class=\"kolor1\" valign=top><\/td>\r\n\t\t<TD class=\"kolor1\" valign=top><a href=\"http:\/\/szczescietymoje.pl\/main\/obrazki\/wystawy\/w283_110917105711.jpg\"><img src=\"\/main\/obrazki\/wystawy\/w283_110917105711.m.jpg\" border=\"0\"><\/a><\/td><\/tr><TR>\r\n\t\t<TD class=\"kolor2\" valign=top>10-11.12.2011<BR>Nowy Dw\u00f3r Mazowiecki<\/td>\r\n\t\t<TD class=\"kolor2\" valign=top>XXII Zimowa Wystawa Ps\u00f3w Rasowych<\/td>\r\n\t\t<TD class=\"kolor2\" valign=top>Jadwiga Niciewicz (PL)<\/td>\r\n\t\t<TD class=\"kolor2\" valign=top>champion\u00f3w<\/td>\r\n\t\t<TD class=\"kolor2\" valign=top>doskona\u0142a<\/td>\r\n\t\t<TD class=\"kolor2\" valign=top>1<\/td>\r\n\t\t<TD class=\"kolor2\" valign=top>Z\u0142oty, BOS, BOB<\/td>\r\n\t\t<TD class=\"kolor2\" valign=top><a href=\"http:\/\/szczescietymoje.pl\/main\/obrazki\/wystawy\/w283_111217110418.jpg\"><img src=\"\/main\/obrazki\/wystawy\/w283_111217110418.m.jpg\" border=\"0\"><\/a><\/td><\/tr><TR>\r\n\t\t<TD class=\"kolor1\" valign=top>15.01.2012<BR>Gda\u0144sk<\/td>\r\n\t\t<TD class=\"kolor1\" valign=top>II Karnawa\u0142owa Zimowa Wystawa Ps\u00f3w Rasowych<\/td>\r\n\t\t<TD class=\"kolor1\" valign=top>Jerzy Mrugasiewicz (PL)<\/td>\r\n\t\t<TD class=\"kolor1\" valign=top>champion\u00f3w<\/td>\r\n\t\t<TD class=\"kolor1\" valign=top>doskonala<\/td>\r\n\t\t<TD class=\"kolor1\" valign=top>1<\/td>\r\n\t\t<TD class=\"kolor1\" valign=top>z\u0142oty<\/td>\r\n\t\t<TD class=\"kolor1\" valign=top><\/td><\/tr><TR>\r\n\t\t<TD class=\"kolor2\" valign=top>01.09.2013<BR>W\u0142oc\u0142awek<\/td>\r\n\t\t<TD class=\"kolor2\" valign=top>XXV KRAJOWA KUJAWSKA WYSTAWA PS\u00d3W RASOWYCH <\/td>\r\n\t\t<TD class=\"kolor2\" valign=top>Ma\u0142gorzata Ha\u0142as (PL)<\/td>\r\n\t\t<TD class=\"kolor2\" valign=top>champion\u00f3w<\/td>\r\n\t\t<TD class=\"kolor2\" valign=top>doskona\u0142y<\/td>\r\n\t\t<TD class=\"kolor2\" valign=top>1<\/td>\r\n\t\t<TD class=\"kolor2\" valign=top>Z\u0142oty, BOS<\/td>\r\n\t\t<TD class=\"kolor2\" valign=top><a href=\"http:\/\/szczescietymoje.pl\/main\/obrazki\/wystawy\/w283_130903211302.jpg\"><img src=\"\/main\/obrazki\/wystawy\/w283_130903211302.m.jpg\" border=\"0\"><\/a><\/td><\/tr><TR>\r\n\t\t<TD class=\"kolor1\" valign=top>14.09.2013<BR>Warszawa<\/td>\r\n\t\t<TD class=\"kolor1\" valign=top>Krajowa Wystawa Ps\u00f3w Rasowych<\/td>\r\n\t\t<TD class=\"kolor1\" valign=top>Petra Junehall (S)<\/td>\r\n\t\t<TD class=\"kolor1\" valign=top>champion\u00f3w<\/td>\r\n\t\t<TD class=\"kolor1\" valign=top>doskona\u0142a<\/td>\r\n\t\t<TD class=\"kolor1\" valign=top>1<\/td>\r\n\t\t<TD class=\"kolor1\" valign=top>z\u0142oty, BOS<\/td>\r\n\t\t<TD class=\"kolor1\" valign=top><a href=\"http:\/\/szczescietymoje.pl\/main\/obrazki\/wystawy\/w283_130916190652.jpg\"><img src=\"\/main\/obrazki\/wystawy\/w283_130916190652.m.jpg\" border=\"0\"><\/a><\/td><\/tr><TR>\r\n\t\t<TD class=\"kolor2\" valign=top>15.09.2013<BR>Warszawa<\/td>\r\n\t\t<TD class=\"kolor2\" valign=top>XX Jubileuszowa Klubowa Wystawa Szwajcarskich Ps\u00f3w Pasterskich<\/td>\r\n\t\t<TD class=\"kolor2\" valign=top>Jelly de Jong Bol (NL)<\/td>\r\n\t\t<TD class=\"kolor2\" valign=top>champion\u00f3w<\/td>\r\n\t\t<TD class=\"kolor2\" valign=top>doskona\u0142a<\/td>\r\n\t\t<TD class=\"kolor2\" valign=top>2<\/td>\r\n\t\t<TD class=\"kolor2\" valign=top>srebrny<\/td>\r\n\t\t<TD class=\"kolor2\" valign=top><a href=\"http:\/\/szczescietymoje.pl\/main\/obrazki\/wystawy\/w283_130916190026.jpg\"><img src=\"\/main\/obrazki\/wystawy\/w283_130916190026.m.jpg\" border=\"0\"><\/a><\/td><\/tr><\/table><br><\/strong><br \/>\n<strong>KLASA PO\u015aREDNIA- INTERMEDIATE CLASS<\/strong><br \/>\n<table class=\"responsive-table\" cellpadding=5 cellspacing=\"1\">\r\n\t<TR >\r\n\t<Th class=\"kolor2\"><B>Data i miejsce<\/b><\/Th>\r\n\t<Th class=\"kolor2\"><B>Nazwa wystawy<\/b><\/Th>\r\n\t<Th class=\"kolor2\"><B>S\u0119dzia<\/b><\/Th>\r\n\t<Th class=\"kolor2\"><B>Klasa<\/b><\/Th>\r\n\t<Th class=\"kolor2\"><B>Ocena<\/b><\/Th>\r\n\t<Th class=\"kolor2\"><B>Lokata<\/b><\/Th>\r\n\t<Th class=\"kolor2\"><B>Medale i tytu\u0142y<\/b><\/Th>\r\n\t<Th class=\"kolor2\"><B>Zdj\u0119cie<\/b><\/Th>\r\n\r\n\t<\/tr><TR>\r\n\t\t<TD class=\"kolor1\" valign=top>16.01.2011<BR>Gda\u0144sk<\/td>\r\n\t\t<TD class=\"kolor1\" valign=top>I Karnawa\u0142owa Wystawa Ps\u00f3w Rasowych<\/td>\r\n\t\t<TD class=\"kolor1\" valign=top>Jerzy Prywi\u0144ski<\/td>\r\n\t\t<TD class=\"kolor1\" valign=top>po\u015brednia<\/td>\r\n\t\t<TD class=\"kolor1\" valign=top>doskona\u0142a<\/td>\r\n\t\t<TD class=\"kolor1\" valign=top>2<\/td>\r\n\t\t<TD class=\"kolor1\" valign=top>srebrny<\/td>\r\n\t\t<TD class=\"kolor1\" valign=top><a href=\"http:\/\/szczescietymoje.pl\/main\/obrazki\/wystawy\/w201_110119210050.jpg\"><img src=\"\/main\/obrazki\/wystawy\/w201_110119210050.m.jpg\" border=\"0\"><\/a><\/td><\/tr><TR>\r\n\t\t<TD class=\"kolor2\" valign=top>12.02.2011<BR>Bydgoszcz<\/td>\r\n\t\t<TD class=\"kolor2\" valign=top>VII Walentynkowa Wystawa Ps\u00f3w Rasowych<\/td>\r\n\t\t<TD class=\"kolor2\" valign=top>Andrzej Szutkiewicz<\/td>\r\n\t\t<TD class=\"kolor2\" valign=top>po\u015brednia<\/td>\r\n\t\t<TD class=\"kolor2\" valign=top>doskona\u0142a<\/td>\r\n\t\t<TD class=\"kolor2\" valign=top>2<\/td>\r\n\t\t<TD class=\"kolor2\" valign=top>srebrny<\/td>\r\n\t\t<TD class=\"kolor2\" valign=top><a href=\"http:\/\/szczescietymoje.pl\/main\/obrazki\/wystawy\/w201_110218150156.jpg\"><img src=\"\/main\/obrazki\/wystawy\/w201_110218150156.m.jpg\" border=\"0\"><\/a><\/td><\/tr><TR>\r\n\t\t<TD class=\"kolor1\" valign=top>12.02.2011<BR>Bydgoszcz<\/td>\r\n\t\t<TD class=\"kolor1\" valign=top>II Nocna Wystawa Ps\u00f3w Rasowych<\/td>\r\n\t\t<TD class=\"kolor1\" valign=top>Dorota Kuczy\u0144ska - Stande\u0142\u0142o<\/td>\r\n\t\t<TD class=\"kolor1\" valign=top>po\u015brednia<\/td>\r\n\t\t<TD class=\"kolor1\" valign=top>doskona\u0142a<\/td>\r\n\t\t<TD class=\"kolor1\" valign=top>1<\/td>\r\n\t\t<TD class=\"kolor1\" valign=top>z\u0142oty, NPwR(BOS)<\/td>\r\n\t\t<TD class=\"kolor1\" valign=top><a href=\"http:\/\/szczescietymoje.pl\/main\/obrazki\/wystawy\/w201_110218150308.jpg\"><img src=\"\/main\/obrazki\/wystawy\/w201_110218150308.m.jpg\" border=\"0\"><\/a><\/td><\/tr><TR>\r\n\t\t<TD class=\"kolor2\" valign=top>16.04.2011<BR>Grudzi\u0105dz<\/td>\r\n\t\t<TD class=\"kolor2\" valign=top>XXXV Krajowa Wystawa Ps\u00f3w Rasowych<\/td>\r\n\t\t<TD class=\"kolor2\" valign=top>Ma\u0142gorzata Ha\u0142as<\/td>\r\n\t\t<TD class=\"kolor2\" valign=top>po\u015brednia<\/td>\r\n\t\t<TD class=\"kolor2\" valign=top>doskona\u0142a<\/td>\r\n\t\t<TD class=\"kolor2\" valign=top>1<\/td>\r\n\t\t<TD class=\"kolor2\" valign=top>z\u0142oto, CWC<\/td>\r\n\t\t<TD class=\"kolor2\" valign=top><a href=\"http:\/\/szczescietymoje.pl\/main\/obrazki\/wystawy\/w201_110417164359.jpg\"><img src=\"\/main\/obrazki\/wystawy\/w201_110417164359.m.jpg\" border=\"0\"><\/a><\/td><\/tr><TR>\r\n\t\t<TD class=\"kolor1\" valign=top>17.04.2011<BR>Inowroc\u0142aw<\/td>\r\n\t\t<TD class=\"kolor1\" valign=top>XXVI Krajowa Wystawa Ps\u00f3w Rasowych<\/td>\r\n\t\t<TD class=\"kolor1\" valign=top>Aleksandra \u015awisulska<\/td>\r\n\t\t<TD class=\"kolor1\" valign=top>po\u015brednia<\/td>\r\n\t\t<TD class=\"kolor1\" valign=top>doskona\u0142a<\/td>\r\n\t\t<TD class=\"kolor1\" valign=top>1<\/td>\r\n\t\t<TD class=\"kolor1\" valign=top>z\u0142oto, CWC<\/td>\r\n\t\t<TD class=\"kolor1\" valign=top><a href=\"http:\/\/szczescietymoje.pl\/main\/obrazki\/wystawy\/w201_110417164710.jpg\"><img src=\"\/main\/obrazki\/wystawy\/w201_110417164710.m.jpg\" border=\"0\"><\/a><\/td><\/tr><TR>\r\n\t\t<TD class=\"kolor2\" valign=top>02.05.2011<BR>Dobre<\/td>\r\n\t\t<TD class=\"kolor2\" valign=top>XIV Krajowa Wystawa Ps\u00f3w Rasowych<\/td>\r\n\t\t<TD class=\"kolor2\" valign=top>Aleksandra Dobrut<\/td>\r\n\t\t<TD class=\"kolor2\" valign=top>po\u015brednia<\/td>\r\n\t\t<TD class=\"kolor2\" valign=top>doskona\u0142a<\/td>\r\n\t\t<TD class=\"kolor2\" valign=top>1<\/td>\r\n\t\t<TD class=\"kolor2\" valign=top>z\u0142oty, CWC, NPwR (BOS)<\/td>\r\n\t\t<TD class=\"kolor2\" valign=top><a href=\"http:\/\/szczescietymoje.pl\/main\/obrazki\/wystawy\/w201_110503180809.jpg\"><img src=\"\/main\/obrazki\/wystawy\/w201_110503180809.m.jpg\" border=\"0\"><\/a><\/td><\/tr><TR>\r\n\t\t<TD class=\"kolor1\" valign=top>03.05.2011<BR>Bor\u00f3wno<\/td>\r\n\t\t<TD class=\"kolor1\" valign=top>6 Krajow\u0105 Wystaw\u0119 Szwajcarskich Ps\u00f3w Pasterskich<\/td>\r\n\t\t<TD class=\"kolor1\" valign=top>Joseph Van Hummelen<\/td>\r\n\t\t<TD class=\"kolor1\" valign=top>po\u015brednia<\/td>\r\n\t\t<TD class=\"kolor1\" valign=top>bardzo dobra<\/td>\r\n\t\t<TD class=\"kolor1\" valign=top>2<\/td>\r\n\t\t<TD class=\"kolor1\" valign=top>--<\/td>\r\n\t\t<TD class=\"kolor1\" valign=top><a href=\"http:\/\/szczescietymoje.pl\/main\/obrazki\/wystawy\/w201_110503181207.jpg\"><img src=\"\/main\/obrazki\/wystawy\/w201_110503181207.m.jpg\" border=\"0\"><\/a><\/td><\/tr><TR>\r\n\t\t<TD class=\"kolor2\" valign=top>29.05.2011<BR>Gostynin<\/td>\r\n\t\t<TD class=\"kolor2\" valign=top>33 Mazowiecka Wystawa Ps\u00f3w Rasowych<\/td>\r\n\t\t<TD class=\"kolor2\" valign=top>Ma\u0142gorzata Ha\u0142as<\/td>\r\n\t\t<TD class=\"kolor2\" valign=top>po\u015brednia<\/td>\r\n\t\t<TD class=\"kolor2\" valign=top>doskona\u0142a<\/td>\r\n\t\t<TD class=\"kolor2\" valign=top>1<\/td>\r\n\t\t<TD class=\"kolor2\" valign=top>z\u0142oty, CWC, NDPwR (BOS), Zw. Rasy (BOB)<\/td>\r\n\t\t<TD class=\"kolor2\" valign=top><a href=\"http:\/\/szczescietymoje.pl\/main\/obrazki\/wystawy\/w201_110531063210.jpg\"><img src=\"\/main\/obrazki\/wystawy\/w201_110531063210.m.jpg\" border=\"0\"><\/a><\/td><\/tr><TR>\r\n\t\t<TD class=\"kolor1\" valign=top>10.07.2011<BR>Gda\u0144sk<\/td>\r\n\t\t<TD class=\"kolor1\" valign=top>XVI Krajowa Wystawa Ps\u00f3w Rasowych (o\/Gdynia)<\/td>\r\n\t\t<TD class=\"kolor1\" valign=top>Katarzyna Fiszdo\u0144<\/td>\r\n\t\t<TD class=\"kolor1\" valign=top>otwarta<\/td>\r\n\t\t<TD class=\"kolor1\" valign=top>doskona\u0142a<\/td>\r\n\t\t<TD class=\"kolor1\" valign=top>2<\/td>\r\n\t\t<TD class=\"kolor1\" valign=top>srebrny<\/td>\r\n\t\t<TD class=\"kolor1\" valign=top><a href=\"http:\/\/szczescietymoje.pl\/main\/obrazki\/wystawy\/w201_110722213258.jpg\"><img src=\"\/main\/obrazki\/wystawy\/w201_110722213258.m.jpg\" border=\"0\"><\/a><\/td><\/tr><\/table><br><br \/>\n<strong>KLASA M\u0141ODZIE\u017bY &#8211; YOUTH CLASS<\/strong><br \/>\n<strong><table class=\"responsive-table\" cellpadding=5 cellspacing=\"1\">\r\n\t<TR >\r\n\t<Th class=\"kolor2\"><B>Data i miejsce<\/b><\/Th>\r\n\t<Th class=\"kolor2\"><B>Nazwa wystawy<\/b><\/Th>\r\n\t<Th class=\"kolor2\"><B>S\u0119dzia<\/b><\/Th>\r\n\t<Th class=\"kolor2\"><B>Klasa<\/b><\/Th>\r\n\t<Th class=\"kolor2\"><B>Ocena<\/b><\/Th>\r\n\t<Th class=\"kolor2\"><B>Lokata<\/b><\/Th>\r\n\t<Th class=\"kolor2\"><B>Medale i tytu\u0142y<\/b><\/Th>\r\n\t<Th class=\"kolor2\"><B>Zdj\u0119cie<\/b><\/Th>\r\n\r\n\t<\/tr><TR>\r\n\t\t<TD class=\"kolor1\" valign=top>10.04.2010<BR>Nowy Dw\u00f3r Mazowiecki<\/td>\r\n\t\t<TD class=\"kolor1\" valign=top>XVII Wiosenna Wystawa Ps\u00f3w Rasowych<\/td>\r\n\t\t<TD class=\"kolor1\" valign=top>Zygmunt Jakubowski<\/td>\r\n\t\t<TD class=\"kolor1\" valign=top>m\u0142odzie\u017cy<\/td>\r\n\t\t<TD class=\"kolor1\" valign=top>doskona\u0142a<\/td>\r\n\t\t<TD class=\"kolor1\" valign=top>3<\/td>\r\n\t\t<TD class=\"kolor1\" valign=top>Br\u0105zowy<\/td>\r\n\t\t<TD class=\"kolor1\" valign=top><a href=\"http:\/\/szczescietymoje.pl\/main\/obrazki\/wystawy\/w177_100411154606.jpg\"><img src=\"\/main\/obrazki\/wystawy\/w177_100411154606.m.jpg\" border=\"0\"><\/a><\/td><\/tr><TR>\r\n\t\t<TD class=\"kolor2\" valign=top>09.05.2010<BR>Dobre Miasto<\/td>\r\n\t\t<TD class=\"kolor2\" valign=top>XIII Krajowa Wystawa Ps\u00f3w Rasowych<\/td>\r\n\t\t<TD class=\"kolor2\" valign=top>Aleksandra Tarczy\u0144ska-Mizak<\/td>\r\n\t\t<TD class=\"kolor2\" valign=top>m\u0142odzie\u017cy<\/td>\r\n\t\t<TD class=\"kolor2\" valign=top>doskona\u0142a<\/td>\r\n\t\t<TD class=\"kolor2\" valign=top>1<\/td>\r\n\t\t<TD class=\"kolor2\" valign=top>Z\u0142oty, Zw.M\u0142., NJwR<\/td>\r\n\t\t<TD class=\"kolor2\" valign=top><a href=\"http:\/\/szczescietymoje.pl\/main\/obrazki\/wystawy\/w177_100510210659.jpg\"><img src=\"\/main\/obrazki\/wystawy\/w177_100510210659.m.jpg\" border=\"0\"><\/a><\/td><\/tr><TR>\r\n\t\t<TD class=\"kolor1\" valign=top>22.05.2010<BR>Grudzi\u0105dz<\/td>\r\n\t\t<TD class=\"kolor1\" valign=top>XXXIV Krajowa Wystawa Ps\u00f3w Rasowych <\/td>\r\n\t\t<TD class=\"kolor1\" valign=top>Anna Rogowska<\/td>\r\n\t\t<TD class=\"kolor1\" valign=top>m\u0142odzie\u017cy<\/td>\r\n\t\t<TD class=\"kolor1\" valign=top>bardzo dobra<\/td>\r\n\t\t<TD class=\"kolor1\" valign=top>2<\/td>\r\n\t\t<TD class=\"kolor1\" valign=top><\/td>\r\n\t\t<TD class=\"kolor1\" valign=top><a href=\"http:\/\/szczescietymoje.pl\/main\/obrazki\/wystawy\/w177_100522195403.jpg\"><img src=\"\/main\/obrazki\/wystawy\/w177_100522195403.m.jpg\" border=\"0\"><\/a><\/td><\/tr><TR>\r\n\t\t<TD class=\"kolor2\" valign=top>19-20.06.2010<BR>Szczecin<\/td>\r\n\t\t<TD class=\"kolor2\" valign=top>XVIII Mi\u0119dzynarodowa Wystawa Ps\u00f3w Rasowych<\/td>\r\n\t\t<TD class=\"kolor2\" valign=top>Andrzej Zamoyski<\/td>\r\n\t\t<TD class=\"kolor2\" valign=top>m\u0142odzie\u017cy<\/td>\r\n\t\t<TD class=\"kolor2\" valign=top>doskona\u0142a<\/td>\r\n\t\t<TD class=\"kolor2\" valign=top>2<\/td>\r\n\t\t<TD class=\"kolor2\" valign=top>srebrny<\/td>\r\n\t\t<TD class=\"kolor2\" valign=top><a href=\"http:\/\/szczescietymoje.pl\/main\/obrazki\/wystawy\/w177_100620202223.jpg\"><img src=\"\/main\/obrazki\/wystawy\/w177_100620202223.m.jpg\" border=\"0\"><\/a><\/td><\/tr><TR>\r\n\t\t<TD class=\"kolor1\" valign=top>18.07.2010<BR>Gdynia<\/td>\r\n\t\t<TD class=\"kolor1\" valign=top>XV Krajowa Wystawa Ps\u00f3w Rasowych <\/td>\r\n\t\t<TD class=\"kolor1\" valign=top>Andrzej Kot<\/td>\r\n\t\t<TD class=\"kolor1\" valign=top>m\u0142odzie\u017cy<\/td>\r\n\t\t<TD class=\"kolor1\" valign=top>doskona\u0142a<\/td>\r\n\t\t<TD class=\"kolor1\" valign=top>1<\/td>\r\n\t\t<TD class=\"kolor1\" valign=top>Z\u0142oty, Zw.M\u0142.<\/td>\r\n\t\t<TD class=\"kolor1\" valign=top><a href=\"http:\/\/szczescietymoje.pl\/main\/obrazki\/wystawy\/w177_100718214542.jpg\"><img src=\"\/main\/obrazki\/wystawy\/w177_100718214542.m.jpg\" border=\"0\"><\/a><\/td><\/tr><TR>\r\n\t\t<TD class=\"kolor2\" valign=top>04.07.2010<BR>Olsztyn<\/td>\r\n\t\t<TD class=\"kolor2\" valign=top>XXXVII Warmi\u0144sko - Mazurska Wystawa Ps\u00f3w Rasowych<\/td>\r\n\t\t<TD class=\"kolor2\" valign=top>Robert Mroczko<\/td>\r\n\t\t<TD class=\"kolor2\" valign=top>m\u0142odzie\u017cy<\/td>\r\n\t\t<TD class=\"kolor2\" valign=top>doskona\u0142a<\/td>\r\n\t\t<TD class=\"kolor2\" valign=top>1<\/td>\r\n\t\t<TD class=\"kolor2\" valign=top>z\u0142oty, Zw.M\u0142.<\/td>\r\n\t\t<TD class=\"kolor2\" valign=top><a href=\"http:\/\/szczescietymoje.pl\/main\/obrazki\/wystawy\/w177_100704205740.jpg\"><img src=\"\/main\/obrazki\/wystawy\/w177_100704205740.m.jpg\" border=\"0\"><\/a><\/td><\/tr><TR>\r\n\t\t<TD class=\"kolor1\" valign=top>15.08.2010<BR>Sopot<\/td>\r\n\t\t<TD class=\"kolor1\" valign=top>18 Mi\u0119dzynarodowa Wystawa Ps\u00f3w Rasowych<\/td>\r\n\t\t<TD class=\"kolor1\" valign=top>Jan Gajewski<\/td>\r\n\t\t<TD class=\"kolor1\" valign=top>m\u0142odzie\u017cy<\/td>\r\n\t\t<TD class=\"kolor1\" valign=top>doskona\u0142a<\/td>\r\n\t\t<TD class=\"kolor1\" valign=top>2<\/td>\r\n\t\t<TD class=\"kolor1\" valign=top>srebrny<\/td>\r\n\t\t<TD class=\"kolor1\" valign=top><a href=\"http:\/\/szczescietymoje.pl\/main\/obrazki\/wystawy\/w177_100816221016.jpg\"><img src=\"\/main\/obrazki\/wystawy\/w177_100816221016.m.jpg\" border=\"0\"><\/a><\/td><\/tr><TR>\r\n\t\t<TD class=\"kolor2\" valign=top>28-29.08.2010<BR>Bia\u0142ystok<\/td>\r\n\t\t<TD class=\"kolor2\" valign=top>4 Mi\u0119dzynarodowa Wystawa Ps\u00f3w Rasowych (CACiB)<\/td>\r\n\t\t<TD class=\"kolor2\" valign=top>Ma\u0142gorzata Ha\u0142as<\/td>\r\n\t\t<TD class=\"kolor2\" valign=top>m\u0142odzie\u017cy<\/td>\r\n\t\t<TD class=\"kolor2\" valign=top>doskona\u0142a<\/td>\r\n\t\t<TD class=\"kolor2\" valign=top>1<\/td>\r\n\t\t<TD class=\"kolor2\" valign=top>Z\u0142oty, Zw. M\u0142., NJwR<\/td>\r\n\t\t<TD class=\"kolor2\" valign=top><a href=\"http:\/\/szczescietymoje.pl\/main\/obrazki\/wystawy\/w177_100829000558.jpg\"><img src=\"\/main\/obrazki\/wystawy\/w177_100829000558.m.jpg\" border=\"0\"><\/a><\/td><\/tr><TR>\r\n\t\t<TD class=\"kolor1\" valign=top>11.09.2010<BR>Warszawa<\/td>\r\n\t\t<TD class=\"kolor1\" valign=top>Sto\u0142eczna Wystawa Ps\u00f3w Rasowych<\/td>\r\n\t\t<TD class=\"kolor1\" valign=top>Anna Kochan<\/td>\r\n\t\t<TD class=\"kolor1\" valign=top>m\u0142odzie\u017cy<\/td>\r\n\t\t<TD class=\"kolor1\" valign=top>doskona\u0142a<\/td>\r\n\t\t<TD class=\"kolor1\" valign=top>1<\/td>\r\n\t\t<TD class=\"kolor1\" valign=top>Z\u0142oty, Zw. M\u0142., NJwR<\/td>\r\n\t\t<TD class=\"kolor1\" valign=top><a href=\"http:\/\/szczescietymoje.pl\/main\/obrazki\/wystawy\/w177_100913190157.jpg\"><img src=\"\/main\/obrazki\/wystawy\/w177_100913190157.m.jpg\" border=\"0\"><\/a><\/td><\/tr><TR>\r\n\t\t<TD class=\"kolor2\" valign=top>12.09.2010<BR>Warszawa<\/td>\r\n\t\t<TD class=\"kolor2\" valign=top>XVII Klubowa Wystawa Molos\u00f3w i Szwajcarskich Ras Pasterskich<\/td>\r\n\t\t<TD class=\"kolor2\" valign=top>Eivor Hofmandselv<\/td>\r\n\t\t<TD class=\"kolor2\" valign=top>m\u0142odzie\u017cy<\/td>\r\n\t\t<TD class=\"kolor2\" valign=top>doskona\u0142a<\/td>\r\n\t\t<TD class=\"kolor2\" valign=top>1<\/td>\r\n\t\t<TD class=\"kolor2\" valign=top>Z\u0142oty, M\u0142. Zw. Kl., NJwR, Junior BIS-3 miejsce<\/td>\r\n\t\t<TD class=\"kolor2\" valign=top><a href=\"http:\/\/szczescietymoje.pl\/main\/obrazki\/wystawy\/w177_100913190555.jpg\"><img src=\"\/main\/obrazki\/wystawy\/w177_100913190555.m.jpg\" border=\"0\"><\/a><\/td><\/tr><TR>\r\n\t\t<TD class=\"kolor1\" valign=top>06.11.2010<BR>Pozna\u0144<\/td>\r\n\t\t<TD class=\"kolor1\" valign=top>Mi\u0119dzynarodowa Wystawa Ps\u00f3w Rasowych<\/td>\r\n\t\t<TD class=\"kolor1\" valign=top>Tomasz Borkowski<\/td>\r\n\t\t<TD class=\"kolor1\" valign=top>po\u015brednia<\/td>\r\n\t\t<TD class=\"kolor1\" valign=top>doskona\u0142a<\/td>\r\n\t\t<TD class=\"kolor1\" valign=top>1<\/td>\r\n\t\t<TD class=\"kolor1\" valign=top>z\u0142oty, CWC<\/td>\r\n\t\t<TD class=\"kolor1\" valign=top><a href=\"http:\/\/szczescietymoje.pl\/main\/obrazki\/wystawy\/w177_101109162827.jpg\"><img src=\"\/main\/obrazki\/wystawy\/w177_101109162827.m.jpg\" border=\"0\"><\/a><\/td><\/tr><TR>\r\n\t\t<TD class=\"kolor2\" valign=top>07.11.2010<BR>Pozna\u0144<\/td>\r\n\t\t<TD class=\"kolor2\" valign=top>Mi\u0119dzynarodowa Wystawa ps\u00f3w Rasowych<\/td>\r\n\t\t<TD class=\"kolor2\" valign=top>Vladimir Piskay<\/td>\r\n\t\t<TD class=\"kolor2\" valign=top>m\u0142odzie\u017cy<\/td>\r\n\t\t<TD class=\"kolor2\" valign=top>doskona\u0142a<\/td>\r\n\t\t<TD class=\"kolor2\" valign=top>1<\/td>\r\n\t\t<TD class=\"kolor2\" valign=top>z\u0142oty, Zw. M\u0142., M\u0142. Zw. Pl., NJwR<\/td>\r\n\t\t<TD class=\"kolor2\" valign=top><a href=\"http:\/\/szczescietymoje.pl\/main\/obrazki\/wystawy\/w177_101109163051.jpg\"><img src=\"\/main\/obrazki\/wystawy\/w177_101109163051.m.jpg\" border=\"0\"><\/a><\/td><\/tr><\/table><br><\/strong><\/p>\n<p><strong>Obja\u015bnienia:<br \/>\nZw. Rasy (BOB) &#8211; Zwyci\u0119stwo Rasy (Best of Breed)<br \/>\nNDPwR (BOS) &#8211; Najlepszy doros\u0142y pies w rasie (Best of Sex)<br \/>\nCWC &#8211; certyfikat na Championa&nbsp;Krajowego<br \/>\nBIS &#8211; najpi\u0119kniejszy pies wystawy<br \/>\nM\u0142. Zw.Pl &#8211; M\u0142odziezowy Zwyci\u0119zca Polski<br \/>\nM\u0142. Zw.Kl &#8211; M\u0142odziezowy&nbsp;Zwyci\u0119zca Klubu<br \/>\nZw.M\u0142. &#8211; Zwyci\u0119zca M\u0142odzie\u017cy<br \/>\nNJwR &#8211; Najlepszy junior w rasie<\/strong><br \/>\n<strong>&nbsp;<br \/>\n&nbsp;<\/strong><\/p>\n","protected":false},"excerpt":{"rendered":"<p>232<\/p>\n","protected":false},"author":1,"featured_media":7245,"parent":241,"menu_order":184,"comment_status":"closed","ping_status":"closed","template":"","meta":{"ngg_post_thumbnail":0},"_links":{"self":[{"href":"http:\/\/szczescietymoje.pl\/main\/wp-json\/wp\/v2\/pages\/97"}],"collection":[{"href":"http:\/\/szczescietymoje.pl\/main\/wp-json\/wp\/v2\/pages"}],"about":[{"href":"http:\/\/szczescietymoje.pl\/main\/wp-json\/wp\/v2\/types\/page"}],"author":[{"embeddable":true,"href":"http:\/\/szczescietymoje.pl\/main\/wp-json\/wp\/v2\/users\/1"}],"replies":[{"embeddable":true,"href":"http:\/\/szczescietymoje.pl\/main\/wp-json\/wp\/v2\/comments?post=97"}],"version-history":[{"count":2,"href":"http:\/\/szczescietymoje.pl\/main\/wp-json\/wp\/v2\/pages\/97\/revisions"}],"predecessor-version":[{"id":7248,"href":"http:\/\/szczescietymoje.pl\/main\/wp-json\/wp\/v2\/pages\/97\/revisions\/7248"}],"up":[{"embeddable":true,"href":"http:\/\/szczescietymoje.pl\/main\/wp-json\/wp\/v2\/pages\/241"}],"wp:featuredmedia":[{"embeddable":true,"href":"http:\/\/szczescietymoje.pl\/main\/wp-json\/wp\/v2\/media\/7245"}],"wp:attachment":[{"href":"http:\/\/szczescietymoje.pl\/main\/wp-json\/wp\/v2\/media?parent=97"}],"curies":[{"name":"wp","href":"https:\/\/api.w.org\/{rel}","templated":true}]}}