{"id":7587,"date":"2019-01-06T18:32:58","date_gmt":"2019-01-06T17:32:58","guid":{"rendered":"http:\/\/szczescietymoje.pl\/main\/?page_id=7587"},"modified":"2019-01-06T18:32:58","modified_gmt":"2019-01-06T17:32:58","slug":"dog-shows","status":"publish","type":"page","link":"http:\/\/szczescietymoje.pl\/main\/en\/the-rainbow-bridge\/dinara-2\/dog-shows\/","title":{"rendered":"Dog Shows"},"content":{"rendered":"<p><strong>Youth Class<\/strong><\/p>\n<p style=\"text-align: center;\"><strong>Season 2019<\/strong><br \/>\n<strong><table width=95% cellpadding=5 cellspacing=\"1\">\r\n\t<TR >\r\n\t<TD class=\"kolor2\"><B>Data i miejsce<\/b><\/td>\r\n\t<TD class=\"kolor2\"><B>Nazwa wystawy<\/b><\/td>\r\n\t<TD class=\"kolor2\"><B>S\u0119dzia<\/b><\/td>\r\n\t<TD class=\"kolor2\"><B>Klasa<\/b><\/td>\r\n\t<TD class=\"kolor2\"><B>Ocena<\/b><\/td>\r\n\t<TD class=\"kolor2\"><B>Lokata<\/b><\/td>\r\n\t<TD class=\"kolor2\"><B>Medale i tytu\u0142y<\/b><\/td>\r\n\t<TD class=\"kolor2\"><B>Zdj\u0119cie<\/b><\/td>\r\n\r\n\t<\/tr><TR>\r\n\t\t<TD class=\"kolor1\" valign=top>10.08.2019<BR>Sopot<\/td>\r\n\t\t<TD class=\"kolor1\" valign=top>XXIX International Dog Show<\/td>\r\n\t\t<TD class=\"kolor1\" valign=top>MAgadalena Koz\u0142owska (PL)<\/td>\r\n\t\t<TD class=\"kolor1\" valign=top>po\u015brednia<\/td>\r\n\t\t<TD class=\"kolor1\" valign=top>doskona\u0142a<\/td>\r\n\t\t<TD class=\"kolor1\" valign=top>2<\/td>\r\n\t\t<TD class=\"kolor1\" valign=top>srebrny<\/td>\r\n\t\t<TD class=\"kolor1\" valign=top><a href=\"http:\/\/szczescietymoje.pl\/main\/wp-content\/uploads\/2019\/08\/Dinara_Sopot_2019.jpg\"><img src=\"http:\/\/szczescietymoje.pl\/main\/wp-content\/uploads\/2019\/08\/Dinara_Sopot_2019.jpg\" border=\"0\"><\/a><\/td><\/tr><TR>\r\n\t\t<TD class=\"kolor2\" valign=top>14.07.2019<BR>Gdynia<\/td>\r\n\t\t<TD class=\"kolor2\" valign=top>XXIV Krajowa Wystawa Ps\u00f3w Rasowych<\/td>\r\n\t\t<TD class=\"kolor2\" valign=top>Iwona Matuczewska (PL)<\/td>\r\n\t\t<TD class=\"kolor2\" valign=top>po\u015brednia<\/td>\r\n\t\t<TD class=\"kolor2\" valign=top>doskona\u0142a<\/td>\r\n\t\t<TD class=\"kolor2\" valign=top>2<\/td>\r\n\t\t<TD class=\"kolor2\" valign=top>srebrny<\/td>\r\n\t\t<TD class=\"kolor2\" valign=top><a href=\"http:\/\/szczescietymoje.pl\/main\/wp-content\/uploads\/2019\/08\/Dinara_Gdynia_2019.jpg\"><img src=\"http:\/\/szczescietymoje.pl\/main\/wp-content\/uploads\/2019\/08\/Dinara_Gdynia_2019.jpg\" border=\"0\"><\/a><\/td><\/tr><TR>\r\n\t\t<TD class=\"kolor1\" valign=top>06.01.2019<BR>Gda\u0144sk<\/td>\r\n\t\t<TD class=\"kolor1\" valign=top>IX Karnawa\u0142owa Wystawa Ps\u00f3w Rasowych<\/td>\r\n\t\t<TD class=\"kolor1\" valign=top>Bogus\u0142aw Chmiel (PL)<\/td>\r\n\t\t<TD class=\"kolor1\" valign=top>m\u0142odzie\u017cy<\/td>\r\n\t\t<TD class=\"kolor1\" valign=top>doskona\u0142a<\/td>\r\n\t\t<TD class=\"kolor1\" valign=top>1<\/td>\r\n\t\t<TD class=\"kolor1\" valign=top>z\u0142oty, Zw. M\u0142, NJwR, BoS<\/td>\r\n\t\t<TD class=\"kolor1\" valign=top><a href=\"http:\/\/szczescietymoje.pl\/main\/wp-content\/uploads\/2019\/01\/Dinara_gdansk_2019.jpg\"><img src=\"http:\/\/szczescietymoje.pl\/main\/wp-content\/uploads\/2019\/01\/Dinara_gdansk_2019.jpg\" border=\"0\"><\/a><\/td><\/tr><TR>\r\n\t\t<TD class=\"kolor2\" valign=top>18.01.2019<BR>Lubin<\/td>\r\n\t\t<TD class=\"kolor2\" valign=top>VI International Dog Show<\/td>\r\n\t\t<TD class=\"kolor2\" valign=top>Janusz Opara (PL)<\/td>\r\n\t\t<TD class=\"kolor2\" valign=top>m\u0142odzie\u017cy<\/td>\r\n\t\t<TD class=\"kolor2\" valign=top>doskona\u0142a<\/td>\r\n\t\t<TD class=\"kolor2\" valign=top>3<\/td>\r\n\t\t<TD class=\"kolor2\" valign=top>br\u0105zowy<\/td>\r\n\t\t<TD class=\"kolor2\" valign=top><a href=\"http:\/\/szczescietymoje.pl\/main\/wp-content\/uploads\/2019\/01\/Dinara_Lubin_2019_1.jpg\"><img src=\"http:\/\/szczescietymoje.pl\/main\/wp-content\/uploads\/2019\/01\/Dinara_Lubin_2019_1.jpg\" border=\"0\"><\/a><\/td><\/tr><TR>\r\n\t\t<TD class=\"kolor1\" valign=top>02.02.2019<BR>Nowy Dw\u00f3r Mazowiecki<\/td>\r\n\t\t<TD class=\"kolor1\" valign=top>42 Karnawa\u0142owa Wystawa Ps\u00f3w Rasowych<\/td>\r\n\t\t<TD class=\"kolor1\" valign=top>Lilianna Bachurzewska<\/td>\r\n\t\t<TD class=\"kolor1\" valign=top>m\u0142odzie\u017cy<\/td>\r\n\t\t<TD class=\"kolor1\" valign=top>doskona\u0142a<\/td>\r\n\t\t<TD class=\"kolor1\" valign=top>1<\/td>\r\n\t\t<TD class=\"kolor1\" valign=top>z\u0142oty, Zw. M\u0142, NJwR<\/td>\r\n\t\t<TD class=\"kolor1\" valign=top><a href=\"http:\/\/szczescietymoje.pl\/main\/wp-content\/uploads\/2019\/02\/Dinara_Legionowo_2019.jpg\"><img src=\"http:\/\/szczescietymoje.pl\/main\/wp-content\/uploads\/2019\/02\/Dinara_Legionowo_2019.jpg\" border=\"0\"><\/a><\/td><\/tr><TR>\r\n\t\t<TD class=\"kolor2\" valign=top>30.03.2019<BR>Nadarzyn<\/td>\r\n\t\t<TD class=\"kolor2\" valign=top>International Dog Show<\/td>\r\n\t\t<TD class=\"kolor2\" valign=top>Lenka Fairaislova (Cz)<\/td>\r\n\t\t<TD class=\"kolor2\" valign=top>m\u0142odzie\u017cy<\/td>\r\n\t\t<TD class=\"kolor2\" valign=top>doskona\u0142a<\/td>\r\n\t\t<TD class=\"kolor2\" valign=top><\/td>\r\n\t\t<TD class=\"kolor2\" valign=top><\/td>\r\n\t\t<TD class=\"kolor2\" valign=top><a href=\"http:\/\/szczescietymoje.pl\/main\/wp-content\/uploads\/2019\/03\/55954383_404642507022761_4044893005579026432_n.jpg\"><img src=\"http:\/\/szczescietymoje.pl\/main\/wp-content\/uploads\/2019\/03\/55954383_404642507022761_4044893005579026432_n.jpg\" border=\"0\"><\/a><\/td><\/tr><\/table><br><\/strong><\/p>\n","protected":false},"excerpt":{"rendered":"<p>Youth Class Season 2019 Data i miejsce Nazwa wystawy S\u0119dzia Klasa Ocena Lokata Medale i tytu\u0142y Zdj\u0119cie 10.08.2019Sopot XXIX International Dog Show MAgadalena Koz\u0142owska (PL) po\u015brednia doskona\u0142a 2 srebrny 14.07.2019Gdynia XXIV Krajowa Wystawa Ps\u00f3w Rasowych Iwona Matuczewska (PL) po\u015brednia doskona\u0142a 2 srebrny 06.01.2019Gda\u0144sk IX Karnawa\u0142owa Wystawa Ps\u00f3w Rasowych Bogus\u0142aw Chmiel (PL) m\u0142odzie\u017cy doskona\u0142a 1 z\u0142oty, [&hellip;]<\/p>\n","protected":false},"author":2,"featured_media":7583,"parent":385,"menu_order":79,"comment_status":"closed","ping_status":"closed","template":"","meta":{"ngg_post_thumbnail":0},"_links":{"self":[{"href":"http:\/\/szczescietymoje.pl\/main\/wp-json\/wp\/v2\/pages\/7587"}],"collection":[{"href":"http:\/\/szczescietymoje.pl\/main\/wp-json\/wp\/v2\/pages"}],"about":[{"href":"http:\/\/szczescietymoje.pl\/main\/wp-json\/wp\/v2\/types\/page"}],"author":[{"embeddable":true,"href":"http:\/\/szczescietymoje.pl\/main\/wp-json\/wp\/v2\/users\/2"}],"replies":[{"embeddable":true,"href":"http:\/\/szczescietymoje.pl\/main\/wp-json\/wp\/v2\/comments?post=7587"}],"version-history":[{"count":1,"href":"http:\/\/szczescietymoje.pl\/main\/wp-json\/wp\/v2\/pages\/7587\/revisions"}],"predecessor-version":[{"id":7588,"href":"http:\/\/szczescietymoje.pl\/main\/wp-json\/wp\/v2\/pages\/7587\/revisions\/7588"}],"up":[{"embeddable":true,"href":"http:\/\/szczescietymoje.pl\/main\/wp-json\/wp\/v2\/pages\/385"}],"wp:featuredmedia":[{"embeddable":true,"href":"http:\/\/szczescietymoje.pl\/main\/wp-json\/wp\/v2\/media\/7583"}],"wp:attachment":[{"href":"http:\/\/szczescietymoje.pl\/main\/wp-json\/wp\/v2\/media?parent=7587"}],"curies":[{"name":"wp","href":"https:\/\/api.w.org\/{rel}","templated":true}]}}