{"id":59,"date":"2009-10-29T00:00:00","date_gmt":"2009-10-28T23:00:00","guid":{"rendered":"http:\/\/szczescie.az-serwer1829889.online.pro\/linki\/"},"modified":"2024-07-09T19:11:58","modified_gmt":"2024-07-09T17:11:58","slug":"linki","status":"publish","type":"page","link":"http:\/\/szczescietymoje.pl\/main\/linki\/","title":{"rendered":"Linki"},"content":{"rendered":"<div style=\"text-align: center;\">\n<p>Zapraszamy do wymiany link\u00f3w.<br \/>\n<span style=\"font-weight: bold;\">Oto Nasze Banery<\/span>:<br \/>\n<img class=\"linia4\" title=\"\" src=\"http:\/\/www.szczescietymoje.pl\/main\/obrazki\/strona\/banner1.jpg\" alt=\"\" border=\"0\" hspace=\"5\" vspace=\"5\"><img class=\"linia4\" title=\"\" src=\"http:\/\/www.szczescietymoje.pl\/main\/main\/obrazki\/strona\/banner1.jpg\" alt=\"\" border=\"0\" hspace=\"5\" vspace=\"5\"><br \/>\n<span style=\"font-size: 8pt;\"><span style=\"font-family: Courier New, Courier, mono;\">&lt;a href=&#8221;<\/span><a href=\"http:\/\/szczescietymoje.pl\/\"><span style=\"font-family: Courier New, Courier, mono;\">http:\/\/szczescietymoje.pl<\/span><\/a><span style=\"font-family: Courier New, Courier, mono;\">&#8221; target=&#8221;_blank&#8221;&gt;&lt;img&nbsp; title=&#8221;&#8221; border=0 hspace=5 alt=&#8221;&#8221; vspace=5 src=&#8221;&lt;\/img<a href=\"http:\/\/www.szczescietymoje.pl\/admin\/'http:\/\/www.szczescietymoje.pl\/main\/main\/obrazki\/strona\/banner1.jpg%22\">&lt;\/A&#8217;&gt;<span style=\"font-family: Courier New, Courier, mono;\">http:\/\/www.szczescietymoje.pl\/main\/main\/obrazki\/strona\/banner1.jpg&#8221;&gt;&lt;\/a<\/span><\/a><span style=\"font-family: Courier New, Courier, mono;\">&gt;<br \/>\n<img class=\"linia4\" title=\"\" src=\"http:\/\/www.szczescietymoje.pl\/main\/obrazki\/strona\/banner2.jpg\" alt=\"\" border=\"0\" hspace=\"5\" vspace=\"5\"><br \/>\n<\/span><\/span><\/span><\/p>\n<p><span style=\"font-size: 8pt;\"><span style=\"font-family: Courier New, Courier, mono;\"><span style=\"font-size: 8pt;\"><img class=\"linia4\" title=\"\" src=\"http:\/\/www.szczescietymoje.pl\/main\/main\/obrazki\/strona\/banner2.jpg\" alt=\"\" border=\"0\" hspace=\"5\" vspace=\"5\"><span style=\"font-family: Courier New, Courier, mono;\">&lt;a href=&#8221;<\/span><a style=\"font-size: 8pt;\" href=\"http:\/\/szczescietymoje.pl\/\"><span style=\"font-family: Courier New, Courier, mono;\">http:\/\/szczescietymoje.pl<\/span><\/a><span style=\"font-family: Courier New, Courier, mono;\">&#8221; target=&#8221;_blank&#8221;&gt;&lt;img&nbsp; title=&#8221;&#8221; border=0 hspace=5 alt=&#8221;&#8221; vspace=5 src=&#8221;&lt;\/img<a style=\"font-size: 8pt;\" href=\"http:\/\/www.szczescietymoje.pl\/admin\/'http:\/\/www.szczescietymoje.pl\/main\/main\/obrazki\/strona\/banner2.jpg%22\">&lt;\/A&#8217;&gt;<span style=\"font-family: Courier New, Courier, mono;\">http:\/\/www.szczescietymoje.pl\/main\/main\/obrazki\/strona\/banner2.jpg&#8221;&gt;&lt;\/a<\/span><\/a><span style=\"font-family: Courier New, Courier, mono;\">&gt;<br \/>\n<img class=\"linia4\" title=\"\" src=\"http:\/\/www.szczescietymoje.pl\/main\/obrazki\/strona\/banner3.jpg\" alt=\"\" border=\"0\" hspace=\"5\" vspace=\"5\"><br \/>\n<\/span><\/span><\/span><\/span><\/span><\/p>\n<\/div>\n<p style=\"text-align: center;\"><span style=\"font-size: 8pt;\"><img class=\"linia4\" title=\"\" src=\"http:\/\/www.szczescietymoje.pl\/main\/main\/obrazki\/strona\/banner3.jpg\" alt=\"\" border=\"0\" hspace=\"5\" vspace=\"5\"><\/span><span style=\"font-size: 8pt;\"><span style=\"font-family: Courier New, Courier, mono;\">&lt;a href=&#8221;<\/span><a href=\"http:\/\/szczescietymoje.pl\/\"><span style=\"font-family: Courier New, Courier, mono;\">http:\/\/szczescietymoje.pl<\/span><\/a><span style=\"font-family: Courier New, Courier, mono;\">&#8221; target=&#8221;_blank&#8221;&gt;&lt;img&nbsp; title=&#8221;&#8221; border=0 hspace=5 alt=&#8221;&#8221; vspace=5 src=&#8221;&lt;\/img<a href=\"http:\/\/www.szczescietymoje.pl\/admin\/'http:\/\/www.szczescietymoje.pl\/main\/main\/obrazki\/strona\/banner3.jpg%22\">&lt;\/A&#8217;&gt;<span style=\"font-family: Courier New, Courier, mono;\">http:\/\/www.szczescietymoje.pl\/main\/main\/obrazki\/strona\/banner3.jpg&#8221;&gt;&lt;\/a<\/span><\/a><span style=\"font-family: Courier New, Courier, mono;\">&gt;<\/span><\/span><\/span><\/p>\n<div style=\"text-align: left; font-weight: bold;\">\n<p>Hodowle Ps\u00f3w Rasowych:<\/p>\n<\/div>\n<p>&nbsp;<\/p>\n<div style=\"text-align: center;\"><span style=\"font-size: 14pt; font-family: Arial;\"><span style=\"color: #ffff99;\"><a href=\"http:\/\/www.pachthof.be\/\"><img loading=\"lazy\" src=\"http:\/\/szczescietymoje.pl\/main\/obrazki\/linki\/pachthof.JPG\" width=\"400\" height=\"50\" border=\"0\"><\/a><\/span><\/span><\/div>\n<p style=\"text-align: center; margin-top: 0pt; margin-bottom: 0pt;\" align=\"center\">&nbsp;<\/p>\n<p style=\"text-align: center; margin-top: 0pt; margin-bottom: 0pt;\" align=\"center\"><span style=\"font-size: 14pt; font-family: Arial;\"><a href=\"http:\/\/www.lesvernades.com\/\"><span style=\"color: #ffff99;\"><img loading=\"lazy\" src=\"http:\/\/szczescietymoje.pl\/main\/obrazki\/linki\/vernades.jpg\" width=\"406\" height=\"54\" border=\"0\"><\/span><\/a><\/span><\/p>\n<p style=\"text-align: center; margin-top: 0pt; margin-bottom: 0pt;\" align=\"center\">&nbsp;<\/p>\n<p style=\"text-align: center; margin-top: 0pt; margin-bottom: 0pt;\" align=\"center\"><a href=\"http:\/\/www.ernst-menden.de\/\"><span style=\"font-size: 14pt; color: #ffff99; font-family: Arial;\"><img loading=\"lazy\" src=\"http:\/\/szczescietymoje.pl\/main\/obrazki\/linki\/davina.jpg\" width=\"400\" height=\"66\" border=\"0\"><\/span><\/a><\/p>\n<p style=\"text-align: center; margin-top: 0pt; margin-bottom: 0pt;\" align=\"center\">&nbsp;<\/p>\n<p style=\"text-align: center; margin-top: 0pt; margin-bottom: 0pt;\" align=\"center\"><span style=\"font-size: 14pt; font-family: Arial;\"><a href=\"http:\/\/www.simplesite.com\/Bernese-Mountain-Dogs\"><span style=\"color: #ffff99;\"><img loading=\"lazy\" src=\"http:\/\/szczescietymoje.pl\/main\/obrazki\/linki\/family_melchiorsen.jpg\" width=\"400\" height=\"50\" border=\"0\"><\/span><\/a><\/span><\/p>\n<p style=\"text-align: center; margin-top: 0pt; margin-bottom: 0pt;\" align=\"center\">&nbsp;<\/p>\n<p style=\"text-align: center; margin-top: 0pt; margin-bottom: 0pt;\" align=\"center\"><a href=\"http:\/\/ambereyes.extra.hu\/\"><img loading=\"lazy\" src=\"http:\/\/szczescietymoje.pl\/main\/obrazki\/linki\/amber.jpg\" width=\"400\" height=\"49\" border=\"0\"><\/a><\/p>\n<p style=\"text-align: center; margin-top: 0pt; margin-bottom: 0pt;\" align=\"center\">&nbsp;<\/p>\n<p style=\"text-align: center; margin-top: 0pt; margin-bottom: 0pt;\" align=\"center\"><a href=\"http:\/\/www.berner.ten.lt\/\"><img loading=\"lazy\" src=\"http:\/\/szczescietymoje.pl\/main\/obrazki\/linki\/poseidonas.JPG\" width=\"400\" height=\"50\" border=\"0\"><\/a><\/p>\n<p style=\"text-align: center; margin-top: 0pt; margin-bottom: 0pt;\" align=\"center\">&nbsp;<\/p>\n<p style=\"text-align: center; margin-top: 0pt; margin-bottom: 0pt;\" align=\"center\"><a href=\"http:\/\/www.fromorsinasland.net\/\"><img loading=\"lazy\" src=\"http:\/\/szczescietymoje.pl\/main\/obrazki\/linki\/index_povezave.jpg\" width=\"400\" height=\"50\" border=\"0\"><\/a><\/p>\n<p style=\"text-align: center; margin-top: 0pt; margin-bottom: 0pt;\" align=\"center\">&nbsp;<\/p>\n<p style=\"text-align: center; margin-top: 0pt; margin-bottom: 0pt;\" align=\"center\"><span style=\"color: #ffff99;\"><span style=\"font-size: 14pt; font-family: Arial;\"><a href=\"http:\/\/www.zprzemoznejchetki.pl\/\"><img loading=\"lazy\" src=\"http:\/\/szczescietymoje.pl\/main\/obrazki\/linki\/chetka.gif\" width=\"392\" height=\"54\" border=\"0\"><\/a><\/span><\/span><\/p>\n<p style=\"text-align: center; margin-top: 0pt; margin-bottom: 0pt;\" align=\"center\">&nbsp;<\/p>\n<p style=\"text-align: center; margin-top: 0pt; margin-bottom: 0pt;\" align=\"center\"><span style=\"font-size: 14pt; color: #ffff99; font-family: Arial;\"><a href=\"http:\/\/www.tasmanska-elitte.com\/\"><img loading=\"lazy\" src=\"http:\/\/szczescietymoje.pl\/main\/obrazki\/linki\/elitte.gif\" width=\"400\" height=\"50\" border=\"0\"><\/a><\/span><\/p>\n<p style=\"text-align: center; margin-top: 0pt; margin-bottom: 0pt;\" align=\"center\">&nbsp;<\/p>\n<p style=\"text-align: center; margin-top: 0pt; margin-bottom: 0pt;\" align=\"center\"><span style=\"font-size: 14pt; font-family: Arial;\"><a href=\"http:\/\/www.republika.pl\/halina\"><span style=\"color: #ffff99;\"><img loading=\"lazy\" src=\"http:\/\/szczescietymoje.pl\/main\/obrazki\/linki\/szumiaca%20knieja.gif\" width=\"400\" height=\"50\" border=\"0\"><\/span><\/a><\/span><\/p>\n<p style=\"text-align: center; margin-top: 0pt; margin-bottom: 0pt;\" align=\"center\">&nbsp;<\/p>\n<p style=\"text-align: center; margin-top: 0pt; margin-bottom: 0pt;\" align=\"center\"><span style=\"font-size: 14pt; font-family: Arial;\"><a href=\"http:\/\/www.adbern.republika.pl\/\"><span style=\"color: #ffff99;\"><img loading=\"lazy\" src=\"http:\/\/szczescietymoje.pl\/main\/obrazki\/linki\/tanais_banner.gif\" width=\"400\" height=\"50\" border=\"0\"><\/span><\/a><\/span><\/p>\n<p style=\"text-align: center; margin-top: 0pt; margin-bottom: 0pt;\" align=\"center\">&nbsp;<\/p>\n<p style=\"text-align: center; margin-top: 0pt; margin-bottom: 0pt;\" align=\"center\"><a href=\"http:\/\/merilka.webpark.pl\/\"><img loading=\"lazy\" src=\"http:\/\/szczescietymoje.pl\/main\/obrazki\/linki\/full_of_passion.gif\" width=\"400\" height=\"50\" border=\"0\"><\/a><\/p>\n<p style=\"text-align: center; margin-top: 0pt; margin-bottom: 0pt;\" align=\"center\">&nbsp;<\/p>\n<p style=\"text-align: center; margin-top: 0pt; margin-bottom: 0pt;\" align=\"center\"><a href=\"http:\/\/www.duchwrzosowisk.com\/\"><img loading=\"lazy\" src=\"http:\/\/szczescietymoje.pl\/main\/obrazki\/linki\/duch_wrzosowisk.jpg\" width=\"400\" height=\"50\" border=\"0\"><\/a><\/p>\n<p style=\"text-align: center; margin-top: 0pt; margin-bottom: 0pt;\" align=\"center\">&nbsp;<\/p>\n<p style=\"text-align: center; margin-top: 0pt; margin-bottom: 0pt;\" align=\"center\"><a href=\"http:\/\/www.lacante.pl\/\"><img loading=\"lazy\" src=\"http:\/\/szczescietymoje.pl\/main\/obrazki\/linki\/lacante.gif\" width=\"400\" height=\"50\" border=\"0\"><\/a><\/p>\n<p style=\"text-align: center; margin-top: 0pt; margin-bottom: 0pt;\" align=\"center\">&nbsp;<\/p>\n<p style=\"text-align: center; margin-top: 0pt; margin-bottom: 0pt;\" align=\"center\"><a href=\"http:\/\/www.bersett.pl\/\"><img loading=\"lazy\" src=\"http:\/\/szczescietymoje.pl\/main\/obrazki\/linki\/bersett.JPG\" width=\"400\" height=\"50\" border=\"0\"><\/a><\/p>\n<p style=\"text-align: center; margin-top: 0pt; margin-bottom: 0pt;\" align=\"center\">&nbsp;<\/p>\n<p style=\"text-align: center; margin-top: 0pt; margin-bottom: 0pt;\" align=\"center\"><a href=\"http:\/\/www.vivalatia.pl\/\"><img loading=\"lazy\" src=\"http:\/\/szczescietymoje.pl\/main\/obrazki\/linki\/vivalatia.gif\" width=\"400\" height=\"50\" border=\"0\"><\/a><\/p>\n<p style=\"text-align: center; margin-top: 0pt; margin-bottom: 0pt;\" align=\"center\">&nbsp;<\/p>\n<p style=\"text-align: left; margin-top: 0pt; margin-bottom: 0pt;\"><span style=\"font-weight: bold;\"><span style=\"color: #660000;\">Nasze szczeniaki mieszkaj\u0105 tutaj:<\/span><\/span><\/p>\n<p style=\"text-align: left; margin-top: 0pt; margin-bottom: 0pt;\">&nbsp;<\/p>\n<p style=\"text-align: center; margin-top: 0pt; margin-bottom: 0pt;\" align=\"center\"><a href=\"http:\/\/www.czereda.republika.pl\/\"><span style=\"color: #ffff99;\"><img loading=\"lazy\" src=\"http:\/\/szczescietymoje.pl\/main\/obrazki\/linki\/czereda.gif\" width=\"396\" height=\"56\" border=\"0\"><\/span><\/a><\/p>\n<p style=\"text-align: center; margin-top: 0pt; margin-bottom: 0pt;\" align=\"center\">&nbsp;<\/p>\n<p style=\"text-align: center; margin-top: 0pt; margin-bottom: 0pt;\" align=\"center\"><a href=\"http:\/\/www.tanczacemgly.pl\/\"><img loading=\"lazy\" src=\"http:\/\/szczescietymoje.pl\/main\/obrazki\/linki\/tanczace_mgly.gif\" width=\"400\" height=\"50\" border=\"0\"><\/a><\/p>\n<p style=\"text-align: center; margin-top: 0pt; margin-bottom: 0pt;\" align=\"center\">&nbsp;<\/p>\n<p style=\"text-align: center; margin-top: 0pt; margin-bottom: 0pt;\" align=\"center\"><a href=\"http:\/\/www.galwin.pl\/\"><img loading=\"lazy\" src=\"http:\/\/szczescietymoje.pl\/main\/obrazki\/linki\/galwin.jpg\" width=\"400\" height=\"50\" border=\"0\"><\/a><\/p>\n<p style=\"text-align: left; margin-top: 0pt; margin-bottom: 0pt;\" align=\"left\"><span style=\"font-weight: bold;\"><br \/>\n&nbsp;<span style=\"color: #660000;\">Berne\u0144scy znajomi:<\/span><\/span><\/p>\n<p style=\"text-align: center; margin-top: 0pt; margin-bottom: 0pt;\" align=\"left\">&nbsp;<\/p>\n<p style=\"text-align: center; margin-top: 0pt; margin-bottom: 0pt;\" align=\"center\"><span style=\"font-size: 14pt; color: #800000; font-family: Arial;\"><a href=\"http:\/\/www.ben.3000.pl\/\"><span style=\"color: #ffff99;\"><img loading=\"lazy\" src=\"http:\/\/www.ben.3000.pl\/inne\/baner1.gif\" width=\"400\" height=\"50\" border=\"0\"><\/span><\/a><\/span><\/p>\n<p style=\"text-align: center; margin-top: 0pt; margin-bottom: 0pt;\" align=\"center\">&nbsp;<\/p>\n<p style=\"text-align: center; margin-top: 0pt; margin-bottom: 0pt;\" align=\"center\"><span style=\"font-size: 14pt; color: #800000; font-family: Arial;\"><a href=\"http:\/\/www.anirys.pl\/\"><span style=\"color: #ffff99;\"><img loading=\"lazy\" src=\"http:\/\/szczescietymoje.pl\/main\/obrazki\/linki\/Eryk.gif\" width=\"400\" height=\"50\" border=\"0\"><\/span><\/a><\/span><\/p>\n<p style=\"text-align: center; margin-top: 0pt; margin-bottom: 0pt;\" align=\"center\">&nbsp;<\/p>\n<p style=\"text-align: left; margin-top: 0pt; margin-bottom: 0pt;\"><span style=\"font-weight: bold;\"><span style=\"color: #660000;\">Miejsca gdzie mo\u017cna wypocz\u0105\u0107 z psem:<\/span><\/span><\/p>\n<p style=\"text-align: left; margin-top: 0pt; margin-bottom: 0pt;\">&nbsp;<\/p>\n<p style=\"text-align: center; margin-top: 0pt; margin-bottom: 0pt;\" align=\"center\"><a href=\"http:\/\/www.napkorongfogado.hu\/\"><img loading=\"lazy\" src=\"http:\/\/szczescietymoje.pl\/main\/obrazki\/linki\/emblema.gif\" width=\"152\" height=\"150\" border=\"0\"><\/a>&nbsp;&nbsp; <a href=\"http:\/\/www.gostilne-hotel-storman.com\/\"><img loading=\"lazy\" src=\"http:\/\/szczescietymoje.pl\/main\/obrazki\/linki\/celje.jpg\" width=\"109\" height=\"150\" border=\"0\"><\/a><\/p>\n<p style=\"text-align: left; margin-top: 0pt; margin-bottom: 0pt;\"><span style=\"font-weight: bold;\"><span style=\"color: #660000;\">Inne strony:<\/span><\/span><\/p>\n<p style=\"text-align: left; margin-top: 0pt; margin-bottom: 0pt;\">&nbsp;<\/p>\n<p style=\"text-align: center; margin-top: 0pt; margin-bottom: 0pt;\" align=\"center\"><a href=\"http:\/\/dogshow.pl\/\" target=\"_blank\" rel=\"noopener\"><span style=\"color: #ffff99;\"><img loading=\"lazy\" src=\"http:\/\/szczescietymoje.pl\/main\/obrazki\/linki\/dogshow_baner.gif\" alt=\"DOGSHOW Szkolenie ps\u00f3w, Agility, Obedience, Wystawianie ps\u00f3w\" width=\"400\" height=\"50\" border=\"0\"><\/span><\/a><\/p>\n<p style=\"text-align: center; margin-top: 0pt; margin-bottom: 0pt;\" align=\"center\">&nbsp;<\/p>\n<p style=\"text-align: center; margin-top: 0pt; margin-bottom: 0pt;\" align=\"center\"><span style=\"font-size: 14pt; font-family: Arial;\"><a href=\"http:\/\/www.lecznica-rumia.pl\/\"><span style=\"color: #ffff99;\"><img loading=\"lazy\" src=\"http:\/\/szczescietymoje.pl\/main\/obrazki\/linki\/lecznica.jpg\" width=\"400\" height=\"51\" border=\"0\"><\/span><\/a><\/span><\/p>\n<p style=\"text-align: center; margin-top: 0pt; margin-bottom: 0pt;\" align=\"center\">&nbsp;<\/p>\n<p style=\"text-align: center; margin-top: 0pt; margin-bottom: 0pt;\" align=\"center\"><span style=\"font-size: 14pt; color: #800000; font-family: Arial;\"><a href=\"http:\/\/www.vetserwis.pl\/\"><span style=\"color: #ffff99;\"><img loading=\"lazy\" src=\"http:\/\/szczescietymoje.pl\/main\/obrazki\/linki\/banner_standard.gif\" width=\"400\" height=\"60\" border=\"0\"><\/span><\/a><\/span><\/p>\n<p style=\"text-align: center; margin-top: 0pt; margin-bottom: 0pt;\" align=\"center\">&nbsp;<\/p>\n<p style=\"text-align: center; margin-top: 0pt; margin-bottom: 0pt;\" align=\"center\"><span style=\"color: #ffff99;\"><span style=\"font-size: 14pt; font-family: Arial;\"><span style=\"font-size: 14pt; font-family: Monotype Corsiva;\"><span style=\"font-size: 14pt; font-family: Arial;\"><span style=\"color: #ffff99;\">&nbsp; <!-- poczatek --><\/span><a href=\"http:\/\/www.cztery-lapy.pl\/\" target=\"new\" rel=\"noopener\"><span style=\"color: #ffff99;\"><img loading=\"lazy\" src=\"http:\/\/www.cztery-lapy.pl\/images\/banners\/bn2.gif\" width=\"400\" height=\"53\" border=\"0\"> <\/span><\/a><span style=\"color: #ffff99;\"><!-- koniec --><\/span><\/span><\/span><\/span><\/span><\/p>\n<p style=\"text-align: center; margin-top: 0pt; margin-bottom: 0pt;\" align=\"center\"><span style=\"color: #ffff99;\"><span style=\"font-size: 14pt; font-family: Arial;\"><span style=\"font-size: 14pt; font-family: Monotype Corsiva;\"><span style=\"font-size: 14pt; font-family: Arial;\"><span style=\"color: #ffff99;\">&nbsp;<\/span><span style=\"color: #ffff99;\"><!-- koniec --><\/span><\/span><\/span><\/span><\/span><\/p>\n<p style=\"text-align: center; margin-top: 0pt; margin-bottom: 0pt;\" align=\"center\"><span style=\"color: #ffff99;\"><span style=\"font-size: 14pt; font-family: Arial;\"><span style=\"font-size: 14pt; font-family: Monotype Corsiva;\"><span style=\"font-size: 14pt; font-family: Arial;\"><a href=\"http:\/\/www.zoozakupy.pl\/\"><span style=\"color: #ffff99;\"><img loading=\"lazy\" src=\"http:\/\/szczescietymoje.pl\/main\/obrazki\/linki\/zoozakupy.gif\" width=\"400\" height=\"50\" border=\"0\"><\/span><\/a><\/span><\/span><\/span><\/span><\/p>\n<p style=\"text-align: center; margin-top: 0pt; margin-bottom: 0pt;\" align=\"center\">&nbsp;<\/p>\n<p style=\"text-align: center; margin-top: 0pt; margin-bottom: 0pt;\" align=\"center\"><span style=\"color: #ffff99;\"><span style=\"font-size: 14pt; font-family: Arial;\"><span style=\"font-size: 14pt; font-family: Monotype Corsiva;\"><a href=\"http:\/\/www.szwajcary.home.pl\/Portal\/portal.php\"><img loading=\"lazy\" src=\"http:\/\/szczescietymoje.pl\/main\/obrazki\/linki\/szwajcarskie_forum_dyskusyjne.jpg\" width=\"400\" height=\"50\" border=\"0\"><\/a><\/span><\/span><\/span><\/p>\n<p style=\"text-align: center; margin-top: 0pt; margin-bottom: 0pt;\" align=\"center\">&nbsp;<\/p>\n<p style=\"text-align: center; margin-top: 0pt; margin-bottom: 0pt;\" align=\"center\"><span style=\"color: #ffff99;\"><span style=\"font-size: 14pt; font-family: Arial;\"><span style=\"font-size: 14pt; font-family: Monotype Corsiva;\"><a href=\"http:\/\/www.klubmolosow.tiu.pl\/\"><img loading=\"lazy\" src=\"http:\/\/szczescietymoje.pl\/main\/obrazki\/linki\/klub_molosa.jpg\" width=\"400\" height=\"50\" border=\"0\"><\/a><\/span><\/span><\/span><\/p>\n<p style=\"text-align: center; margin-top: 0pt; margin-bottom: 0pt;\" align=\"center\">&nbsp;<\/p>\n<p style=\"text-align: center; margin-top: 0pt; margin-bottom: 0pt;\" align=\"center\"><span style=\"color: #ffff99;\"><span style=\"font-size: 14pt; font-family: Arial;\"><span style=\"font-size: 14pt; font-family: Monotype Corsiva;\">&nbsp;<a title=\"Wszystko o psach\" href=\"http:\/\/www.szarik.pl\/\" target=\"_blank\" rel=\"noopener\"><img loading=\"lazy\" src=\"http:\/\/www.szarik.pl\/gfx\/banner_szarik.gif\" alt=\"Tw\u00f3j Przyjaciel Pies\" width=\"400\" height=\"50\" border=\"0\"><\/a> <\/span><\/span><\/span><\/p>\n<p style=\"text-align: center; margin-top: 0pt; margin-bottom: 0pt;\" align=\"center\">&nbsp;<\/p>\n<p style=\"text-align: center; margin-top: 0pt; margin-bottom: 0pt;\" align=\"center\"><a href=\"http:\/\/www.eurobreeder.com\/\" target=\"_blank\" rel=\"noopener\"><img src=\"http:\/\/www.eurobreeder.com\/banner_e.jpg\" alt=\"Dog Breeders in Europe\" border=\"0\"><\/a><\/p>\n","protected":false},"excerpt":{"rendered":"<p>0<\/p>\n","protected":false},"author":1,"featured_media":13502,"parent":0,"menu_order":154,"comment_status":"closed","ping_status":"closed","template":"","meta":{"ngg_post_thumbnail":0},"_links":{"self":[{"href":"http:\/\/szczescietymoje.pl\/main\/wp-json\/wp\/v2\/pages\/59"}],"collection":[{"href":"http:\/\/szczescietymoje.pl\/main\/wp-json\/wp\/v2\/pages"}],"about":[{"href":"http:\/\/szczescietymoje.pl\/main\/wp-json\/wp\/v2\/types\/page"}],"author":[{"embeddable":true,"href":"http:\/\/szczescietymoje.pl\/main\/wp-json\/wp\/v2\/users\/1"}],"replies":[{"embeddable":true,"href":"http:\/\/szczescietymoje.pl\/main\/wp-json\/wp\/v2\/comments?post=59"}],"version-history":[{"count":11,"href":"http:\/\/szczescietymoje.pl\/main\/wp-json\/wp\/v2\/pages\/59\/revisions"}],"predecessor-version":[{"id":14202,"href":"http:\/\/szczescietymoje.pl\/main\/wp-json\/wp\/v2\/pages\/59\/revisions\/14202"}],"wp:featuredmedia":[{"embeddable":true,"href":"http:\/\/szczescietymoje.pl\/main\/wp-json\/wp\/v2\/media\/13502"}],"wp:attachment":[{"href":"http:\/\/szczescietymoje.pl\/main\/wp-json\/wp\/v2\/media?parent=59"}],"curies":[{"name":"wp","href":"https:\/\/api.w.org\/{rel}","templated":true}]}}