{"id":57,"date":"2009-10-29T00:00:00","date_gmt":"2009-10-28T23:00:00","guid":{"rendered":"http:\/\/szczescie.az-serwer1829889.online.pro\/bernenski-pies-pasterski\/"},"modified":"2009-10-29T00:00:00","modified_gmt":"2009-10-28T23:00:00","slug":"bernenski-pies-pasterski","status":"publish","type":"page","link":"http:\/\/szczescietymoje.pl\/main\/o-rasach\/bernenski-pies-pasterski\/","title":{"rendered":"Berne\u0144ski Pies Pasterski"},"content":{"rendered":"<div style=\"text-align: justify;\">Przodkowie dzisiejszych berne\u0144skich ps&oacute;w pasterskich dotarli na tereny Szwajcarii wraz z legionami rzymskimi. W latach 20. XX wieku odkryto czaszk\u0119 psa sprzed oko\u0142o 4000 roku p.n.e. Znaleziono tak\u017ce pozosta\u0142o\u015bci czaszek potwierdzaj\u0105ce obecno\u015b\u0107 ps&oacute;w w typie wsp&oacute;\u0142czesnego berne\u0144skiego psa pasterskiego, pomi\u0119dzy 1000&ndash;600 r. p.n.e. nad Jeziorem Zuryskim. [1] Pozwala to s\u0105dzi\u0107, \u017ce tego typu psy \u017cy\u0142y ta terenach szwajcarskich przed przybyciem Rzymian.<\/p>\n<p>Odkryto t\u0119 ras\u0119 na prze\u0142omie XIX i XX wieku, na terenach Prealp w okolicach Schwarzenburga. Psy te wyst\u0119powa\u0142y tak\u017ce w dolinie Emmental, niedaleko Berna i Burgdorfu jako psy str&oacute;\u017cuj\u0105ce obej\u015bcia oraz zwierz\u0105t hodowlanych, a tak\u017ce jako psy zaganiaj\u0105ce. Gdy na terenach nizinnych Szwajcarii zacz\u0119\u0142y powstawa\u0107 w du\u017cej liczbie serownie, berne\u0144czyki wykorzystywano dodatkowo jako psy transportuj\u0105ce, zaprz\u0119gane do w&oacute;zk&oacute;w z nabia\u0142em. Opisywano je w&oacute;wczas jako du\u017ce, masywne zwierz\u0119ta z g\u0142ow\u0105 o mocnej budowie i najcz\u0119\u015bciej czarnym umaszczeniu (wierzono, \u017ce czarne psy odp\u0119dzaj\u0105 z\u0142e duchy, dlatego preferowano tak\u0105 ma\u015b\u0107).<\/p>\n<p>Pod koniec XIX w, w ma\u0142ej miejscowo\u015bci D&uuml;rrbach, za spraw\u0105 tamtejszego ober\u017cysty, kt&oacute;ry hodowa\u0142 i sprzedawa\u0142 go\u015bciom tr&oacute;jkolorowe psy, rasa zyska\u0142a pierwsz\u0105 oficjaln\u0105 nazw\u0119; brzmia\u0142a ona D&uuml;rrbachler. W 1899 roku powsta\u0142 Zwi\u0105zek Kynologiczny &bdquo;Berna&rdquo; zrzeszaj\u0105cy hodowc&oacute;w ps&oacute;w rasowych z kantonu berne\u0144skiego. Pierwszym inicjatorem powstania czystej hodowli berne\u0144skiego psa pasterskiego by\u0142, \u017cyj\u0105cy w latach 1867 &ndash; 1945, Fritz Probst. Po mi\u0119dzynarodowej wystawie w Bernie w 1904 roku, psy tej rasy zosta\u0142y zauwa\u017cone i docenione przez \u015brodowisko kynolog&oacute;w. Od tamtej pory zacz\u0119\u0142o wzrasta\u0107 tak\u017ce zainteresowanie t\u0105 ras\u0105 os&oacute;b o wy\u017cszym statusie materialnym, takich jak handlowcy czy fabrykanci.<\/p>\n<p>Jednak panuj\u0105ca w&oacute;wczas moda na bernardyny, sprawi\u0142a \u017ce berne\u0144czyk by\u0142 mniej popularny. Na pocz\u0105tku XX w profesor Albert Heim i Franz Schertenleib odnale\u017ali kilka ps&oacute;w na terenie szwajcarskich farm i rozpocz\u0119to ratowanie rasy.<\/p>\n<p>W 1907 roku za\u0142o\u017cono Schweizerische D&uuml;rrbach-Klub i opublikowano pierwszy wzorzec. Nazw\u0119 D&uuml;rrbachler zmieniono na Berner Sennenhund &ndash; Berne\u0144ski Pies Pasterki. W 1913 roku rasa zosta\u0142a uznana przez Szwajcarski Zwi\u0105zek Kynologiczny.<br \/>\n&nbsp;<\/p>\n<div style=\"text-align: right;\">\u017ar&oacute;d\u0142o Wikipedia<\/div>\n<\/div>\n","protected":false},"excerpt":{"rendered":"<p>643<\/p>\n","protected":false},"author":1,"featured_media":0,"parent":413,"menu_order":117,"comment_status":"closed","ping_status":"closed","template":"","meta":{"ngg_post_thumbnail":0},"_links":{"self":[{"href":"http:\/\/szczescietymoje.pl\/main\/wp-json\/wp\/v2\/pages\/57"}],"collection":[{"href":"http:\/\/szczescietymoje.pl\/main\/wp-json\/wp\/v2\/pages"}],"about":[{"href":"http:\/\/szczescietymoje.pl\/main\/wp-json\/wp\/v2\/types\/page"}],"author":[{"embeddable":true,"href":"http:\/\/szczescietymoje.pl\/main\/wp-json\/wp\/v2\/users\/1"}],"replies":[{"embeddable":true,"href":"http:\/\/szczescietymoje.pl\/main\/wp-json\/wp\/v2\/comments?post=57"}],"version-history":[{"count":0,"href":"http:\/\/szczescietymoje.pl\/main\/wp-json\/wp\/v2\/pages\/57\/revisions"}],"up":[{"embeddable":true,"href":"http:\/\/szczescietymoje.pl\/main\/wp-json\/wp\/v2\/pages\/413"}],"wp:attachment":[{"href":"http:\/\/szczescietymoje.pl\/main\/wp-json\/wp\/v2\/media?parent=57"}],"curies":[{"name":"wp","href":"https:\/\/api.w.org\/{rel}","templated":true}]}}