{"id":400,"date":"2013-06-09T00:00:00","date_gmt":"2013-06-08T22:00:00","guid":{"rendered":"http:\/\/szczescie.az-serwer1829889.online.pro\/h-2013-2\/"},"modified":"2022-06-14T18:52:56","modified_gmt":"2022-06-14T16:52:56","slug":"h-2013-2","status":"publish","type":"page","link":"http:\/\/szczescietymoje.pl\/main\/szczeniaki\/h-2013-2\/","title":{"rendered":"H &#8211; 2013"},"content":{"rendered":"<p align=\"center\"><strong><span style=\"color: #660000; font-family: Arial;\">Miot K &#8211; urodzony 29 marca 2013 r.<\/p>\n<p>O: Ch.PL. KENNEDY Berne\u0144skie Ranczo;&nbsp;&nbsp;&nbsp;&nbsp; M: Ch.PL. BASMA des Hautes Vernades<\/span><\/strong><\/p>\n<p align=\"left\"><strong><span style=\"color: #660000; font-family: Arial;\">&nbsp;&nbsp;&nbsp;&nbsp;&nbsp;M\u0142.Ch.PL. M\u0142. Zw. Pl. 2010, M\u0142. Zw.&nbsp;Kl. 2010&nbsp;&nbsp;&nbsp;&nbsp;&nbsp;&nbsp;&nbsp;&nbsp; M\u0142.Ch.PL., Zw. Klubu 2007, 2xBIS<\/span><\/strong><\/p>\n<p align=\"left\">&nbsp;<\/p>\n<p align=\"center\"><strong><span style=\"color: #660000; font-family: Arial;\"><span style=\"color: #3300ff;\"><\/span><\/span><\/strong><\/p>\nngg_shortcode_0_placeholder\n","protected":false},"excerpt":{"rendered":"<p>20<\/p>\n","protected":false},"author":1,"featured_media":0,"parent":42,"menu_order":128,"comment_status":"closed","ping_status":"closed","template":"","meta":{"ngg_post_thumbnail":0},"_links":{"self":[{"href":"http:\/\/szczescietymoje.pl\/main\/wp-json\/wp\/v2\/pages\/400"}],"collection":[{"href":"http:\/\/szczescietymoje.pl\/main\/wp-json\/wp\/v2\/pages"}],"about":[{"href":"http:\/\/szczescietymoje.pl\/main\/wp-json\/wp\/v2\/types\/page"}],"author":[{"embeddable":true,"href":"http:\/\/szczescietymoje.pl\/main\/wp-json\/wp\/v2\/users\/1"}],"replies":[{"embeddable":true,"href":"http:\/\/szczescietymoje.pl\/main\/wp-json\/wp\/v2\/comments?post=400"}],"version-history":[{"count":2,"href":"http:\/\/szczescietymoje.pl\/main\/wp-json\/wp\/v2\/pages\/400\/revisions"}],"predecessor-version":[{"id":7168,"href":"http:\/\/szczescietymoje.pl\/main\/wp-json\/wp\/v2\/pages\/400\/revisions\/7168"}],"up":[{"embeddable":true,"href":"http:\/\/szczescietymoje.pl\/main\/wp-json\/wp\/v2\/pages\/42"}],"wp:attachment":[{"href":"http:\/\/szczescietymoje.pl\/main\/wp-json\/wp\/v2\/media?parent=400"}],"curies":[{"name":"wp","href":"https:\/\/api.w.org\/{rel}","templated":true}]}}