{"id":392,"date":"2012-05-02T00:00:00","date_gmt":"2012-05-01T22:00:00","guid":{"rendered":"http:\/\/szczescie.az-serwer1829889.online.pro\/eksporty\/"},"modified":"2023-10-10T21:26:11","modified_gmt":"2023-10-10T19:26:11","slug":"eksporty","status":"publish","type":"page","link":"http:\/\/szczescietymoje.pl\/main\/eksporty\/","title":{"rendered":"Eksporty"},"content":{"rendered":"<p align=\"left\"><strong><u>Szczeni\u0119ta z mojej hodowli mieszkaj\u0105ce zagranic\u0105:<\/u><\/strong><\/p>\n<p align=\"left\"><strong>14. Ob\u0142\u0119dna Panna Szcz\u0119\u015bcie Ty Moje (ur. 2023) &#8211; Finlandia<br \/>\n<\/strong>(M: C.I.B. Multi. Gr. Ch., Multi Ch., M\u0142. Ch.PL QUIET Szcz\u0119\u015bcie Ty Moje, O: CH.Pl, Ch. Lt, M\u0142.Ch. Pl. Art-Fantasy KARAT)&nbsp;<\/p>\n<p align=\"left\"><strong>13. Ob\u0142\u0119dna Beza Szcz\u0119\u015bcie Ty Moje (ur. 2023) &#8211; Finlandia<br \/>\n<\/strong>(M: C.I.B. Multi. Gr. Ch., Multi Ch., M\u0142. Ch.PL QUIET Szcz\u0119\u015bcie Ty Moje, O: CH.Pl, Ch. Lt, M\u0142.Ch. Pl. Art-Fantasy KARAT)<\/p>\n<p align=\"left\"><strong>12. Numenor Szcz\u0119\u015bcie Ty Moje (ur. 2023) &#8211; W\u0119gry<br \/>\n<\/strong>(M: Goldaward DINARA, O: Ch.Pl. LOTUS Rojaus Bernas<\/p>\n<p><strong>11. Naboo Szcz\u0119\u015bcie Ty Moje (ur. 2023) &#8211; Niemcy<\/strong><br \/>\n(M: Goldaward DINARA, O: Ch.Pl. LOTUS Rojaus Bernas<\/p>\n<p align=\"left\"><strong>10. Jazon Szcz\u0119\u015bcie Ty Moje (ur. 2021) &#8211; Finlandia<\/strong><br \/>\n(M: C.I.B. Multi. G.Ch., Multi.Ch., M\u0142. Ch. Pl. Marsala Eminentia Canis, O: C.I.B., Multi Ch., M\u0142.Ch.Pl.&nbsp;<span class=\"s1\">ACHILLES Labkolandia<br \/>\n<\/span><br \/>\n9. <strong>Too Lazy Szcz\u0119\u015bcie Ty Moje (ur. 2020) &#8211; Niemcy<\/strong><br \/>\n(M: C.I.B. Multi. G.Ch., Multi.Ch., M\u0142. Ch. Pl.&nbsp;Marsala Eminentia Canis, O: C.I.B. Multi. Ch., M\u0142. Ch. Pl.&nbsp;Ken Trace Touch Down Tiger)<\/p>\n<p>8. <strong>Too Smart Szcz\u0119\u015bcie Ty Moje<\/strong> <strong>(ur. 2020) &#8211; Finlandia<\/strong><br \/>\n(M: C.I.B. Multi. G.Ch., Multi.Ch., M\u0142. Ch. Pl.&nbsp;Marsala Eminentia Canis, O: C.I.B. Multi. Ch., M\u0142. Ch. Pl.&nbsp;Ken Trace Touch Down Tiger)<\/p>\n<p>7. <strong>Lyra Szcz\u0119\u015bcie Ty Moje (ur. 2012) &#8211; Wielka Brytania<\/strong><br \/>\n<span style=\"font-size: small;\">(M: Ch.Pl., M\u0142.Ch.Pl BASMA des Hautes Vernades; O: LARIN van&#8217;t Rijenspark)<br \/>\n<\/span><br \/>\n6. <strong>CZARNOKSI\u0118\u017bNIK Szcz\u0119\u015bcie Ty Moje (ur. 2012) &#8211; Japonia<\/strong><br \/>\n<span style=\"font-size: small;\">(M: M\u0142.Ch.Pl. HOCUS POCUS from Orsina&#8217;s Land; O: Ch.Pl., M\u0142.Ch.Pl. M\u0142.Zw.Pl. KENNEDY Berne\u0144skie Ranczo)<\/span><\/p>\n<p align=\"left\">5. <strong>ALFA Szcz\u0119\u015bcie Ty Moje (ur. 2011) &#8211; Rosja<\/strong><br \/>\n<span style=\"font-size: small;\">(M: GINGER ROSE from Orsina&#8217;s Land; O: Ch.Pl., M\u0142.Ch.Pl. M\u0142.Zw.Pl. KENNEDY Berne\u0144skie Ranczo)<\/span><\/p>\n<p align=\"left\">4. <strong>KAPPA Szcz\u0119\u015bcie Ty Moje (ur. 2011) &#8211; Wielka Brytania<\/strong><br \/>\n<span style=\"font-size: small;\">(M: Ch.Pl., M\u0142.Ch.Pl BASMA des Hautes Vernades; O: Ch.Pl., M\u0142.Ch.Pl. M\u0142.Zw.Pl. KENNEDY Berne\u0144skie Ranczo)<\/span><\/p>\n<p align=\"left\">3. M\u0142.Ch.Ru. <strong>KAIR Szcz\u0119\u015bcie Ty Moje<\/strong> <strong>(ur. 2011) &#8211; Rosja<\/strong><br \/>\n<span style=\"font-size: small;\">(M: Ch.Pl., M\u0142.Ch.Pl BASMA des Hautes Vernades; O: Ch.Pl., M\u0142.Ch.Pl. M\u0142.Zw.Pl. KENNEDY Berne\u0144skie Ranczo)<\/span><\/p>\n<p align=\"left\">2. <strong>KRYPTON Szcz\u0119\u015bcie Ty Moje<\/strong> <strong>(ur. 2011) &#8211; Norwegia<\/strong><br \/>\n<span style=\"font-size: small;\">(M: Ch.Pl., M\u0142.Ch.Pl BASMA des Hautes Vernades; O: Ch.Pl., M\u0142.Ch.Pl. M\u0142.Zw.Pl. KENNEDY Berne\u0144skie Ranczo)<\/span><\/p>\n<p align=\"left\">1. <strong>BILBO Szcz\u0119\u015bcie Ty Moje<\/strong> <strong>(ur. 2005) &#8211; Dania<\/strong><br \/>\n(M: BETA z Przemo\u017cnej Ch\u0119tki; O: Ch.Pl. Bazalt Hebenus)<\/p>\n<p align=\"left\"><strong><u>Eksporty po naszym reproduktorze&nbsp;z innych hodowli mieszkaj\u0105ce zagranic\u0105:<\/u><\/strong><\/p>\n<p>4. <strong>INTI Ta\u0144cz\u0105ce Mg\u0142y<\/strong> <strong>(ur. 2011) &#8211; USA<\/strong><br \/>\n<span style=\"font-size: small;\">(O: Ch.Pl., M\u0142.Ch.Pl. M\u0142.Zw.Pl. KENNEDY Berne\u0144skie Ranczo; M: ELITA Szcz\u0119\u015bcie Ty Moje)<\/span><\/p>\n<p>3. <strong>ITAKA Ta\u0144cz\u0105ce Mg\u0142y<\/strong> <strong>(ur. 2011) &#8211; Francja<\/strong><br \/>\n<span style=\"font-size: small;\">(O: Ch.Pl., M\u0142.Ch.Pl. M\u0142.Zw.Pl. KENNEDY Berne\u0144skie Ranczo; M: ELITA Szcz\u0119\u015bcie Ty Moje)<\/span><\/p>\n<p align=\"left\">2.<strong> HOMER Ta\u0144cz\u0105ce Mg\u0142y<\/strong> <strong>(ur. 2011) &#8211; Szwecja<\/strong><br \/>\n<span style=\"font-size: small;\">(O: Ch.Pl., M\u0142.Ch.Pl. M\u0142.Zw.Pl. KENNEDY Berne\u0144skie Ranczo; M: PINIA Szumi\u0105ca Knieja)<\/span><\/p>\n<p align=\"left\">1. <strong>GEJSZA Ta\u0144cz\u0105ce Mg\u0142y<\/strong> <strong>(ur. 2011) &#8211; Szwecja<\/strong><br \/>\n<span style=\"font-size: small;\">(O: Ch.Pl., M\u0142.Ch.Pl. M\u0142.Zw.Pl. KENNEDY Berne\u0144skie Ranczo; M: C&#8217;GAJA z Przemo\u017cnej Ch\u0119tki)<\/span><\/p>\n","protected":false},"excerpt":{"rendered":"<p>0<\/p>\n","protected":false},"author":1,"featured_media":7222,"parent":0,"menu_order":141,"comment_status":"closed","ping_status":"closed","template":"","meta":{"ngg_post_thumbnail":0},"_links":{"self":[{"href":"http:\/\/szczescietymoje.pl\/main\/wp-json\/wp\/v2\/pages\/392"}],"collection":[{"href":"http:\/\/szczescietymoje.pl\/main\/wp-json\/wp\/v2\/pages"}],"about":[{"href":"http:\/\/szczescietymoje.pl\/main\/wp-json\/wp\/v2\/types\/page"}],"author":[{"embeddable":true,"href":"http:\/\/szczescietymoje.pl\/main\/wp-json\/wp\/v2\/users\/1"}],"replies":[{"embeddable":true,"href":"http:\/\/szczescietymoje.pl\/main\/wp-json\/wp\/v2\/comments?post=392"}],"version-history":[{"count":7,"href":"http:\/\/szczescietymoje.pl\/main\/wp-json\/wp\/v2\/pages\/392\/revisions"}],"predecessor-version":[{"id":13846,"href":"http:\/\/szczescietymoje.pl\/main\/wp-json\/wp\/v2\/pages\/392\/revisions\/13846"}],"wp:featuredmedia":[{"embeddable":true,"href":"http:\/\/szczescietymoje.pl\/main\/wp-json\/wp\/v2\/media\/7222"}],"wp:attachment":[{"href":"http:\/\/szczescietymoje.pl\/main\/wp-json\/wp\/v2\/media?parent=392"}],"curies":[{"name":"wp","href":"https:\/\/api.w.org\/{rel}","templated":true}]}}