{"id":386,"date":"2012-04-04T00:00:00","date_gmt":"2012-04-03T22:00:00","guid":{"rendered":"http:\/\/szczescie.az-serwer1829889.online.pro\/c-2012-2\/"},"modified":"2022-06-14T19:44:15","modified_gmt":"2022-06-14T17:44:15","slug":"c-2012-2","status":"publish","type":"page","link":"http:\/\/szczescietymoje.pl\/main\/en\/puppies\/c-2012-2\/","title":{"rendered":"C-2012"},"content":{"rendered":"<p>&nbsp;<\/p>\n<p align=\"center\"><strong><span style=\"color: #660000; font-size: large;\">Litter C <\/span><\/strong><strong><span style=\"color: #660000; font-size: large;\">was born 3 April 2012<\/span><\/strong><\/p>\n<p align=\"center\">&nbsp;<\/p>\n<table class=\"MsoTableGrid\" style=\"border-collapse: collapse; mso-yfti-tbllook: 1184; mso-padding-alt: 0cm 5.4pt 0cm 5.4pt; mso-border-alt: solid windowtext .5pt;\" border=\"1\" cellspacing=\"0\" cellpadding=\"0\">\n<tbody>\n<tr style=\"mso-yfti-irow: 0; mso-yfti-firstrow: yes; mso-yfti-lastrow: yes;\">\n<td style=\"background-color: transparent; width: 230.3pt; mso-border-alt: solid windowtext .5pt; border: windowtext 1pt solid; padding: 0cm 5.4pt 0cm 5.4pt;\" valign=\"top\" width=\"307\">\n<p class=\"MsoNormal\" style=\"text-align: center; margin: 0cm 0cm 0pt;\" align=\"center\"><span style=\"font-family: Calibri;\"><span style=\"color: #000000; font-size: medium;\"><strong>Father:<\/strong><\/span><\/span><\/p>\n<p class=\"MsoNormal\" style=\"text-align: center; margin: 0cm 0cm 0pt;\" align=\"center\"><span style=\"font-family: Calibri;\"><span style=\"color: #660000;\"><span style=\"font-size: small;\">CH.Pl. M\u0142.Ch.PL., M\u0142. Zw.PL. 2010 M\u0142. Zw. Kl. 2010<!--?xml:namespace prefix = o ns = \"urn:schemas-microsoft-com:office:office\" \/--><\/span><\/span><\/span><\/p>\n<p class=\"MsoNormal\" style=\"text-align: center; margin: 0cm 0cm 0pt;\" align=\"center\"><span style=\"color: #ff6600; font-family: Calibri; font-size: medium;\"><a href=\"http:\/\/szczescietymoje.pl\/pl.php?s=232\" target=\"_self\" rel=\"noopener\">KENNEDY Berne\u0144skie Ranczo<\/a><\/span><\/p>\n<\/td>\n<td style=\"border-bottom: windowtext 1pt solid; border-left: #f0f0f0; background-color: transparent; width: 230.3pt; border-top: windowtext 1pt solid; border-right: windowtext 1pt solid; mso-border-alt: solid windowtext .5pt; mso-border-left-alt: solid windowtext .5pt; padding: 0cm 5.4pt 0cm 5.4pt;\" valign=\"top\" width=\"307\">\n<p class=\"MsoNormal\" style=\"text-align: center; margin: 0cm 0cm 0pt;\" align=\"center\"><span lang=\"EN-US\" style=\"mso-ansi-language: EN-US;\"><span style=\"font-family: Calibri;\"><span style=\"color: #000000; font-size: medium;\"><strong>Mother:<\/strong><\/span><\/span><\/span><\/p>\n<p class=\"MsoNormal\" style=\"text-align: center; margin: 0cm 0cm 0pt;\" align=\"center\"><span lang=\"EN-US\" style=\"mso-ansi-language: EN-US;\"><span style=\"font-family: Calibri;\"><span style=\"color: #660000;\"><span style=\"font-size: small;\">M\u0142.Ch.PL<\/span><\/span><\/span><\/span><\/p>\n<p class=\"MsoNormal\" style=\"text-align: center; margin: 0cm 0cm 0pt;\" align=\"center\"><span lang=\"EN-US\" style=\"mso-ansi-language: EN-US;\"><span style=\"color: #ff6600; font-family: Calibri; font-size: medium;\"><a href=\"http:\/\/szczescietymoje.pl\/pl.php?s=44\" target=\"_self\" rel=\"noopener\">HOCUS-POCUS from Orsina\u2019s Land<\/a><\/span><\/span><\/p>\n<\/td>\n<\/tr>\n<\/tbody>\n<\/table>\n<p>&nbsp;<\/p>\n<p>&nbsp;<\/p>\n<p align=\"center\"><strong><span style=\"color: #3300ff;\"><\/span><\/strong><\/p>\nngg_shortcode_0_placeholder\n","protected":false},"excerpt":{"rendered":"<p>56<\/p>\n","protected":false},"author":1,"featured_media":0,"parent":85,"menu_order":102,"comment_status":"closed","ping_status":"closed","template":"","meta":{"ngg_post_thumbnail":0},"_links":{"self":[{"href":"http:\/\/szczescietymoje.pl\/main\/wp-json\/wp\/v2\/pages\/386"}],"collection":[{"href":"http:\/\/szczescietymoje.pl\/main\/wp-json\/wp\/v2\/pages"}],"about":[{"href":"http:\/\/szczescietymoje.pl\/main\/wp-json\/wp\/v2\/types\/page"}],"author":[{"embeddable":true,"href":"http:\/\/szczescietymoje.pl\/main\/wp-json\/wp\/v2\/users\/1"}],"replies":[{"embeddable":true,"href":"http:\/\/szczescietymoje.pl\/main\/wp-json\/wp\/v2\/comments?post=386"}],"version-history":[{"count":1,"href":"http:\/\/szczescietymoje.pl\/main\/wp-json\/wp\/v2\/pages\/386\/revisions"}],"predecessor-version":[{"id":11271,"href":"http:\/\/szczescietymoje.pl\/main\/wp-json\/wp\/v2\/pages\/386\/revisions\/11271"}],"up":[{"embeddable":true,"href":"http:\/\/szczescietymoje.pl\/main\/wp-json\/wp\/v2\/pages\/85"}],"wp:attachment":[{"href":"http:\/\/szczescietymoje.pl\/main\/wp-json\/wp\/v2\/media?parent=386"}],"curies":[{"name":"wp","href":"https:\/\/api.w.org\/{rel}","templated":true}]}}