{"id":315,"date":"2014-11-23T00:00:00","date_gmt":"2014-11-22T23:00:00","guid":{"rendered":"http:\/\/szczescie.az-serwer1829889.online.pro\/wystawy-7\/"},"modified":"2014-11-23T00:00:00","modified_gmt":"2014-11-22T23:00:00","slug":"wystawy-7","status":"publish","type":"page","link":"http:\/\/szczescietymoje.pl\/main\/teczowy-most\/for-me\/wystawy-7\/","title":{"rendered":"Wystawy"},"content":{"rendered":"<p style=\"text-align:center\"><strong>Sezon 2016<br \/><table class=\"responsive-table\" cellpadding=5 cellspacing=\"1\">\r\n\t<TR >\r\n\t<Th class=\"kolor2\"><B>Data i miejsce<\/b><\/Th>\r\n\t<Th class=\"kolor2\"><B>Nazwa wystawy<\/b><\/Th>\r\n\t<Th class=\"kolor2\"><B>S\u0119dzia<\/b><\/Th>\r\n\t<Th class=\"kolor2\"><B>Klasa<\/b><\/Th>\r\n\t<Th class=\"kolor2\"><B>Ocena<\/b><\/Th>\r\n\t<Th class=\"kolor2\"><B>Lokata<\/b><\/Th>\r\n\t<Th class=\"kolor2\"><B>Medale i tytu\u0142y<\/b><\/Th>\r\n\t<Th class=\"kolor2\"><B>Zdj\u0119cie<\/b><\/Th>\r\n\r\n\t<\/tr><TR>\r\n\t\t<TD class=\"kolor1\" valign=top>10.01.2016<BR>Gdynia<\/td>\r\n\t\t<TD class=\"kolor1\" valign=top>VI Karnawa\u0142owa Wystawa Ps\u00f3w Rasowych<\/td>\r\n\t\t<TD class=\"kolor1\" valign=top>Andrzej Szutkiewicz<\/td>\r\n\t\t<TD class=\"kolor1\" valign=top>po\u015brednia<\/td>\r\n\t\t<TD class=\"kolor1\" valign=top>doskona\u0142a<\/td>\r\n\t\t<TD class=\"kolor1\" valign=top>1<\/td>\r\n\t\t<TD class=\"kolor1\" valign=top>z\u0142oty, CwC<\/td>\r\n\t\t<TD class=\"kolor1\" valign=top><a href=\"http:\/\/szczescietymoje.pl\/main\/obrazki\/wystawy\/w567_160117173427.jpg\"><img src=\"\/main\/obrazki\/wystawy\/w567_160117173427.m.jpg\" border=\"0\"><\/a><\/td><\/tr><TR>\r\n\t\t<TD class=\"kolor2\" valign=top>13.02.2016<BR>Bydgoszcz<\/td>\r\n\t\t<TD class=\"kolor2\" valign=top>VII Nocna Wystawa Ps\u00f3w Rasowych <\/td>\r\n\t\t<TD class=\"kolor2\" valign=top>Piotr Miku\u0107<\/td>\r\n\t\t<TD class=\"kolor2\" valign=top>po\u015brednia<\/td>\r\n\t\t<TD class=\"kolor2\" valign=top>doskona\u0142a<\/td>\r\n\t\t<TD class=\"kolor2\" valign=top>3<\/td>\r\n\t\t<TD class=\"kolor2\" valign=top>br\u0105zowy<\/td>\r\n\t\t<TD class=\"kolor2\" valign=top><\/td><\/tr><TR>\r\n\t\t<TD class=\"kolor1\" valign=top>26.11.2016<BR>Bydgoszcz<\/td>\r\n\t\t<TD class=\"kolor1\" valign=top>Krajowa Wystawa Ps\u00f3w 1,2 i 8 grupy<\/td>\r\n\t\t<TD class=\"kolor1\" valign=top>Anna Rogowska<\/td>\r\n\t\t<TD class=\"kolor1\" valign=top>otwarta<\/td>\r\n\t\t<TD class=\"kolor1\" valign=top>doskona\u0142a<\/td>\r\n\t\t<TD class=\"kolor1\" valign=top>1<\/td>\r\n\t\t<TD class=\"kolor1\" valign=top>z\u0142oty, CWC, Best Bitch<\/td>\r\n\t\t<TD class=\"kolor1\" valign=top><a href=\"http:\/\/szczescietymoje.pl\/main\/obrazki\/wystawy\/w567_161127193105.jpg\"><img src=\"\/main\/obrazki\/wystawy\/w567_161127193105.m.jpg\" border=\"0\"><\/a><\/td><\/tr><\/table><br><br \/>\nSezon 2015<br \/>\n<table class=\"responsive-table\" cellpadding=5 cellspacing=\"1\">\r\n\t<TR >\r\n\t<Th class=\"kolor2\"><B>Data i miejsce<\/b><\/Th>\r\n\t<Th class=\"kolor2\"><B>Nazwa wystawy<\/b><\/Th>\r\n\t<Th class=\"kolor2\"><B>S\u0119dzia<\/b><\/Th>\r\n\t<Th class=\"kolor2\"><B>Klasa<\/b><\/Th>\r\n\t<Th class=\"kolor2\"><B>Ocena<\/b><\/Th>\r\n\t<Th class=\"kolor2\"><B>Lokata<\/b><\/Th>\r\n\t<Th class=\"kolor2\"><B>Medale i tytu\u0142y<\/b><\/Th>\r\n\t<Th class=\"kolor2\"><B>Zdj\u0119cie<\/b><\/Th>\r\n\r\n\t<\/tr><TR>\r\n\t\t<TD class=\"kolor1\" valign=top>11.01.2015<BR>Gda\u0144sk<\/td>\r\n\t\t<TD class=\"kolor1\" valign=top>Karnawa\u0142owa Krajowa Wystawa Ps\u00f3w Rasowych<\/td>\r\n\t\t<TD class=\"kolor1\" valign=top>LIdia Pastuszak<\/td>\r\n\t\t<TD class=\"kolor1\" valign=top>m\u0142odzie\u017cy<\/td>\r\n\t\t<TD class=\"kolor1\" valign=top>doskona\u0142a<\/td>\r\n\t\t<TD class=\"kolor1\" valign=top>3<\/td>\r\n\t\t<TD class=\"kolor1\" valign=top>br\u0105zowy<\/td>\r\n\t\t<TD class=\"kolor1\" valign=top><a href=\"http:\/\/szczescietymoje.pl\/main\/obrazki\/wystawy\/w557_150311180835.jpg\"><img src=\"\/main\/obrazki\/wystawy\/w557_150311180835.m.jpg\" border=\"0\"><\/a><\/td><\/tr><TR>\r\n\t\t<TD class=\"kolor2\" valign=top>17.01.2015<BR>Brodnica<\/td>\r\n\t\t<TD class=\"kolor2\" valign=top>Karnawa\u0142owa Krajowa Wystawa Ps\u00f3w Rasowych<\/td>\r\n\t\t<TD class=\"kolor2\" valign=top>Piotr Kr\u00f3l<\/td>\r\n\t\t<TD class=\"kolor2\" valign=top>m\u0142odzie\u017cy<\/td>\r\n\t\t<TD class=\"kolor2\" valign=top>doskona\u0142a<\/td>\r\n\t\t<TD class=\"kolor2\" valign=top>4<\/td>\r\n\t\t<TD class=\"kolor2\" valign=top><\/td>\r\n\t\t<TD class=\"kolor2\" valign=top><a href=\"http:\/\/szczescietymoje.pl\/main\/obrazki\/wystawy\/w557_150311180953.jpg\"><img src=\"\/main\/obrazki\/wystawy\/w557_150311180953.m.jpg\" border=\"0\"><\/a><\/td><\/tr><TR>\r\n\t\t<TD class=\"kolor1\" valign=top>14.02.2015<BR>Bydgoszcz<\/td>\r\n\t\t<TD class=\"kolor1\" valign=top>Walentynkowa Krajowa Wystawa Ps\u00f3w Rasowych<\/td>\r\n\t\t<TD class=\"kolor1\" valign=top>Anna Rogowska<\/td>\r\n\t\t<TD class=\"kolor1\" valign=top>m\u0142odzie\u017cy<\/td>\r\n\t\t<TD class=\"kolor1\" valign=top>doskona\u0142a<\/td>\r\n\t\t<TD class=\"kolor1\" valign=top>2<\/td>\r\n\t\t<TD class=\"kolor1\" valign=top>srebrny<\/td>\r\n\t\t<TD class=\"kolor1\" valign=top><a href=\"http:\/\/szczescietymoje.pl\/main\/obrazki\/wystawy\/w557_150311181044.jpg\"><img src=\"\/main\/obrazki\/wystawy\/w557_150311181044.m.jpg\" border=\"0\"><\/a><\/td><\/tr><TR>\r\n\t\t<TD class=\"kolor2\" valign=top>18.04.2015<BR>Grudzi\u0105dz<\/td>\r\n\t\t<TD class=\"kolor2\" valign=top>XXXIX Krajowa Wystawa Ps\u00f3w Rasowych <\/td>\r\n\t\t<TD class=\"kolor2\" valign=top>Maciej Kozber<\/td>\r\n\t\t<TD class=\"kolor2\" valign=top>m\u0142odzie\u017cy<\/td>\r\n\t\t<TD class=\"kolor2\" valign=top>doskona\u0142a<\/td>\r\n\t\t<TD class=\"kolor2\" valign=top><\/td>\r\n\t\t<TD class=\"kolor2\" valign=top><\/td>\r\n\t\t<TD class=\"kolor2\" valign=top><a href=\"http:\/\/szczescietymoje.pl\/main\/obrazki\/wystawy\/w557_160117173314.jpg\"><img src=\"\/main\/obrazki\/wystawy\/w557_160117173314.m.jpg\" border=\"0\"><\/a><\/td><\/tr><TR>\r\n\t\t<TD class=\"kolor1\" valign=top>19.04.2015<BR>Inowroc\u0142aw<\/td>\r\n\t\t<TD class=\"kolor1\" valign=top>XXX Krajowa Wystawa Ps\u00f3w Rasowych<\/td>\r\n\t\t<TD class=\"kolor1\" valign=top>Lidia Pastuszak<\/td>\r\n\t\t<TD class=\"kolor1\" valign=top>m\u0142odzie\u017cy<\/td>\r\n\t\t<TD class=\"kolor1\" valign=top>doskona\u0142a<\/td>\r\n\t\t<TD class=\"kolor1\" valign=top>3<\/td>\r\n\t\t<TD class=\"kolor1\" valign=top>br\u0105zowy<\/td>\r\n\t\t<TD class=\"kolor1\" valign=top><a href=\"http:\/\/szczescietymoje.pl\/main\/obrazki\/wystawy\/w557_160117173337.jpg\"><img src=\"\/main\/obrazki\/wystawy\/w557_160117173337.m.jpg\" border=\"0\"><\/a><\/td><\/tr><TR>\r\n\t\t<TD class=\"kolor2\" valign=top>02.05.2015<BR>\u0141\u00f3d\u017a<\/td>\r\n\t\t<TD class=\"kolor2\" valign=top>XXIII Mi\u0119dzynarodowa Wystawa Ps\u00f3w Rasowych<\/td>\r\n\t\t<TD class=\"kolor2\" valign=top>Andrzej Kot<\/td>\r\n\t\t<TD class=\"kolor2\" valign=top>m\u0142odzie\u017cy<\/td>\r\n\t\t<TD class=\"kolor2\" valign=top>doskona\u0142a<\/td>\r\n\t\t<TD class=\"kolor2\" valign=top>3<\/td>\r\n\t\t<TD class=\"kolor2\" valign=top>br\u0105zowy<\/td>\r\n\t\t<TD class=\"kolor2\" valign=top><a href=\"http:\/\/szczescietymoje.pl\/main\/obrazki\/wystawy\/w557_160201172928.jpg\"><img src=\"\/main\/obrazki\/wystawy\/w557_160201172928.m.jpg\" border=\"0\"><\/a><\/td><\/tr><TR>\r\n\t\t<TD class=\"kolor1\" valign=top>07.11.2015<BR>Pozna\u0144<\/td>\r\n\t\t<TD class=\"kolor1\" valign=top>Mi\u0119dzynarodowa Wystawa Ps\u00f3w Rasowych (CACIB)<\/td>\r\n\t\t<TD class=\"kolor1\" valign=top>Ma\u0142gorzata Supronowicz<\/td>\r\n\t\t<TD class=\"kolor1\" valign=top>po\u015brednia<\/td>\r\n\t\t<TD class=\"kolor1\" valign=top>doskona\u0142a<\/td>\r\n\t\t<TD class=\"kolor1\" valign=top><\/td>\r\n\t\t<TD class=\"kolor1\" valign=top><\/td>\r\n\t\t<TD class=\"kolor1\" valign=top><a href=\"http:\/\/szczescietymoje.pl\/main\/obrazki\/wystawy\/w557_160117173357.jpg\"><img src=\"\/main\/obrazki\/wystawy\/w557_160117173357.m.jpg\" border=\"0\"><\/a><\/td><\/tr><TR>\r\n\t\t<TD class=\"kolor2\" valign=top>08.11.2015<BR>Pozna\u0144<\/td>\r\n\t\t<TD class=\"kolor2\" valign=top>Mi\u0119dzynarodowa Wystawa Ps\u00f3w Rasowych (CACIB)<\/td>\r\n\t\t<TD class=\"kolor2\" valign=top>Joanna Szczepa\u0144ska - Korpetta<\/td>\r\n\t\t<TD class=\"kolor2\" valign=top>po\u015brednia<\/td>\r\n\t\t<TD class=\"kolor2\" valign=top>doskona\u0142a<\/td>\r\n\t\t<TD class=\"kolor2\" valign=top><\/td>\r\n\t\t<TD class=\"kolor2\" valign=top><\/td>\r\n\t\t<TD class=\"kolor2\" valign=top><\/td><\/tr><\/table><br><br \/>\nSezon 2014<br \/>\n<table class=\"responsive-table\" cellpadding=5 cellspacing=\"1\">\r\n\t<TR >\r\n\t<Th class=\"kolor2\"><B>Data i miejsce<\/b><\/Th>\r\n\t<Th class=\"kolor2\"><B>Nazwa wystawy<\/b><\/Th>\r\n\t<Th class=\"kolor2\"><B>S\u0119dzia<\/b><\/Th>\r\n\t<Th class=\"kolor2\"><B>Klasa<\/b><\/Th>\r\n\t<Th class=\"kolor2\"><B>Ocena<\/b><\/Th>\r\n\t<Th class=\"kolor2\"><B>Lokata<\/b><\/Th>\r\n\t<Th class=\"kolor2\"><B>Medale i tytu\u0142y<\/b><\/Th>\r\n\t<Th class=\"kolor2\"><B>Zdj\u0119cie<\/b><\/Th>\r\n\r\n\t<\/tr><TR>\r\n\t\t<TD class=\"kolor1\" valign=top>22.11.2014<BR>Bydgoszcz<\/td>\r\n\t\t<TD class=\"kolor1\" valign=top>52 Kujawsko Pomorska Wystawa Ps\u00f3w Rasowych<\/td>\r\n\t\t<TD class=\"kolor1\" valign=top>Ma\u0142gorzata Ha\u0142as<\/td>\r\n\t\t<TD class=\"kolor1\" valign=top>szczeni\u0105t<\/td>\r\n\t\t<TD class=\"kolor1\" valign=top>wybitnie obiecuj\u0105ca<\/td>\r\n\t\t<TD class=\"kolor1\" valign=top>2<\/td>\r\n\t\t<TD class=\"kolor1\" valign=top><\/td>\r\n\t\t<TD class=\"kolor1\" valign=top><a href=\"http:\/\/szczescietymoje.pl\/main\/obrazki\/wystawy\/w545_141123121403.jpg\"><img src=\"\/main\/obrazki\/wystawy\/w545_141123121403.m.jpg\" border=\"0\"><\/a><\/td><\/tr><\/table><br><\/strong><span style=\"background-color:rgb(245, 254, 233); color:rgb(109, 113, 104); font-family:geneva,arial,helvetica,sans-serif; font-size:12px\">&nbsp;<\/span><\/p>\n","protected":false},"excerpt":{"rendered":"<p>548<\/p>\n","protected":false},"author":1,"featured_media":0,"parent":301,"menu_order":212,"comment_status":"closed","ping_status":"closed","template":"","meta":{"ngg_post_thumbnail":0},"_links":{"self":[{"href":"http:\/\/szczescietymoje.pl\/main\/wp-json\/wp\/v2\/pages\/315"}],"collection":[{"href":"http:\/\/szczescietymoje.pl\/main\/wp-json\/wp\/v2\/pages"}],"about":[{"href":"http:\/\/szczescietymoje.pl\/main\/wp-json\/wp\/v2\/types\/page"}],"author":[{"embeddable":true,"href":"http:\/\/szczescietymoje.pl\/main\/wp-json\/wp\/v2\/users\/1"}],"replies":[{"embeddable":true,"href":"http:\/\/szczescietymoje.pl\/main\/wp-json\/wp\/v2\/comments?post=315"}],"version-history":[{"count":0,"href":"http:\/\/szczescietymoje.pl\/main\/wp-json\/wp\/v2\/pages\/315\/revisions"}],"up":[{"embeddable":true,"href":"http:\/\/szczescietymoje.pl\/main\/wp-json\/wp\/v2\/pages\/301"}],"wp:attachment":[{"href":"http:\/\/szczescietymoje.pl\/main\/wp-json\/wp\/v2\/media?parent=315"}],"curies":[{"name":"wp","href":"https:\/\/api.w.org\/{rel}","templated":true}]}}