{"id":301,"date":"2014-06-04T00:00:00","date_gmt":"2014-06-03T22:00:00","guid":{"rendered":"http:\/\/szczescie.az-serwer1829889.online.pro\/for-me\/"},"modified":"2019-02-07T22:51:04","modified_gmt":"2019-02-07T21:51:04","slug":"for-me","status":"publish","type":"page","link":"http:\/\/szczescietymoje.pl\/main\/teczowy-most\/for-me\/","title":{"rendered":"FOR ME Szcz\u0119\u015bcie Ty Moje"},"content":{"rendered":"<p><span style=\"font-family: arial,helvetica,sans-serif;\"><strong><img style=\"float: left; height: 278px; width: 400px;\" src=\"\/main\/obrazki\/strona\/dsc_0923_1.jpg\" alt=\"\">FOR ME Szcz\u0119\u015bcie Ty Moje<\/strong><\/span><\/p>\n<p>1xNDSwR<br \/>\n2x CWC<\/p>\n<p>&nbsp;<\/p>\n<p>&nbsp;<\/p>\n<p>&nbsp;<\/p>\n<p>&nbsp;<\/p>\n<p>&nbsp;<\/p>\n<p><span style=\"font-family: georgia,serif;\"><u>urodzona<\/u>: 07.04.2014<br \/>\nzmar\u0142a: 15.01.2018<br \/>\n<u>Przyczna \u015bmierci<\/u>: skr\u0119t \u017co\u0142adka<br \/>\n<u>wzrost<\/u>: 62 cm<br \/>\n<u>waga<\/u>: 40 kg<br \/>\n<u>HD<\/u>: &nbsp;A<br \/>\n<u>ED<\/u>:&nbsp;0\/0<br \/>\n<u>OCD<\/u>:&nbsp;0\/0<br \/>\n<u>DM<\/u>: N\/DM<br \/>\n<u>testy psychiczne<\/u>:&nbsp;5\/5<\/span><\/p>\n","protected":false},"excerpt":{"rendered":"<p>454<\/p>\n","protected":false},"author":1,"featured_media":0,"parent":406,"menu_order":122,"comment_status":"closed","ping_status":"closed","template":"","meta":{"ngg_post_thumbnail":0},"_links":{"self":[{"href":"http:\/\/szczescietymoje.pl\/main\/wp-json\/wp\/v2\/pages\/301"}],"collection":[{"href":"http:\/\/szczescietymoje.pl\/main\/wp-json\/wp\/v2\/pages"}],"about":[{"href":"http:\/\/szczescietymoje.pl\/main\/wp-json\/wp\/v2\/types\/page"}],"author":[{"embeddable":true,"href":"http:\/\/szczescietymoje.pl\/main\/wp-json\/wp\/v2\/users\/1"}],"replies":[{"embeddable":true,"href":"http:\/\/szczescietymoje.pl\/main\/wp-json\/wp\/v2\/comments?post=301"}],"version-history":[{"count":2,"href":"http:\/\/szczescietymoje.pl\/main\/wp-json\/wp\/v2\/pages\/301\/revisions"}],"predecessor-version":[{"id":8303,"href":"http:\/\/szczescietymoje.pl\/main\/wp-json\/wp\/v2\/pages\/301\/revisions\/8303"}],"up":[{"embeddable":true,"href":"http:\/\/szczescietymoje.pl\/main\/wp-json\/wp\/v2\/pages\/406"}],"wp:attachment":[{"href":"http:\/\/szczescietymoje.pl\/main\/wp-json\/wp\/v2\/media?parent=301"}],"curies":[{"name":"wp","href":"https:\/\/api.w.org\/{rel}","templated":true}]}}