{"id":25,"date":"2009-10-29T00:00:00","date_gmt":"2009-10-28T23:00:00","guid":{"rendered":"http:\/\/szczescie.az-serwer1829889.online.pro\/o-hodowli\/"},"modified":"2018-06-25T19:28:07","modified_gmt":"2018-06-25T17:28:07","slug":"o-hodowli","status":"publish","type":"page","link":"http:\/\/szczescietymoje.pl\/main\/o-hodowli\/","title":{"rendered":"O Hodowli"},"content":{"rendered":"<div style=\"text-align: justify;\">\n<p>&nbsp;Witam Serdecznie w hodowli \u201eSzcz\u0119\u015bcie Ty Moje\u201d.<\/p>\n<p>&nbsp;&nbsp;&nbsp;&nbsp;&nbsp;&nbsp;&nbsp;&nbsp;&nbsp;&nbsp; Berne\u0144ski pies pasterski to rasa w kt\u00f3rej zakocha\u0142am si\u0119 wiele lat temu, ale dopiero w 2003 roku warunki domowe pozwoli\u0142y mi na zakup psa, a raczej suczki o imieniu:<br \/>\n<strong>Beta z Przemo\u017cnej Ch\u0119tki<\/strong>.<\/p>\n<p>&nbsp;&nbsp;&nbsp;&nbsp;&nbsp;&nbsp;&nbsp;&nbsp;&nbsp;&nbsp; Natomiast w 2004 roku spe\u0142ni\u0142o si\u0119 moje marzenie &#8211; w\u0142asna hodowla Berne\u0144skich Ps\u00f3w Pasterskich. Przydomek hodowlany zosta\u0142 zarejestrowany przez Zarz\u0105d G\u0142\u00f3wny Zwi\u0105zku Kynologicznego w Polsce 1 grudnia 2004 roku pod numerem 4402\/S. W Mi\u0119dzynarodowej Federacji Kynologicznej (FCI) hodowla jest zarejestrowana pod numerem 1422\/06.<\/p>\n<p>&nbsp;&nbsp;&nbsp;&nbsp;&nbsp;&nbsp;&nbsp;&nbsp;&nbsp;&nbsp; W grudniu tego samego roku przyby\u0142 do mojej hodowli, a\u017c z Belgii, piesek: <strong>Dracoh van\u2019t Pachthof<\/strong>. Nast\u0119pny krok to sprowadzenie do hodowli, w 2006 roku, suczki z Francji \u2013 <strong>Basmy des Hautes Vernades<\/strong>. W roku 2009 nast\u0105pi\u0142y zmiany w naszej hodowli. W lipcu zamieszka\u0142y z nami dwie S\u0142owenki: <strong>Ginnger Rose from Orsina&#8217;s Land<\/strong> i <strong>Hocus Pocus from Orsina&#8217;s Land<\/strong>. I tak rozrasta\u0142o si\u0119 moje mi\u0119dzynarodowe towarzystwo. A\u017c do pewnego momentu&#8230;&nbsp;w sierpniu 2009 roku niespodziewana i ci\u0119\u017cka choroba bardzo szybko zabra\u0142a nam naszego Dracusia.&nbsp;D\u0142ugo nie mogli\u015bmy pogodzi\u0107 si\u0119 z t\u0105 strat\u0105&#8230; I tak, troch\u0119 niespodziewanie, w drugiej po\u0142owie&nbsp;stycznia 2010 roku zamieszka\u0142 u nas <strong>Kennedy Berne\u0144skie Ranczo. <\/strong><\/p>\n<p>&nbsp;&nbsp;&nbsp;&nbsp;&nbsp;&nbsp;&nbsp;&nbsp;&nbsp;&nbsp;&nbsp;&nbsp; Wiem, \u017ce w\u0142a\u015bciciele szczeni\u0105t z mojej hodowli s\u0105 r\u00f3wnie zakochani w tej rasie tak jak ja. \u017bycz\u0105c tego samego wszystkim Internautom i przysz\u0142ym posiadaczom berne\u0144czyk\u00f3w zapraszam do zagl\u0105dania w ka\u017cdy, nawet najmniejszy, k\u0105cik mojej strony. Zapewniam, \u017ce b\u0119dzie ona ozdabiana zdj\u0119ciami piesk\u00f3w i aktualizowana tak cz\u0119sto jak b\u0119dzie to mo\u017cliwe.<\/p>\n<p>&nbsp;<\/p>\n<div style=\"text-align: right;\">\n<p>Pozdrawiam<\/p>\n<p>Wanda Czaplewska<\/p>\n<\/div>\n<\/div>\n","protected":false},"excerpt":{"rendered":"<p>0<\/p>\n","protected":false},"author":1,"featured_media":6952,"parent":0,"menu_order":96,"comment_status":"closed","ping_status":"closed","template":"","meta":{"ngg_post_thumbnail":0},"_links":{"self":[{"href":"http:\/\/szczescietymoje.pl\/main\/wp-json\/wp\/v2\/pages\/25"}],"collection":[{"href":"http:\/\/szczescietymoje.pl\/main\/wp-json\/wp\/v2\/pages"}],"about":[{"href":"http:\/\/szczescietymoje.pl\/main\/wp-json\/wp\/v2\/types\/page"}],"author":[{"embeddable":true,"href":"http:\/\/szczescietymoje.pl\/main\/wp-json\/wp\/v2\/users\/1"}],"replies":[{"embeddable":true,"href":"http:\/\/szczescietymoje.pl\/main\/wp-json\/wp\/v2\/comments?post=25"}],"version-history":[{"count":3,"href":"http:\/\/szczescietymoje.pl\/main\/wp-json\/wp\/v2\/pages\/25\/revisions"}],"predecessor-version":[{"id":7134,"href":"http:\/\/szczescietymoje.pl\/main\/wp-json\/wp\/v2\/pages\/25\/revisions\/7134"}],"wp:featuredmedia":[{"embeddable":true,"href":"http:\/\/szczescietymoje.pl\/main\/wp-json\/wp\/v2\/media\/6952"}],"wp:attachment":[{"href":"http:\/\/szczescietymoje.pl\/main\/wp-json\/wp\/v2\/media?parent=25"}],"curies":[{"name":"wp","href":"https:\/\/api.w.org\/{rel}","templated":true}]}}