{"id":241,"date":"2010-01-23T00:00:00","date_gmt":"2010-01-22T23:00:00","guid":{"rendered":"http:\/\/szczescie.az-serwer1829889.online.pro\/kennedy-2\/"},"modified":"2020-10-25T09:23:24","modified_gmt":"2020-10-25T08:23:24","slug":"kennedy-2","status":"publish","type":"page","link":"http:\/\/szczescietymoje.pl\/main\/teczowy-most\/kennedy-2\/","title":{"rendered":"KENNEDY Berne\u0144skie Ranczo"},"content":{"rendered":"<p><strong>Ch.Pl., M\u0142.Ch.Pl. Ch.Wet.Pl., M\u0142. Zw. Klubu 2010, M\u0142. Zw. Polski 2010<br \/>\nKENNEDY Berne\u0144skie Ranczo<\/strong><\/p>\n<p><img style=\"float: left; height: 256px; width: 364px;\" title=\"\" src=\"http:\/\/szczescietymoje.pl\/main\/obrazki\/strona\/denzel_strona2a.jpg\" alt=\"\"><\/p>\n<p>&nbsp; &nbsp; &nbsp;1x BIS Veteran &#8211; 2 miejsce,<br \/>\n&nbsp; &nbsp;&nbsp;&nbsp;1x BIS Veteran &#8211; 3 miejsce,<br \/>\n&nbsp; &nbsp; &nbsp;1x BIS Veteran &#8211; 4 miejsce,<br \/>\n&nbsp; &nbsp; &nbsp;1x BIS Junior &#8211; 3 miejsce,<br \/>\n&nbsp; &nbsp; &nbsp;3xBOB,<br \/>\n&nbsp; &nbsp; &nbsp;1xBofOS,<br \/>\n&nbsp; &nbsp; &nbsp;6xBOS,<br \/>\n&nbsp; &nbsp; &nbsp;7xCWC,<br \/>\n&nbsp; &nbsp; &nbsp;5xBJinB,<br \/>\n&nbsp; &nbsp; &nbsp;7xYouth Winner<\/p>\n<p><u><br \/>\nurodzony<\/u>:05.06.2009r.<br \/>\n<span style=\"text-decoration: underline;\">zmar\u0142<\/span>: 27.09.2019r.<br \/>\n<u>wzrost<\/u>: 66 cm<br \/>\n<u>waga<\/u>:&nbsp;50 kg<br \/>\n<u>HD<\/u>: A<br \/>\n<u>ED<\/u>: 0\/0<br \/>\n<u>OCD<\/u>: 0\/0<br \/>\n<u>testy psychiczne<\/u>: zaliczone 5\/5<br \/>\n<span style=\"text-decoration: underline;\">Przyczyna \u015bmierci:<\/span> niewydolno\u015b\u0107 kr\u0105\u017ceniowo- oddechowa<\/p>\n","protected":false},"excerpt":{"rendered":"<p>14<\/p>\n","protected":false},"author":1,"featured_media":0,"parent":406,"menu_order":0,"comment_status":"closed","ping_status":"closed","template":"","meta":{"ngg_post_thumbnail":0},"_links":{"self":[{"href":"http:\/\/szczescietymoje.pl\/main\/wp-json\/wp\/v2\/pages\/241"}],"collection":[{"href":"http:\/\/szczescietymoje.pl\/main\/wp-json\/wp\/v2\/pages"}],"about":[{"href":"http:\/\/szczescietymoje.pl\/main\/wp-json\/wp\/v2\/types\/page"}],"author":[{"embeddable":true,"href":"http:\/\/szczescietymoje.pl\/main\/wp-json\/wp\/v2\/users\/1"}],"replies":[{"embeddable":true,"href":"http:\/\/szczescietymoje.pl\/main\/wp-json\/wp\/v2\/comments?post=241"}],"version-history":[{"count":8,"href":"http:\/\/szczescietymoje.pl\/main\/wp-json\/wp\/v2\/pages\/241\/revisions"}],"predecessor-version":[{"id":9264,"href":"http:\/\/szczescietymoje.pl\/main\/wp-json\/wp\/v2\/pages\/241\/revisions\/9264"}],"up":[{"embeddable":true,"href":"http:\/\/szczescietymoje.pl\/main\/wp-json\/wp\/v2\/pages\/406"}],"wp:attachment":[{"href":"http:\/\/szczescietymoje.pl\/main\/wp-json\/wp\/v2\/media?parent=241"}],"curies":[{"name":"wp","href":"https:\/\/api.w.org\/{rel}","templated":true}]}}