{"id":21,"date":"2009-10-29T00:00:00","date_gmt":"2009-10-28T23:00:00","guid":{"rendered":"http:\/\/szczescie.az-serwer1829889.online.pro\/beta\/"},"modified":"2019-02-07T22:49:38","modified_gmt":"2019-02-07T21:49:38","slug":"beta","status":"publish","type":"page","link":"http:\/\/szczescietymoje.pl\/main\/teczowy-most\/beta\/","title":{"rendered":"BETA z Przemo\u017cnej Ch\u0119tki"},"content":{"rendered":"<p><span style=\"font-size: medium;\">&nbsp;<\/span><\/p>\n<div style=\"text-align: center;\">\n<p><span style=\"font-size: medium;\"><img loading=\"lazy\" class=\"linia4\" style=\"width: 318px; height: 262px;\" title=\"\" src=\"http:\/\/szczescietymoje.pl\/main\/obrazki\/strona\/beta_7lat[1].jpg\" alt=\"\" width=\"237\" height=\"265\" align=\"left\" border=\"0\" hspace=\"5\" vspace=\"5\">&nbsp;<\/span><span style=\"font-size: medium;\"><span style=\"font-weight: bold;\">BETA z Przemo\u017cnej Ch\u0119tki<\/span><\/span><\/p>\n<p><span style=\"font-size: small;\">1xBIS Weteran,<br \/>\n1x Najlepszy Weteran w Rasie, 1xCWC<\/span><\/p>\n<\/div>\n<div style=\"text-align: left; margin-left: 80px;\"><span style=\"font-style: italic; text-decoration: underline;\">&nbsp;urodzona<\/span>: 22.03.2003<\/div>\n<div style=\"text-align: left; margin-left: 80px;\">&nbsp;<u>zmar\u0142a<\/u>: 22.05.2012<br \/>\n&nbsp;<span style=\"font-style: italic; text-decoration: underline;\">wzrost<\/span>: 63cm<br \/>\n&nbsp;<span style=\"font-style: italic; text-decoration: underline;\">waga<\/span>: 42kg<br \/>\n&nbsp;<span style=\"font-style: italic; text-decoration: underline;\">HD<\/span>: A<br \/>\n&nbsp;<span style=\"font-style: italic; text-decoration: underline;\">ED<\/span>: 0\/0<br \/>\n&nbsp;wolna od chor\u00f3b serca<br \/>\n&nbsp;&#8211; <a href=\"obrazki\/strona\/serce_beta.jpg\" target=\"_blank\" rel=\"noopener\"><u>certyfikat<\/u><\/a><br \/>\n&nbsp;<span style=\"font-style: italic; text-decoration: underline;\">testy psychiczne<\/span>: 5\/5<br \/>\n&nbsp;<span style=\"font-style: italic; text-decoration: underline;\">egzaminy treserskie<\/span>: PT-1<\/div>\n<div style=\"text-align: left; margin-left: 80px;\">&nbsp;<\/div>\n<div style=\"text-align: left; margin-left: 80px;\">&nbsp;<\/div>\n<div style=\"text-align: left; margin-left: 80px;\">\n<p><span style=\"font-weight: bold;\"><span style=\"font-style: italic; text-decoration: underline;\">Przyczyna \u015bmierci<\/span>: ch\u0142oniak<\/span><\/p>\n<p>W opinii s\u0119dzi\u00f3w:<\/p>\n<\/div>\n<div style=\"text-align: left; margin-left: 80px;\">Dobrze wyro\u015bni\u0119ta suka, o \u0142adnej g\u0142owie, szerokiej klatce piersiowej, szlachetna, \u0142adnie pokazuj\u0105ca si\u0119.<\/div>\n<p>&nbsp;<\/p>\n<div style=\"text-align: right; margin-left: 80px;\">\n<p><span style=\"font-style: italic;\">Tomasz Borkowski, Polska<\/span><\/p>\n<div style=\"text-align: left;\">\n<p>Dobre proporcje, dobra kufa, dobrze rozwini\u0119ty korpus<span style=\"font-style: italic;\">.<\/span><\/p>\n<div style=\"text-align: right;\"><span style=\"font-style: italic;\">Maciej Kozber, Polska<\/span><\/div>\n<p>Proporcjonalna, \u015bredniej wielko\u015bci, \u015brednio mocny ko\u015bciec.<\/p>\n<div style=\"text-align: right;\"><span style=\"font-style: italic;\">Anna Nalazek, Polska<\/span><\/div>\n<\/div>\n<\/div>\n","protected":false},"excerpt":{"rendered":"<p>454<\/p>\n","protected":false},"author":1,"featured_media":0,"parent":406,"menu_order":82,"comment_status":"closed","ping_status":"closed","template":"","meta":{"ngg_post_thumbnail":0},"_links":{"self":[{"href":"http:\/\/szczescietymoje.pl\/main\/wp-json\/wp\/v2\/pages\/21"}],"collection":[{"href":"http:\/\/szczescietymoje.pl\/main\/wp-json\/wp\/v2\/pages"}],"about":[{"href":"http:\/\/szczescietymoje.pl\/main\/wp-json\/wp\/v2\/types\/page"}],"author":[{"embeddable":true,"href":"http:\/\/szczescietymoje.pl\/main\/wp-json\/wp\/v2\/users\/1"}],"replies":[{"embeddable":true,"href":"http:\/\/szczescietymoje.pl\/main\/wp-json\/wp\/v2\/comments?post=21"}],"version-history":[{"count":5,"href":"http:\/\/szczescietymoje.pl\/main\/wp-json\/wp\/v2\/pages\/21\/revisions"}],"predecessor-version":[{"id":8299,"href":"http:\/\/szczescietymoje.pl\/main\/wp-json\/wp\/v2\/pages\/21\/revisions\/8299"}],"up":[{"embeddable":true,"href":"http:\/\/szczescietymoje.pl\/main\/wp-json\/wp\/v2\/pages\/406"}],"wp:attachment":[{"href":"http:\/\/szczescietymoje.pl\/main\/wp-json\/wp\/v2\/media?parent=21"}],"curies":[{"name":"wp","href":"https:\/\/api.w.org\/{rel}","templated":true}]}}