{"id":20,"date":"2009-10-29T00:00:00","date_gmt":"2009-10-28T23:00:00","guid":{"rendered":"http:\/\/szczescie.az-serwer1829889.online.pro\/dracoh\/"},"modified":"2020-01-05T16:09:24","modified_gmt":"2020-01-05T15:09:24","slug":"dracoh","status":"publish","type":"page","link":"http:\/\/szczescietymoje.pl\/main\/teczowy-most\/dracoh\/","title":{"rendered":"DRACOH van&#8217;t Pachthof"},"content":{"rendered":"<p><img loading=\"lazy\" class=\"linia4\" style=\"width: 356px; height: 260px;\" title=\"\" src=\"\/main\/obrazki\/strona\/dracus3.jpg\" alt=\"\" width=\"341\" height=\"305\" align=\"left\" border=\"0\" hspace=\"5\" vspace=\"5\"><\/p>\n<p align=\"center\"><span style=\"font-size: medium;\"><strong>Ch. Pl.<\/strong><\/span><span style=\"font-size: medium;\"><span style=\"font-weight: bold;\">&nbsp;<br \/>\nDRACOH <\/span><strong>van&#8217;t Pachthof<\/strong><\/span><\/p>\n<div style=\"text-align: left;\" align=\"center\">1x BIS, 2x Zw. Rasy, 1xResCACIB,<br \/>\n5x NDPwR, 14xCWC,2xZw.M\u0142, 1xNJwR, 2xNSzwR<\/div>\n<div style=\"text-align: left;\">&nbsp;<\/div>\n<div style=\"text-align: left;\"><span style=\"font-style: italic;\"><span style=\"text-decoration: underline;\">urodzony<\/span>:<\/span> 13.10.2004<br \/>\n<span style=\"font-style: italic;\"><span style=\"text-decoration: underline;\">zmar\u0142<\/span>:<\/span> 17.08.2009<br \/>\n<span style=\"font-style: italic;\"><span style=\"text-decoration: underline;\">wzrost<\/span>: <\/span>64 cm,<br \/>\n<span style=\"font-style: italic;\"><span style=\"text-decoration: underline;\">waga<\/span>:<\/span> 44 kg<br \/>\n<span style=\"font-style: italic;\"><span style=\"text-decoration: underline;\">HD<\/span>:<\/span> A, ED: 0\/0<br \/>\n<span style=\"font-style: italic;\"><span style=\"text-decoration: underline;\">testy psychiczne<\/span>:<\/span> 5\/5<br \/>\n<span style=\"font-style: italic;\"><span style=\"text-decoration: underline;\">egzaminy treserskie<\/span>:<\/span> PT-1<br \/>\n<span style=\"font-style: italic; text-decoration: underline;\">Przyczyna \u015bmierci<\/span>:&nbsp;ostra niewydolno\u015b\u0107 nerek, spowodowana ch\u0142oniakiem.<\/div>\n<div style=\"text-align: left;\"><span style=\"font-weight: bold;\"><br \/>\nW opinii s\u0119dzi\u00f3w:<br \/>\n<\/span><\/div>\n<p><span style=\"text-align: justify;\">Pi\u0119kna g\u0142owa, pi\u0119kne oczy, ko\u015bciec pasuje do wielko\u015bci, pi\u0119kna linia g\u00f3rna i dolna, bardzo dobra klatka piersiowa, pi\u0119kny w ruchu, pi\u0119kna szata, przyjacielski pies<\/span><span style=\"font-weight: bold;\">.<\/span><\/p>\n<div style=\"text-align: justify;\">\n<div style=\"text-align: right; font-style: italic;\">Juh\u00e1sz Istv\u00e1nn\u00e9, W\u0119gry<\/div>\n<div style=\"text-align: left;\">\n<div style=\"text-align: justify;\">\u015aredni pies, bardzo dobra g\u00f3rna i dolna linia, bardzo dobre k\u0105towanie, dobrze wykolorowany.<\/div>\n<div style=\"text-align: right; font-style: italic;\">Ewa Buk\u0142ad, Polska<\/div>\n<div style=\"text-align: justify;\">\n<p>\u015aredni pies, \u0142adny wyraz, poprawny zgryz, doskona\u0142a klatka piersiowa i masa cia\u0142a, \u015brednio mocny ko\u015bciec, doskona\u0142y w ruchu, \u0142adna szata i kolory.<\/p>\n<div style=\"text-align: right; font-style: italic;\">Satu Yla Manonen, Finlandia<\/div>\n<div style=\"text-align: justify;\">\n<p>W ruchu rytmiczny, bardzo dobra psychika, dobry ko\u015bciec, mocny grzbiet .<\/p>\n<div style=\"text-align: right;\">&nbsp; <span style=\"font-style: italic;\">Joanna Szczepa\u0144ska &#8211; Korpetta, Polska<\/span><\/div>\n<div style=\"text-align: justify;\">\n<p>Prawid\u0142owy zgryz, \u0142adne suche fafle, starannie wystawiony.<\/p>\n<div style=\"text-align: right; font-style: italic;\">Jens Ramsing, Dania<\/div>\n<\/div>\n<\/div>\n<\/div>\n<\/div>\n<p>&nbsp;<\/p>\n<div style=\"text-align: right; font-style: italic;\">\n<div style=\"text-align: left;\">&nbsp;<\/div>\n<\/div>\n<p>&nbsp;<\/p>\n<\/div>\n","protected":false},"excerpt":{"rendered":"<p>454<\/p>\n","protected":false},"author":1,"featured_media":0,"parent":406,"menu_order":0,"comment_status":"closed","ping_status":"closed","template":"","meta":{"ngg_post_thumbnail":0},"_links":{"self":[{"href":"http:\/\/szczescietymoje.pl\/main\/wp-json\/wp\/v2\/pages\/20"}],"collection":[{"href":"http:\/\/szczescietymoje.pl\/main\/wp-json\/wp\/v2\/pages"}],"about":[{"href":"http:\/\/szczescietymoje.pl\/main\/wp-json\/wp\/v2\/types\/page"}],"author":[{"embeddable":true,"href":"http:\/\/szczescietymoje.pl\/main\/wp-json\/wp\/v2\/users\/1"}],"replies":[{"embeddable":true,"href":"http:\/\/szczescietymoje.pl\/main\/wp-json\/wp\/v2\/comments?post=20"}],"version-history":[{"count":4,"href":"http:\/\/szczescietymoje.pl\/main\/wp-json\/wp\/v2\/pages\/20\/revisions"}],"predecessor-version":[{"id":8388,"href":"http:\/\/szczescietymoje.pl\/main\/wp-json\/wp\/v2\/pages\/20\/revisions\/8388"}],"up":[{"embeddable":true,"href":"http:\/\/szczescietymoje.pl\/main\/wp-json\/wp\/v2\/pages\/406"}],"wp:attachment":[{"href":"http:\/\/szczescietymoje.pl\/main\/wp-json\/wp\/v2\/media?parent=20"}],"curies":[{"name":"wp","href":"https:\/\/api.w.org\/{rel}","templated":true}]}}