{"id":14854,"date":"2025-08-23T13:27:25","date_gmt":"2025-08-23T11:27:25","guid":{"rendered":"http:\/\/szczescietymoje.pl\/main\/?page_id=14854"},"modified":"2025-09-28T18:51:23","modified_gmt":"2025-09-28T16:51:23","slug":"xenon-szczescie-ty-moje","status":"publish","type":"page","link":"http:\/\/szczescietymoje.pl\/main\/szczeniaki\/x-2025\/xenon-szczescie-ty-moje\/","title":{"rendered":"XENON Szcz\u0119\u015bcie Ty Moje &#8211; b\u0119dzie mieszka\u0142 w Gdyni"},"content":{"rendered":"\n<p>6 tygodni<\/p>\nngg_shortcode_0_placeholder\n<p>&nbsp;<\/p>\n<p>5 tygodni<\/p>\nngg_shortcode_1_placeholder\n<p>&nbsp;<\/p>\n<p>4 tygodnie<\/p>\nngg_shortcode_2_placeholder\n<p>&nbsp;<\/p>\n<p>3 tygodnie<\/p>\nngg_shortcode_3_placeholder\n<p>2 tygodnie<\/p>\nngg_shortcode_4_placeholder\n<p>&nbsp;<\/p>\n<p>1 tydzie\u0144<\/p>\nngg_shortcode_5_placeholder\n","protected":false},"excerpt":{"rendered":"<p>6 tygodni &nbsp; 5 tygodni &nbsp; 4 tygodnie &nbsp; 3 tygodnie 2 tygodnie &nbsp; 1 tydzie\u0144<\/p>\n","protected":false},"author":2,"featured_media":15094,"parent":14794,"menu_order":37,"comment_status":"closed","ping_status":"closed","template":"","meta":{"ngg_post_thumbnail":0},"_links":{"self":[{"href":"http:\/\/szczescietymoje.pl\/main\/wp-json\/wp\/v2\/pages\/14854"}],"collection":[{"href":"http:\/\/szczescietymoje.pl\/main\/wp-json\/wp\/v2\/pages"}],"about":[{"href":"http:\/\/szczescietymoje.pl\/main\/wp-json\/wp\/v2\/types\/page"}],"author":[{"embeddable":true,"href":"http:\/\/szczescietymoje.pl\/main\/wp-json\/wp\/v2\/users\/2"}],"replies":[{"embeddable":true,"href":"http:\/\/szczescietymoje.pl\/main\/wp-json\/wp\/v2\/comments?post=14854"}],"version-history":[{"count":8,"href":"http:\/\/szczescietymoje.pl\/main\/wp-json\/wp\/v2\/pages\/14854\/revisions"}],"predecessor-version":[{"id":15519,"href":"http:\/\/szczescietymoje.pl\/main\/wp-json\/wp\/v2\/pages\/14854\/revisions\/15519"}],"up":[{"embeddable":true,"href":"http:\/\/szczescietymoje.pl\/main\/wp-json\/wp\/v2\/pages\/14794"}],"wp:featuredmedia":[{"embeddable":true,"href":"http:\/\/szczescietymoje.pl\/main\/wp-json\/wp\/v2\/media\/15094"}],"wp:attachment":[{"href":"http:\/\/szczescietymoje.pl\/main\/wp-json\/wp\/v2\/media?parent=14854"}],"curies":[{"name":"wp","href":"https:\/\/api.w.org\/{rel}","templated":true}]}}