{"id":14652,"date":"2025-02-15T11:54:36","date_gmt":"2025-02-15T10:54:36","guid":{"rendered":"http:\/\/szczescietymoje.pl\/main\/?page_id=14652"},"modified":"2026-02-14T13:36:13","modified_gmt":"2026-02-14T12:36:13","slug":"wystawy","status":"publish","type":"page","link":"http:\/\/szczescietymoje.pl\/main\/lagotto-romagnolo\/uncja\/wystawy\/","title":{"rendered":"Wystawy"},"content":{"rendered":"\n<p style=\"text-align: left;\"><strong>Sezon 2026<br><\/strong><table width=95% cellpadding=5 cellspacing=\"1\">\r\n\t<TR >\r\n\t<TD class=\"kolor2\"><B>Data i miejsce<\/b><\/td>\r\n\t<TD class=\"kolor2\"><B>Nazwa wystawy<\/b><\/td>\r\n\t<TD class=\"kolor2\"><B>S\u0119dzia<\/b><\/td>\r\n\t<TD class=\"kolor2\"><B>Klasa<\/b><\/td>\r\n\t<TD class=\"kolor2\"><B>Ocena<\/b><\/td>\r\n\t<TD class=\"kolor2\"><B>Lokata<\/b><\/td>\r\n\t<TD class=\"kolor2\"><B>Medale i tytu\u0142y<\/b><\/td>\r\n\t<TD class=\"kolor2\"><B>Zdj\u0119cie<\/b><\/td>\r\n\r\n\t<\/tr><TR>\r\n\t\t<TD class=\"kolor1\" valign=top>14.02.2026<BR>Bydgoszcz<\/td>\r\n\t\t<TD class=\"kolor1\" valign=top>VIII Mi\u0119dzynarodowa Wystawa Ps\u00f3w Rasowych<\/td>\r\n\t\t<TD class=\"kolor1\" valign=top>Zofia Konderla<\/td>\r\n\t\t<TD class=\"kolor1\" valign=top>otwarta<\/td>\r\n\t\t<TD class=\"kolor1\" valign=top>doskona\u0142a<\/td>\r\n\t\t<TD class=\"kolor1\" valign=top>1<\/td>\r\n\t\t<TD class=\"kolor1\" valign=top>z\u0142oty, CWC<\/td>\r\n\t\t<TD class=\"kolor1\" valign=top><a href=\"http:\/\/szczescietymoje.pl\/main\/wp-content\/uploads\/2026\/03\/Bydgoszcz3-scaled.jpg\"><img src=\"http:\/\/szczescietymoje.pl\/main\/wp-content\/uploads\/2026\/03\/Bydgoszcz3-scaled.jpg\" border=\"0\"><\/a><\/td><\/tr><TR>\r\n\t\t<TD class=\"kolor2\" valign=top>06.03.2026<BR>Wilno<\/td>\r\n\t\t<TD class=\"kolor2\" valign=top>IDS Wilno<\/td>\r\n\t\t<TD class=\"kolor2\" valign=top>Tomas Masidlauskas<\/td>\r\n\t\t<TD class=\"kolor2\" valign=top>po\u015brednia<\/td>\r\n\t\t<TD class=\"kolor2\" valign=top>doskona\u0142a<\/td>\r\n\t\t<TD class=\"kolor2\" valign=top>1<\/td>\r\n\t\t<TD class=\"kolor2\" valign=top>z\u0142oty, CAC<\/td>\r\n\t\t<TD class=\"kolor2\" valign=top><a href=\"http:\/\/szczescietymoje.pl\/main\/wp-content\/uploads\/2026\/03\/Wilno.jpg\"><img src=\"http:\/\/szczescietymoje.pl\/main\/wp-content\/uploads\/2026\/03\/Wilno.jpg\" border=\"0\"><\/a><\/td><\/tr><TR>\r\n\t\t<TD class=\"kolor1\" valign=top>07.03.2026<BR>Wilno<\/td>\r\n\t\t<TD class=\"kolor1\" valign=top>IDS Wilno<\/td>\r\n\t\t<TD class=\"kolor1\" valign=top>Valentinas Stiklius<\/td>\r\n\t\t<TD class=\"kolor1\" valign=top>po\u015brednia<\/td>\r\n\t\t<TD class=\"kolor1\" valign=top>doskona\u0142a<\/td>\r\n\t\t<TD class=\"kolor1\" valign=top>2<\/td>\r\n\t\t<TD class=\"kolor1\" valign=top>srebrny<\/td>\r\n\t\t<TD class=\"kolor1\" valign=top><a href=\"http:\/\/szczescietymoje.pl\/main\/wp-content\/uploads\/2026\/03\/Wilno.jpg\"><img src=\"http:\/\/szczescietymoje.pl\/main\/wp-content\/uploads\/2026\/03\/Wilno.jpg\" border=\"0\"><\/a><\/td><\/tr><TR>\r\n\t\t<TD class=\"kolor2\" valign=top>08.03.2026<BR>Wilno<\/td>\r\n\t\t<TD class=\"kolor2\" valign=top>IDS Wilno<\/td>\r\n\t\t<TD class=\"kolor2\" valign=top>Janusz Opara<\/td>\r\n\t\t<TD class=\"kolor2\" valign=top>po\u015brednia<\/td>\r\n\t\t<TD class=\"kolor2\" valign=top>doskona\u0142a<\/td>\r\n\t\t<TD class=\"kolor2\" valign=top>2<\/td>\r\n\t\t<TD class=\"kolor2\" valign=top>srebrny<\/td>\r\n\t\t<TD class=\"kolor2\" valign=top><a href=\"http:\/\/szczescietymoje.pl\/main\/wp-content\/uploads\/2026\/03\/Wilno2.jpg\"><img src=\"http:\/\/szczescietymoje.pl\/main\/wp-content\/uploads\/2026\/03\/Wilno2.jpg\" border=\"0\"><\/a><\/td><\/tr><TR>\r\n\t\t<TD class=\"kolor1\" valign=top>21.03.2026<BR>Prilep<\/td>\r\n\t\t<TD class=\"kolor1\" valign=top>Prilep Spring Cup 20206 - CACIB 1<\/td>\r\n\t\t<TD class=\"kolor1\" valign=top>Silvana Krsteska (MNK)<\/td>\r\n\t\t<TD class=\"kolor1\" valign=top>po\u015brednia<\/td>\r\n\t\t<TD class=\"kolor1\" valign=top>doskona\u0142a<\/td>\r\n\t\t<TD class=\"kolor1\" valign=top>1<\/td>\r\n\t\t<TD class=\"kolor1\" valign=top>z\u0142oty, CAC, rCACIb<\/td>\r\n\t\t<TD class=\"kolor1\" valign=top><a href=\"http:\/\/szczescietymoje.pl\/main\/wp-content\/uploads\/2026\/04\/Macedonia1.jpeg\"><img src=\"http:\/\/szczescietymoje.pl\/main\/wp-content\/uploads\/2026\/04\/Macedonia1.jpeg\" border=\"0\"><\/a><\/td><\/tr><TR>\r\n\t\t<TD class=\"kolor2\" valign=top>22.03.2026<BR>Prilep<\/td>\r\n\t\t<TD class=\"kolor2\" valign=top>Prilep Spring Cup 20206 - CAC 2 <\/td>\r\n\t\t<TD class=\"kolor2\" valign=top>Igor Selimovi\u0107 (HR)<\/td>\r\n\t\t<TD class=\"kolor2\" valign=top>po\u015brednia<\/td>\r\n\t\t<TD class=\"kolor2\" valign=top>doskona\u0142a<\/td>\r\n\t\t<TD class=\"kolor2\" valign=top>1<\/td>\r\n\t\t<TD class=\"kolor2\" valign=top>z\u0142oty, CAC<\/td>\r\n\t\t<TD class=\"kolor2\" valign=top><a href=\"http:\/\/szczescietymoje.pl\/main\/wp-content\/uploads\/2026\/03\/Macedonia-Proleb2.jpeg\"><img src=\"http:\/\/szczescietymoje.pl\/main\/wp-content\/uploads\/2026\/03\/Macedonia-Proleb2.jpeg\" border=\"0\"><\/a><\/td><\/tr><TR>\r\n\t\t<TD class=\"kolor1\" valign=top>22.03.2026<BR>Prilep<\/td>\r\n\t\t<TD class=\"kolor1\" valign=top>Prilep Spring Cup 20206 - CACIB 2<\/td>\r\n\t\t<TD class=\"kolor1\" valign=top>Dalibor Trajanowik (MNK)<\/td>\r\n\t\t<TD class=\"kolor1\" valign=top>po\u015brednia<\/td>\r\n\t\t<TD class=\"kolor1\" valign=top>doskona\u0142a<\/td>\r\n\t\t<TD class=\"kolor1\" valign=top>1<\/td>\r\n\t\t<TD class=\"kolor1\" valign=top>z\u0142oty, CAC, CACIB, BOS<\/td>\r\n\t\t<TD class=\"kolor1\" valign=top><a href=\"http:\/\/szczescietymoje.pl\/main\/wp-content\/uploads\/2026\/03\/Macedinia-Prileb3.jpeg\"><img src=\"http:\/\/szczescietymoje.pl\/main\/wp-content\/uploads\/2026\/03\/Macedinia-Prileb3.jpeg\" border=\"0\"><\/a><\/td><\/tr><TR>\r\n\t\t<TD class=\"kolor2\" valign=top>23.03.2026<BR>Prizreni<\/td>\r\n\t\t<TD class=\"kolor2\" valign=top>CACIB PRIZRENI \"Shariri Winner\" - 1<\/td>\r\n\t\t<TD class=\"kolor2\" valign=top>Terjan Annamarie (HUN)<\/td>\r\n\t\t<TD class=\"kolor2\" valign=top>po\u015brednia<\/td>\r\n\t\t<TD class=\"kolor2\" valign=top>doskona\u0142a<\/td>\r\n\t\t<TD class=\"kolor2\" valign=top>1<\/td>\r\n\t\t<TD class=\"kolor2\" valign=top>z\u0142oty, CAC, rCACIB<\/td>\r\n\t\t<TD class=\"kolor2\" valign=top><a href=\"http:\/\/szczescietymoje.pl\/main\/wp-content\/uploads\/2026\/03\/Kosowo-Prizleni.jpeg\"><img src=\"http:\/\/szczescietymoje.pl\/main\/wp-content\/uploads\/2026\/03\/Kosowo-Prizleni.jpeg\" border=\"0\"><\/a><\/td><\/tr><TR>\r\n\t\t<TD class=\"kolor1\" valign=top>24.03.2026<BR>Prizreni<\/td>\r\n\t\t<TD class=\"kolor1\" valign=top>CAC PRIZRENI \"Shariri Winner\"<\/td>\r\n\t\t<TD class=\"kolor1\" valign=top>Drin Zhaveli<\/td>\r\n\t\t<TD class=\"kolor1\" valign=top>po\u015bredni<\/td>\r\n\t\t<TD class=\"kolor1\" valign=top>doskona\u0142a<\/td>\r\n\t\t<TD class=\"kolor1\" valign=top>1<\/td>\r\n\t\t<TD class=\"kolor1\" valign=top>z\u0142oty, CAC<\/td>\r\n\t\t<TD class=\"kolor1\" valign=top><a href=\"http:\/\/szczescietymoje.pl\/main\/wp-content\/uploads\/2026\/03\/Kosowo-Prizleni2.jpeg\"><img src=\"http:\/\/szczescietymoje.pl\/main\/wp-content\/uploads\/2026\/03\/Kosowo-Prizleni2.jpeg\" border=\"0\"><\/a><\/td><\/tr><TR>\r\n\t\t<TD class=\"kolor2\" valign=top>24.03.2026<BR>Prizreni<\/td>\r\n\t\t<TD class=\"kolor2\" valign=top>CACIB PRIZRENI \"Shariri Winner\" - 3<\/td>\r\n\t\t<TD class=\"kolor2\" valign=top>Drin Zhaveli<\/td>\r\n\t\t<TD class=\"kolor2\" valign=top>po\u015brednia<\/td>\r\n\t\t<TD class=\"kolor2\" valign=top>doskona\u0142a<\/td>\r\n\t\t<TD class=\"kolor2\" valign=top>1<\/td>\r\n\t\t<TD class=\"kolor2\" valign=top>z\u0142oty, CAC, CACIB<\/td>\r\n\t\t<TD class=\"kolor2\" valign=top><a href=\"http:\/\/szczescietymoje.pl\/main\/wp-content\/uploads\/2026\/03\/Kosowo-Prizleni-1.jpeg\"><img src=\"http:\/\/szczescietymoje.pl\/main\/wp-content\/uploads\/2026\/03\/Kosowo-Prizleni-1.jpeg\" border=\"0\"><\/a><\/td><\/tr><TR>\r\n\t\t<TD class=\"kolor1\" valign=top>25.03.2026<BR>Kotor<\/td>\r\n\t\t<TD class=\"kolor1\" valign=top>CACIB Kotor 2026 - 1<\/td>\r\n\t\t<TD class=\"kolor1\" valign=top>Kristina Marljukic<\/td>\r\n\t\t<TD class=\"kolor1\" valign=top>po\u015brednia<\/td>\r\n\t\t<TD class=\"kolor1\" valign=top>doskona\u0142a<\/td>\r\n\t\t<TD class=\"kolor1\" valign=top>1<\/td>\r\n\t\t<TD class=\"kolor1\" valign=top>z\u0142oty, CAC, rCACIB<\/td>\r\n\t\t<TD class=\"kolor1\" valign=top><a href=\"http:\/\/szczescietymoje.pl\/main\/wp-content\/uploads\/2026\/03\/Montenegro-Kotor.jpeg\"><img src=\"http:\/\/szczescietymoje.pl\/main\/wp-content\/uploads\/2026\/03\/Montenegro-Kotor.jpeg\" border=\"0\"><\/a><\/td><\/tr><TR>\r\n\t\t<TD class=\"kolor2\" valign=top>26.03.2026<BR>Kotor<\/td>\r\n\t\t<TD class=\"kolor2\" valign=top>CAC Kotor 2026<\/td>\r\n\t\t<TD class=\"kolor2\" valign=top>Vlado Vretenicic<\/td>\r\n\t\t<TD class=\"kolor2\" valign=top>po\u015brednia<\/td>\r\n\t\t<TD class=\"kolor2\" valign=top>doskona\u0142a<\/td>\r\n\t\t<TD class=\"kolor2\" valign=top>1<\/td>\r\n\t\t<TD class=\"kolor2\" valign=top>zz\u0142oty, CAC, BOS<\/td>\r\n\t\t<TD class=\"kolor2\" valign=top><a href=\"http:\/\/szczescietymoje.pl\/main\/wp-content\/uploads\/2026\/03\/Montenegro-Kotor2.jpeg\"><img src=\"http:\/\/szczescietymoje.pl\/main\/wp-content\/uploads\/2026\/03\/Montenegro-Kotor2.jpeg\" border=\"0\"><\/a><\/td><\/tr><TR>\r\n\t\t<TD class=\"kolor1\" valign=top>26.03.2026<BR>Kotor<\/td>\r\n\t\t<TD class=\"kolor1\" valign=top>CACIB Kotor 2026 - 2<\/td>\r\n\t\t<TD class=\"kolor1\" valign=top>Kristina Vanickova<\/td>\r\n\t\t<TD class=\"kolor1\" valign=top>po\u015bredni<\/td>\r\n\t\t<TD class=\"kolor1\" valign=top>doskona\u0142a<\/td>\r\n\t\t<TD class=\"kolor1\" valign=top>1<\/td>\r\n\t\t<TD class=\"kolor1\" valign=top>z\u0142oty, CAC, CACIB, BOS<\/td>\r\n\t\t<TD class=\"kolor1\" valign=top><a href=\"http:\/\/szczescietymoje.pl\/main\/wp-content\/uploads\/2026\/03\/Montenegro-Kotor-1.jpeg\"><img src=\"http:\/\/szczescietymoje.pl\/main\/wp-content\/uploads\/2026\/03\/Montenegro-Kotor-1.jpeg\" border=\"0\"><\/a><\/td><\/tr><TR>\r\n\t\t<TD class=\"kolor2\" valign=top>27.03.2026<BR>Neum<\/td>\r\n\t\t<TD class=\"kolor2\" valign=top>Adriatic Winner Show CACIB - 1<\/td>\r\n\t\t<TD class=\"kolor2\" valign=top>Gabriela Ridarcikova<\/td>\r\n\t\t<TD class=\"kolor2\" valign=top>otwarta<\/td>\r\n\t\t<TD class=\"kolor2\" valign=top>doskona\u0142a<\/td>\r\n\t\t<TD class=\"kolor2\" valign=top>1<\/td>\r\n\t\t<TD class=\"kolor2\" valign=top>z\u0142oty, CAC, CACIB, BOB<\/td>\r\n\t\t<TD class=\"kolor2\" valign=top><a href=\"http:\/\/szczescietymoje.pl\/main\/wp-content\/uploads\/2026\/03\/Bos\u0301nia-Neum-1.jpeg\"><img src=\"http:\/\/szczescietymoje.pl\/main\/wp-content\/uploads\/2026\/03\/Bos\u0301nia-Neum-1.jpeg\" border=\"0\"><\/a><\/td><\/tr><TR>\r\n\t\t<TD class=\"kolor1\" valign=top>11.04.2026<BR>Grudzi\u0105dz<\/td>\r\n\t\t<TD class=\"kolor1\" valign=top>XLVIII National Dog Show<\/td>\r\n\t\t<TD class=\"kolor1\" valign=top>Marie Thorpe<\/td>\r\n\t\t<TD class=\"kolor1\" valign=top>po\u015brednia<\/td>\r\n\t\t<TD class=\"kolor1\" valign=top>bardzo dobra<\/td>\r\n\t\t<TD class=\"kolor1\" valign=top>2<\/td>\r\n\t\t<TD class=\"kolor1\" valign=top><\/td>\r\n\t\t<TD class=\"kolor1\" valign=top><\/td><\/tr><TR>\r\n\t\t<TD class=\"kolor2\" valign=top>11.04.2026<BR>Grudzi\u0105dz<\/td>\r\n\t\t<TD class=\"kolor2\" valign=top>X National Dog Show<\/td>\r\n\t\t<TD class=\"kolor2\" valign=top>Ma\u0142gorzata Lorenc<\/td>\r\n\t\t<TD class=\"kolor2\" valign=top>otwarta<\/td>\r\n\t\t<TD class=\"kolor2\" valign=top>doskona\u0142a<\/td>\r\n\t\t<TD class=\"kolor2\" valign=top>1<\/td>\r\n\t\t<TD class=\"kolor2\" valign=top>z\u0142oty, CWC, Best Bitch, BOS<\/td>\r\n\t\t<TD class=\"kolor2\" valign=top><\/td><\/tr><\/table><br><strong><br>Sezon 2025<\/strong><br><table width=95% cellpadding=5 cellspacing=\"1\">\r\n\t<TR >\r\n\t<TD class=\"kolor2\"><B>Data i miejsce<\/b><\/td>\r\n\t<TD class=\"kolor2\"><B>Nazwa wystawy<\/b><\/td>\r\n\t<TD class=\"kolor2\"><B>S\u0119dzia<\/b><\/td>\r\n\t<TD class=\"kolor2\"><B>Klasa<\/b><\/td>\r\n\t<TD class=\"kolor2\"><B>Ocena<\/b><\/td>\r\n\t<TD class=\"kolor2\"><B>Lokata<\/b><\/td>\r\n\t<TD class=\"kolor2\"><B>Medale i tytu\u0142y<\/b><\/td>\r\n\t<TD class=\"kolor2\"><B>Zdj\u0119cie<\/b><\/td>\r\n\r\n\t<\/tr><TR>\r\n\t\t<TD class=\"kolor1\" valign=top>15.02.2025<BR>Bydgoszcz<\/td>\r\n\t\t<TD class=\"kolor1\" valign=top>VII Mi\u0119dzynarodowa Wystawa Ps\u00f3w rasowych<\/td>\r\n\t\t<TD class=\"kolor1\" valign=top>Jurate Butkiene (LT)<\/td>\r\n\t\t<TD class=\"kolor1\" valign=top>szczeni\u0105t<\/td>\r\n\t\t<TD class=\"kolor1\" valign=top>wielce obiecuj\u0105ca<\/td>\r\n\t\t<TD class=\"kolor1\" valign=top>1<\/td>\r\n\t\t<TD class=\"kolor1\" valign=top>Best Puppy, Best Puppy in Breed<\/td>\r\n\t\t<TD class=\"kolor1\" valign=top><\/td><\/tr><TR>\r\n\t\t<TD class=\"kolor2\" valign=top>08.03.2025<BR>Nowy Dw\u00f3r Mazowiecki<\/td>\r\n\t\t<TD class=\"kolor2\" valign=top>57. Wiosenna Wystawa Ps\u00f3w Rasowych<\/td>\r\n\t\t<TD class=\"kolor2\" valign=top>Marek Tobiasz<\/td>\r\n\t\t<TD class=\"kolor2\" valign=top>szczeni\u0105t<\/td>\r\n\t\t<TD class=\"kolor2\" valign=top>wielce obiecuj\u0105ca<\/td>\r\n\t\t<TD class=\"kolor2\" valign=top>1<\/td>\r\n\t\t<TD class=\"kolor2\" valign=top>Best Puppy, Best Puppy in Breed<\/td>\r\n\t\t<TD class=\"kolor2\" valign=top><\/td><\/tr><TR>\r\n\t\t<TD class=\"kolor1\" valign=top>16.03.2025<BR>Sk\u0119pe<\/td>\r\n\t\t<TD class=\"kolor1\" valign=top>XL Krajowa Wystawa Ps\u00f3w Rasowych<\/td>\r\n\t\t<TD class=\"kolor1\" valign=top>Ma\u0142gorzata Lorenc<\/td>\r\n\t\t<TD class=\"kolor1\" valign=top>szczeni\u0105t<\/td>\r\n\t\t<TD class=\"kolor1\" valign=top>wielce obiecuj\u0105ca<\/td>\r\n\t\t<TD class=\"kolor1\" valign=top>1<\/td>\r\n\t\t<TD class=\"kolor1\" valign=top>Best Puppy, Best Puppy in Breed<\/td>\r\n\t\t<TD class=\"kolor1\" valign=top><a href=\"http:\/\/szczescietymoje.pl\/main\/wp-content\/uploads\/2025\/05\/Ustka_Skepe.jpg\"><img src=\"http:\/\/szczescietymoje.pl\/main\/wp-content\/uploads\/2025\/05\/Ustka_Skepe.jpg\" border=\"0\"><\/a><\/td><\/tr><TR>\r\n\t\t<TD class=\"kolor2\" valign=top>17.05.2025<BR>Ustka<\/td>\r\n\t\t<TD class=\"kolor2\" valign=top>XXXV Krajowa Wystawa Ps\u00f3w Rasowych <\/td>\r\n\t\t<TD class=\"kolor2\" valign=top>Ewa Kotowska<\/td>\r\n\t\t<TD class=\"kolor2\" valign=top>m\u0142odzie\u017cy<\/td>\r\n\t\t<TD class=\"kolor2\" valign=top>doskona\u0142a<\/td>\r\n\t\t<TD class=\"kolor2\" valign=top>1<\/td>\r\n\t\t<TD class=\"kolor2\" valign=top>z\u0142oty, best Junior, Youth Winner, Best of Breed<\/td>\r\n\t\t<TD class=\"kolor2\" valign=top><a href=\"http:\/\/szczescietymoje.pl\/main\/wp-content\/uploads\/2025\/05\/Uncja_Ustka_1.jpg\"><img src=\"http:\/\/szczescietymoje.pl\/main\/wp-content\/uploads\/2025\/05\/Uncja_Ustka_1.jpg\" border=\"0\"><\/a><\/td><\/tr><TR>\r\n\t\t<TD class=\"kolor1\" valign=top>18.05.2025<BR>Ustka<\/td>\r\n\t\t<TD class=\"kolor1\" valign=top>XXXVI Krajowa Wystawa Ps\u00f3w Rasowych <\/td>\r\n\t\t<TD class=\"kolor1\" valign=top>Andrzej Szutkiewicz<\/td>\r\n\t\t<TD class=\"kolor1\" valign=top>m\u0142odzie\u017c<\/td>\r\n\t\t<TD class=\"kolor1\" valign=top>doskona\u0142a<\/td>\r\n\t\t<TD class=\"kolor1\" valign=top>1<\/td>\r\n\t\t<TD class=\"kolor1\" valign=top>z\u0142oty, best Junior, Youth Winner, Best of Breed<\/td>\r\n\t\t<TD class=\"kolor1\" valign=top><a href=\"http:\/\/szczescietymoje.pl\/main\/wp-content\/uploads\/2025\/05\/Uncja_Ustka_2.jpg\"><img src=\"http:\/\/szczescietymoje.pl\/main\/wp-content\/uploads\/2025\/05\/Uncja_Ustka_2.jpg\" border=\"0\"><\/a><\/td><\/tr><TR>\r\n\t\t<TD class=\"kolor2\" valign=top>29.06.2025<BR>Szczecin<\/td>\r\n\t\t<TD class=\"kolor2\" valign=top>Pomerania Show International Dog Show<\/td>\r\n\t\t<TD class=\"kolor2\" valign=top>Zoran Rokni\u0107 (RS)<\/td>\r\n\t\t<TD class=\"kolor2\" valign=top>m\u0142odzie\u017cy<\/td>\r\n\t\t<TD class=\"kolor2\" valign=top>doskona\u0142a<\/td>\r\n\t\t<TD class=\"kolor2\" valign=top>1<\/td>\r\n\t\t<TD class=\"kolor2\" valign=top>z\u0142oty, Youth Winner, CACiB-Junior<\/td>\r\n\t\t<TD class=\"kolor2\" valign=top><a href=\"http:\/\/szczescietymoje.pl\/main\/wp-content\/uploads\/2025\/07\/Uncja_szczecin_2025_3.jpg\"><img src=\"http:\/\/szczescietymoje.pl\/main\/wp-content\/uploads\/2025\/07\/Uncja_szczecin_2025_3.jpg\" border=\"0\"><\/a><\/td><\/tr><TR>\r\n\t\t<TD class=\"kolor1\" valign=top>05.07.2025<BR>Danilovgrad (ME)<\/td>\r\n\t\t<TD class=\"kolor1\" valign=top>ZETA Cup, CACIB Danilovgrad 1 2025<\/td>\r\n\t\t<TD class=\"kolor1\" valign=top>Serghei Volihents (MD)<\/td>\r\n\t\t<TD class=\"kolor1\" valign=top>m\u0142odzie\u017c<\/td>\r\n\t\t<TD class=\"kolor1\" valign=top>doskona\u0142a<\/td>\r\n\t\t<TD class=\"kolor1\" valign=top>1<\/td>\r\n\t\t<TD class=\"kolor1\" valign=top>z\u0142oty, J.CAC, J.CACIB<\/td>\r\n\t\t<TD class=\"kolor1\" valign=top><a href=\"http:\/\/szczescietymoje.pl\/main\/wp-content\/uploads\/2025\/07\/IMG_2447-scaled.jpeg\"><img src=\"http:\/\/szczescietymoje.pl\/main\/wp-content\/uploads\/2025\/07\/IMG_2447-scaled.jpeg\" border=\"0\"><\/a><\/td><\/tr><TR>\r\n\t\t<TD class=\"kolor2\" valign=top>06.07.2025<BR>Danilovgrad (ME)<\/td>\r\n\t\t<TD class=\"kolor2\" valign=top>ZETA Cup, CACIB Danilovgrad 2 2025<\/td>\r\n\t\t<TD class=\"kolor2\" valign=top>Sasha Kitanovic (HR) <\/td>\r\n\t\t<TD class=\"kolor2\" valign=top>m\u0142odzie\u017c<\/td>\r\n\t\t<TD class=\"kolor2\" valign=top>doskona\u0142a<\/td>\r\n\t\t<TD class=\"kolor2\" valign=top>1<\/td>\r\n\t\t<TD class=\"kolor2\" valign=top>z\u0142oty, J.CAC, J.CACIB<\/td>\r\n\t\t<TD class=\"kolor2\" valign=top><a href=\"http:\/\/szczescietymoje.pl\/main\/wp-content\/uploads\/2025\/07\/IMG_2447-scaled.jpeg\"><img src=\"http:\/\/szczescietymoje.pl\/main\/wp-content\/uploads\/2025\/07\/IMG_2447-scaled.jpeg\" border=\"0\"><\/a><\/td><\/tr><TR>\r\n\t\t<TD class=\"kolor1\" valign=top>07.07.2025<BR>Mostar<\/td>\r\n\t\t<TD class=\"kolor1\" valign=top>CACIB I  Mostar Summer<\/td>\r\n\t\t<TD class=\"kolor1\" valign=top>Lokodi Csaba Zsolt (ROM)<\/td>\r\n\t\t<TD class=\"kolor1\" valign=top>m\u0142odzie\u017c<\/td>\r\n\t\t<TD class=\"kolor1\" valign=top>doskona\u0142a<\/td>\r\n\t\t<TD class=\"kolor1\" valign=top>1<\/td>\r\n\t\t<TD class=\"kolor1\" valign=top>z\u0142oty, J.CAC, J.CACIB, BOS<\/td>\r\n\t\t<TD class=\"kolor1\" valign=top><a href=\"http:\/\/szczescietymoje.pl\/main\/wp-content\/uploads\/2025\/07\/IMG_2448-scaled.jpeg\"><img src=\"http:\/\/szczescietymoje.pl\/main\/wp-content\/uploads\/2025\/07\/IMG_2448-scaled.jpeg\" border=\"0\"><\/a><\/td><\/tr><TR>\r\n\t\t<TD class=\"kolor2\" valign=top>08.07.2025<BR>Mostar<\/td>\r\n\t\t<TD class=\"kolor2\" valign=top>CACIB II  Mostar Summer<\/td>\r\n\t\t<TD class=\"kolor2\" valign=top>Rui Oliviera (PT)<\/td>\r\n\t\t<TD class=\"kolor2\" valign=top>m\u0142odzie\u017c<\/td>\r\n\t\t<TD class=\"kolor2\" valign=top>doskona\u0142a<\/td>\r\n\t\t<TD class=\"kolor2\" valign=top>1<\/td>\r\n\t\t<TD class=\"kolor2\" valign=top>z\u0142oty, J.CAC, J.CACIB, BOS<\/td>\r\n\t\t<TD class=\"kolor2\" valign=top><a href=\"http:\/\/szczescietymoje.pl\/main\/wp-content\/uploads\/2025\/07\/IMG_2448-scaled.jpeg\"><img src=\"http:\/\/szczescietymoje.pl\/main\/wp-content\/uploads\/2025\/07\/IMG_2448-scaled.jpeg\" border=\"0\"><\/a><\/td><\/tr><\/table><br><\/p>\n","protected":false},"excerpt":{"rendered":"<p>Sezon 2026 Data i miejsce Nazwa wystawy S\u0119dzia Klasa Ocena Lokata Medale i tytu\u0142y Zdj\u0119cie 14.02.2026Bydgoszcz VIII Mi\u0119dzynarodowa Wystawa Ps\u00f3w Rasowych Zofia Konderla otwarta doskona\u0142a 1 z\u0142oty, CWC 06.03.2026Wilno IDS Wilno Tomas Masidlauskas po\u015brednia doskona\u0142a 1 z\u0142oty, CAC 07.03.2026Wilno IDS Wilno Valentinas Stiklius po\u015brednia doskona\u0142a 2 srebrny 08.03.2026Wilno IDS Wilno Janusz Opara po\u015brednia doskona\u0142a 2 [&hellip;]<\/p>\n","protected":false},"author":2,"featured_media":0,"parent":14642,"menu_order":0,"comment_status":"closed","ping_status":"closed","template":"","meta":{"ngg_post_thumbnail":0},"_links":{"self":[{"href":"http:\/\/szczescietymoje.pl\/main\/wp-json\/wp\/v2\/pages\/14652"}],"collection":[{"href":"http:\/\/szczescietymoje.pl\/main\/wp-json\/wp\/v2\/pages"}],"about":[{"href":"http:\/\/szczescietymoje.pl\/main\/wp-json\/wp\/v2\/types\/page"}],"author":[{"embeddable":true,"href":"http:\/\/szczescietymoje.pl\/main\/wp-json\/wp\/v2\/users\/2"}],"replies":[{"embeddable":true,"href":"http:\/\/szczescietymoje.pl\/main\/wp-json\/wp\/v2\/comments?post=14652"}],"version-history":[{"count":5,"href":"http:\/\/szczescietymoje.pl\/main\/wp-json\/wp\/v2\/pages\/14652\/revisions"}],"predecessor-version":[{"id":15534,"href":"http:\/\/szczescietymoje.pl\/main\/wp-json\/wp\/v2\/pages\/14652\/revisions\/15534"}],"up":[{"embeddable":true,"href":"http:\/\/szczescietymoje.pl\/main\/wp-json\/wp\/v2\/pages\/14642"}],"wp:attachment":[{"href":"http:\/\/szczescietymoje.pl\/main\/wp-json\/wp\/v2\/media?parent=14652"}],"curies":[{"name":"wp","href":"https:\/\/api.w.org\/{rel}","templated":true}]}}