{"id":14648,"date":"2025-02-15T11:52:04","date_gmt":"2025-02-15T10:52:04","guid":{"rendered":"http:\/\/szczescietymoje.pl\/main\/?page_id=14648"},"modified":"2025-02-15T11:52:57","modified_gmt":"2025-02-15T10:52:57","slug":"rodowod-uncja","status":"publish","type":"page","link":"http:\/\/szczescietymoje.pl\/main\/lagotto-romagnolo\/uncja\/rodowod-uncja\/","title":{"rendered":"Rodow\u00f3d &#8211; Uncja"},"content":{"rendered":"\n<p><table class=\"rodowod-table linia4\" border=\"0\" cellpadding=\"3\" cellspacing=\"0\" width=\"95%\"> \t<tr valign=\"top\">\r\n\t<td colspan=\"2\">\r\n\t<table border=\"0\" bordercolor=\"#666666\" cellpadding=\"3\" cellspacing=\"0\" width=\"100%\">\r\n\t\t<tr valign=\"top\">\r\n\t\t\t<td class=\"color-ojciec\" rowspan=\"4\" width=25%>\r\n\t\t\t\t<div align=\"center\"><strong>\r\n\t\t\t\tOjciec\r\n\t\t\t\t<\/strong><\/div>\r\n\t\t\t\t<div align=\"center\">\r\n\r\n\t\t\t\tC.I.B.; G.Ch.PL., Ch.PL.,SLO., LT., M\u0142. Ch.PL. MONDAY z Ustro\u0144skiego Zak\u0105tka\r\n\t\t\t\t<\/div>\r\n\r\n\t\t\t<\/td>\r\n\t\t\t<td class=\"color1\" rowspan=\"2\">\r\n\t\t\t\t<div align=\"left\"><strong>O.<\/strong><\/div>\r\n\t\t\t\t<div align=\"center\">\r\n\r\n\t\t\t\tKan Trace Viking Lord\r\n\t\t\t\t<\/div>\r\n\r\n\r\n\t\t\t<\/td>\r\n\t\t\t <td class=\"color2\">\r\n\t\t\t\t<div align=\"left\"><strong>O.<\/strong><\/div>\r\n\t\t\t\t<div align=\"center\">\r\n\r\n\t\t\t\tC.I.B. Ch. Rowntree Ugo Unico\r\n\t\t\t\t<\/div>\r\n\t\t\t<\/td>\r\n\t\t\t<td class=\"color1\">\r\n\t\t\t\t<div align=\"left\"><strong>O.<\/strong><\/div>\r\n\t\t\t\t<div align=\"center\">\r\n\r\n\t\t\t\tLuca della Taparina\r\n\t\t\t\t<\/div>\r\n\r\n\t\t\t\t<div align=\"left\"><strong>M.<\/strong><\/div>\r\n\t\t\t\t<div align=\"center\">\r\n\r\n\t\t\t\tRowbtree Tartina\r\n\t\t\t\t<\/div>\r\n\t\t\t<\/td>\r\n\t\t<\/tr>\r\n\t\t<tr>\r\n\t\t\t<td class=\"color3\" valign=\"top\" width=25%>\r\n\t\t\t\t<div align=\"left\"><strong>M.<\/strong><\/div>\r\n\t\t\t\t<div align=\"center\">\r\n\r\n\t\t\t\tCh Kan Trace Princess Viola\r\n\t\t\t\t<\/div>\r\n\t\t\t<\/td>\r\n\t\t\t<td class=\"color4\" valign=\"top\">\r\n\t\t\t\t<div align=\"left\"><strong>O.<\/strong><\/div>\r\n\t\t\t\t<div align=\"center\">\r\n\r\n\t\t\t\tTrue Line's Crispino\r\n\t\t\t\t<\/div>\r\n\t\t\t\t<div>\r\n\t\t\t\t<div align=\"left\"><strong>M.<\/strong><\/div>\r\n\r\n\t\t\t\t<div align=\"center\">\r\n\r\n\t\t\t\tKan Trace First Love\r\n\t\t\t\t<\/div>\r\n\t\t\t<\/td>\r\n\t\t<\/tr>\r\n\t\t<tr>\r\n\t\t\t<td class=\"color1\" rowspan=\"2\" valign=\"top\" width=25%>\r\n\t\t\t\t<div align=\"left\"><strong>M.<\/strong><\/div>\r\n\t\t\t\t<div align=\"left\">\r\n\t\t\t\t<div align=\"center\">\r\n\r\n\t\t\t\tJch, Ch. Bagnara z Ustro\u0144skiego Zak\u0105tka\r\n\t\t\t\t<\/div>\r\n\t\t\t<\/td>\r\n\t\t\t<td class=\"color2\" valign=\"top\">\r\n\t\t\t\t<div align=\"left\"><strong>O.<\/strong><\/div>\r\n\t\t\t\t<div align=\"left\">\r\n\t\t\t\t<div align=\"center\">\r\n\r\n\t\t\t\tC.I.B. Riki del Monte Della Dea\r\n\t\t\t\t<\/div>\r\n\t\t\t<\/td>\r\n\t\t\t<td class=\"color1\">\r\n\t\t\t\t<div align=\"left\"><strong>O.<\/strong><\/div>\r\n\t\t\t\t<div align=\"left\">\r\n\t\t\t\t<div align=\"center\">\r\n\r\n\t\t\t\tDuc\r\n\t\t\t\t<\/div>\r\n\t\t\t\t<div><strong>M.<\/strong><\/div>\r\n\t\t\t\t<div>\r\n\t\t\t\t<div align=\"center\">\r\n\r\n\t\t\t\tElettra del Monte Delladea \r\n\t\t\t\t<\/div>\r\n\t\t\t<\/td>\r\n\t\t<\/tr>\r\n\t\t<tr>\r\n\t\t\t<td class=\"color3\" valign=\"top\" width=25%>\r\n\t\t\t\t<div align=\"left\"><strong>M.<\/strong><\/div>\r\n\t\t\t\t<div align=\"left\">\r\n\t\t\t\t<div align=\"center\">\r\n\r\n\t\t\t\tJCh, Ch IL Granaio Dei Malatesta Mafalda\r\n\t\t\t\t<\/div>\r\n\t\t\t<\/td>\r\n\t\t\t<td class=\"color4\">\r\n\t\t\t\t<div align=\"left\"><strong>O.<\/strong><\/div>\r\n\t\t\t\t<div align=\"center\">\r\n\r\n\t\t\t\tAlfredo\r\n\t\t\t\t<\/div>\r\n\t\t\t\t<div>\r\n\t\t\t\t<div align=\"left\"><strong>M.<\/strong><\/div>\r\n\t\t\t\t<div align=\"center\">\r\n\r\n\t\t\t\tIL Granaio Dei Malatesta Dafne\r\n\t\t\t\t<\/div>\r\n\t\t\t<\/td>\r\n\t\t<\/tr>\r\n\t\t<tr valign=\"top\">\r\n\t\t\t<td class=\"color-matka\" rowspan=\"4\" >\r\n\t\t\t\t<div align=\"center\"><strong>Matka<\/strong><\/div>\r\n\t\t\t\t<div align=\"center\">\r\n\r\n\t\t\t\tC.I.B.; G.Ch. Alb., Mac., Ch. Fed. BiH, Ch. PL., MN, Kos., Alb., Mac., BiH, Ch. Balk.,<BR>TOO QUIET Szcz\u0119\u015bcie Ty Moje\r\n\t\t\t\t<\/div>\r\n\t\t\t<\/td>\r\n\t\t\t<td class=\"color5\" rowspan=\"2\" valign=\"top\">\r\n\t\t\t\t<div align=\"left\"><strong>O.<\/strong><\/div>\r\n\t\t\t\t<div align=\"center\">\r\n\r\n\t\t\t\tCH.VDH, Ch. NL<BR>True Line's CRISPINO\r\n\t\t\t\t<\/div>\r\n\t\t\t<\/td>\r\n\t\t\t<td class=\"color6\" valign=\"top\">\r\n\t\t\t\t<div align=\"left\"><strong>O.<\/strong><\/div>\r\n\t\t\t\t<div align=\"center\">\r\n\r\n\t\t\t\tJ.Ch.VDH, C.I.B., Ch. VDH, Ch.A, Ch.S.<BR>CALVATORE dei Boschi d'oro\r\n\t\t\t\t<\/div>\r\n\t\t\t<\/td>\r\n\t\t\t<td class=\"color5\" valign=\"top\">\r\n\t\t\t\t<div align=\"left\"><strong>O.<\/strong><\/div>\r\n\t\t\t\t<div align=\"center\">\r\n\r\n\t\t\t\tIORIS delle Farine\r\n\t\t\t\t<\/div>\r\n\t\t\t\t<div align=\"left\"><strong>M.<\/strong><\/div>\r\n\t\t\t\t<div align=\"center\">\r\n\r\n\t\t\t\tMarta\r\n\t\t\t\t<\/div>\r\n\t\t\t<\/td>\r\n\t\t<\/tr>\r\n\t\t<tr>\r\n\t\t\t<td class=\"color7\" valign=\"top\">\r\n\t\t\t\t<div align=\"left\"><strong>M.<\/strong><\/div>\r\n\t\t\t\t<div align=\"center\">\r\n\r\n\t\t\t\tLAPINLUMON JALENA\r\n\t\t\t\t<\/div>\r\n\t\t\t<\/td>\r\n\t\t\t<td class=\"color8\" valign=\"top\">\r\n\t\t\t\t<div align=\"left\"><strong>O.<\/strong><\/div>\r\n\t\t\t\t<div align=\"center\">\r\n\r\n\t\t\t\tLUCIGNOLO DEL PESCO\r\n\t\t\t\t<\/div>\r\n\r\n\t\t\t\t<div align=\"left\"><strong>M.<\/strong><\/div>\r\n\t\t\t\t<div align=\"center\">\r\n\r\n\t\t\t\tLAPINLUMON EUGENIA\r\n\t\t\t\t<\/div>\r\n\t\t\t<\/td>\r\n\t\t<\/tr>\r\n\t\t<tr>\r\n\t\t\t<td class=\"color5\" rowspan=\"2\" valign=\"top\">\r\n\t\t\t\t<div align=\"left\"><strong>M.<\/strong><\/div>\r\n\t\t\t\t<div align=\"center\">\r\n\r\n\t\t\t\tC.I.B. J.Ch.Pl., Ch.PL-RU-KOS-ME-BALK-YUG-ADR-MEDITER-MK-RKF-MD, G.Ch.PL-KOS-ME-YUG-MK, Ch.Vet. Pl-Lt-MD<BR>MARSALA Eminentia Canis\r\n\t\t\t\t<\/div>\r\n\t\t\t<\/td>\r\n\t\t\t<td class=\"color6\" valign=\"top\">\r\n\t\t\t\t<div align=\"left\"><strong>O.<\/strong><\/div>\r\n\t\t\t\t<div align=\"center\">\r\n\r\n\t\t\t\tJ.Ch.Pl. Ch.Pl-LV-RUS<BR>ROBERTO G\u00f3rska Fantazja\r\n\t\t\t\t<\/div>\r\n\t\t\t<\/td>\r\n\t\t\t<td class=\"color5\" valign=\"top\">\r\n\t\t\t\t<div align=\"left\"><strong>O.<\/strong><\/div>\r\n\t\t\t\t<div align=\"center\">\r\n\r\n\t\t\t\tCh.Se<BR>Magic Storm's GIBZON AF CONTEZZA\r\n\t\t\t\t<\/div>\r\n\t\t\t\t<div align=\"left\"><strong>M.<\/strong><\/div>\r\n\t\t\t\t<div align=\"center\">\r\n\r\n\t\t\t\tCh.Se<BR>Hesidos LA BAMBA\r\n\t\t\t\t<\/div>\r\n\t\t\t<\/td>\r\n\t\t<\/tr>\r\n\t\t<tr>\r\n\t\t\t<td class=\"color7\" valign=\"top\">\r\n\t\t\t\t<div align=\"left\"><strong>M.<\/strong><\/div>\r\n\t\t\t\t<div align=\"center\">\r\n\r\n\t\t\t\tJ.Ch.Pl., Ch.Pl.-Lt.-Rus.-RKF<BR>Abigail z Ustro\u0144skiego Zak\u0105tka\r\n\t\t\t\t<\/div>\r\n\t\t\t<\/td>\r\n\t\t\t<td class=\"color8\" valign=\"top\">\r\n\t\t\t\t<div align=\"left\"><strong>O.<\/strong><\/div>\r\n\t\t\t\t<div align=\"center\">\r\n\r\n\t\t\t\tJ.Ch.Pl.-Sk, Ch.Pl<BR>ANGELUS Mei Bilifo \r\n\t\t\t\t<\/div>\r\n\t\t\t\t<div align=\"left\"><strong>M.<\/strong><\/div>\r\n\t\t\t\t<div align=\"center\">\r\n\r\n\t\t\t\tJ.Ch.Pl., Ch.Pl.<BR>BRUNA\r\n\t\t\t\t<\/div>\r\n\t\t\t<\/td>\r\n\t\t<\/tr>\r\n\t<\/table>\r\n\t<\/td>\r\n\t<\/tr>\r\n\t<\/tbody>\r\n\t<\/table>\r\n\t<\/p>\n","protected":false},"excerpt":{"rendered":"<p>Ojciec C.I.B.; G.Ch.PL., Ch.PL.,SLO., LT., M\u0142. Ch.PL. MONDAY z Ustro\u0144skiego Zak\u0105tka O. Kan Trace Viking Lord O. C.I.B. Ch. Rowntree Ugo Unico O. Luca della Taparina M. Rowbtree Tartina M. Ch Kan Trace Princess Viola O. True Line&#8217;s Crispino M. Kan Trace First Love M. Jch, Ch. Bagnara z Ustro\u0144skiego Zak\u0105tka O. C.I.B. Riki del [&hellip;]<\/p>\n","protected":false},"author":2,"featured_media":0,"parent":14642,"menu_order":0,"comment_status":"closed","ping_status":"closed","template":"","meta":{"ngg_post_thumbnail":0},"_links":{"self":[{"href":"http:\/\/szczescietymoje.pl\/main\/wp-json\/wp\/v2\/pages\/14648"}],"collection":[{"href":"http:\/\/szczescietymoje.pl\/main\/wp-json\/wp\/v2\/pages"}],"about":[{"href":"http:\/\/szczescietymoje.pl\/main\/wp-json\/wp\/v2\/types\/page"}],"author":[{"embeddable":true,"href":"http:\/\/szczescietymoje.pl\/main\/wp-json\/wp\/v2\/users\/2"}],"replies":[{"embeddable":true,"href":"http:\/\/szczescietymoje.pl\/main\/wp-json\/wp\/v2\/comments?post=14648"}],"version-history":[{"count":1,"href":"http:\/\/szczescietymoje.pl\/main\/wp-json\/wp\/v2\/pages\/14648\/revisions"}],"predecessor-version":[{"id":14649,"href":"http:\/\/szczescietymoje.pl\/main\/wp-json\/wp\/v2\/pages\/14648\/revisions\/14649"}],"up":[{"embeddable":true,"href":"http:\/\/szczescietymoje.pl\/main\/wp-json\/wp\/v2\/pages\/14642"}],"wp:attachment":[{"href":"http:\/\/szczescietymoje.pl\/main\/wp-json\/wp\/v2\/media?parent=14648"}],"curies":[{"name":"wp","href":"https:\/\/api.w.org\/{rel}","templated":true}]}}