{"id":14642,"date":"2025-02-15T11:43:42","date_gmt":"2025-02-15T10:43:42","guid":{"rendered":"http:\/\/szczescietymoje.pl\/main\/?page_id=14642"},"modified":"2026-04-11T19:17:53","modified_gmt":"2026-04-11T17:17:53","slug":"uncja","status":"publish","type":"page","link":"http:\/\/szczescietymoje.pl\/main\/lagotto-romagnolo\/uncja\/","title":{"rendered":"Uncja"},"content":{"rendered":"\n<p><strong>C.I.B-J, G.Ch. Kos., BiH., MNE., Ch.MK, Kos., BiH., Ba\u0142k., M.\u015ar\u00f3d, Adria.,&nbsp; MNE., MK., M\u0142.Ch.Pl., J.G.Ch. ME, BiH, J.Ch.ME, BiH<br>UNCJA Szcz\u0119\u015bcie Ty Moje<\/strong><\/p>\n<p><img loading=\"lazy\" class=\"wp-image-15551 alignleft\" src=\"http:\/\/szczescietymoje.pl\/main\/wp-content\/uploads\/2026\/03\/Uncja_www-425x272.jpg\" alt=\"\" width=\"361\" height=\"231\" srcset=\"http:\/\/szczescietymoje.pl\/main\/wp-content\/uploads\/2026\/03\/Uncja_www-425x272.jpg 425w, http:\/\/szczescietymoje.pl\/main\/wp-content\/uploads\/2026\/03\/Uncja_www-768x491.jpg 768w, http:\/\/szczescietymoje.pl\/main\/wp-content\/uploads\/2026\/03\/Uncja_www.jpg 1097w\" sizes=\"(max-width: 361px) 100vw, 361px\" \/>BPinB &#8211; 3<br>Youth Winner &#8211; 7<br>Best Junior &#8211; 2<br>BOS &#8211; 6<br>Best of Breed &#8211; 3&nbsp;<br>CACIB -4<br>J.CACIB &#8211; 5<br>CWC -2<br>CAC Lt &#8211; 1<\/p>\n<p>&nbsp;<\/p>\n<p><u>urodzona<\/u>: 17.06.2024 r.<br><u>wzrost<\/u>: 43 cm<br><u>waga<\/u>: 13 kg<br><u>HD<\/u>: A<br><span style=\"text-decoration: underline;\">ED:<\/span> 0\/0<br><span style=\"text-decoration: underline;\">OCD:<\/span> 0\/0<br>Badania genetyczne (MyDogDNA):<br>JE \u2013 clear<br>LSD \u2013 clear<br>HUU \u2013 clear<br>kr\u0119cony w\u0142os (KRT71) \u2013 T\/T<br>Furnishings \u2013 AA\/TT<br><br><\/p>\n","protected":false},"excerpt":{"rendered":"<p>C.I.B-J, G.Ch. Kos., BiH., MNE., Ch.MK, Kos., BiH., Ba\u0142k., M.\u015ar\u00f3d, Adria.,&nbsp; MNE., MK., M\u0142.Ch.Pl., J.G.Ch. ME, BiH, J.Ch.ME, BiHUNCJA Szcz\u0119\u015bcie Ty Moje BPinB &#8211; 3Youth Winner &#8211; 7Best Junior &#8211; 2BOS &#8211; 6Best of Breed &#8211; 3&nbsp;CACIB -4J.CACIB &#8211; 5CWC -2CAC Lt &#8211; 1 &nbsp; urodzona: 17.06.2024 r.wzrost: 43 cmwaga: 13 kgHD: AED: 0\/0OCD: 0\/0Badania [&hellip;]<\/p>\n","protected":false},"author":2,"featured_media":0,"parent":353,"menu_order":75,"comment_status":"closed","ping_status":"closed","template":"","meta":{"ngg_post_thumbnail":0},"_links":{"self":[{"href":"http:\/\/szczescietymoje.pl\/main\/wp-json\/wp\/v2\/pages\/14642"}],"collection":[{"href":"http:\/\/szczescietymoje.pl\/main\/wp-json\/wp\/v2\/pages"}],"about":[{"href":"http:\/\/szczescietymoje.pl\/main\/wp-json\/wp\/v2\/types\/page"}],"author":[{"embeddable":true,"href":"http:\/\/szczescietymoje.pl\/main\/wp-json\/wp\/v2\/users\/2"}],"replies":[{"embeddable":true,"href":"http:\/\/szczescietymoje.pl\/main\/wp-json\/wp\/v2\/comments?post=14642"}],"version-history":[{"count":20,"href":"http:\/\/szczescietymoje.pl\/main\/wp-json\/wp\/v2\/pages\/14642\/revisions"}],"predecessor-version":[{"id":15600,"href":"http:\/\/szczescietymoje.pl\/main\/wp-json\/wp\/v2\/pages\/14642\/revisions\/15600"}],"up":[{"embeddable":true,"href":"http:\/\/szczescietymoje.pl\/main\/wp-json\/wp\/v2\/pages\/353"}],"wp:attachment":[{"href":"http:\/\/szczescietymoje.pl\/main\/wp-json\/wp\/v2\/media?parent=14642"}],"curies":[{"name":"wp","href":"https:\/\/api.w.org\/{rel}","templated":true}]}}