{"id":13887,"date":"2024-06-23T16:10:18","date_gmt":"2024-06-23T14:10:18","guid":{"rendered":"http:\/\/szczescietymoje.pl\/main\/?page_id=13887"},"modified":"2025-02-15T11:07:15","modified_gmt":"2025-02-15T10:07:15","slug":"u-2024","status":"publish","type":"page","link":"http:\/\/szczescietymoje.pl\/main\/szczeniaki\/u-2024\/","title":{"rendered":"U &#8211; 2024"},"content":{"rendered":"\n<p style=\"text-align: center;\"><strong>Miot \u201eU\u201d urodzony 17 czerwca 2024<br><\/strong><\/p>\n<p><strong>Matka:<\/strong>&nbsp;<a href=\"http:\/\/szczescietymoje.pl\/main\/lagotto-romagnolo\/too-quiet\/\" target=\"_blank\" rel=\"noopener\">C.I.B.; G.Ch. Alb., Mac., Ch. Fed. BiH, Ch. PL., MN, Kos., Alb., Mac., BiH, Ch. Balk., TOO QUIET Szcz\u0119\u015bcie Ty Moje<\/a><br><strong>Ojciec:<\/strong>&nbsp;<a href=\"https:\/\/www.facebook.com\/photo?fbid=7043836485696584&amp;set=pcb.7045272318886334&amp;locale=pl_PL\" target=\"_blank\" rel=\"noopener\">C.I.B.; G.Ch.PL., Ch.PL.,SLO., LT., M\u0142. Ch.PL. MONDAY z Ustro\u0144skiego Zak\u0105tka<\/a><\/p>\nngg_shortcode_0_placeholder\n","protected":false},"excerpt":{"rendered":"<p>Miot \u201eU\u201d urodzony 17 czerwca 2024 Matka:&nbsp;C.I.B.; G.Ch. Alb., Mac., Ch. Fed. BiH, Ch. PL., MN, Kos., Alb., Mac., BiH, Ch. Balk., TOO QUIET Szcz\u0119\u015bcie Ty MojeOjciec:&nbsp;C.I.B.; G.Ch.PL., Ch.PL.,SLO., LT., M\u0142. Ch.PL. MONDAY z Ustro\u0144skiego Zak\u0105tka<\/p>\n","protected":false},"author":2,"featured_media":14161,"parent":42,"menu_order":263,"comment_status":"closed","ping_status":"closed","template":"","meta":{"ngg_post_thumbnail":0},"_links":{"self":[{"href":"http:\/\/szczescietymoje.pl\/main\/wp-json\/wp\/v2\/pages\/13887"}],"collection":[{"href":"http:\/\/szczescietymoje.pl\/main\/wp-json\/wp\/v2\/pages"}],"about":[{"href":"http:\/\/szczescietymoje.pl\/main\/wp-json\/wp\/v2\/types\/page"}],"author":[{"embeddable":true,"href":"http:\/\/szczescietymoje.pl\/main\/wp-json\/wp\/v2\/users\/2"}],"replies":[{"embeddable":true,"href":"http:\/\/szczescietymoje.pl\/main\/wp-json\/wp\/v2\/comments?post=13887"}],"version-history":[{"count":7,"href":"http:\/\/szczescietymoje.pl\/main\/wp-json\/wp\/v2\/pages\/13887\/revisions"}],"predecessor-version":[{"id":14629,"href":"http:\/\/szczescietymoje.pl\/main\/wp-json\/wp\/v2\/pages\/13887\/revisions\/14629"}],"up":[{"embeddable":true,"href":"http:\/\/szczescietymoje.pl\/main\/wp-json\/wp\/v2\/pages\/42"}],"wp:featuredmedia":[{"embeddable":true,"href":"http:\/\/szczescietymoje.pl\/main\/wp-json\/wp\/v2\/media\/14161"}],"wp:attachment":[{"href":"http:\/\/szczescietymoje.pl\/main\/wp-json\/wp\/v2\/media?parent=13887"}],"curies":[{"name":"wp","href":"https:\/\/api.w.org\/{rel}","templated":true}]}}