{"id":130,"date":"2009-11-04T00:00:00","date_gmt":"2009-11-03T23:00:00","guid":{"rendered":"http:\/\/szczescie.az-serwer1829889.online.pro\/pies-z-rodowodem\/"},"modified":"2009-11-04T00:00:00","modified_gmt":"2009-11-03T23:00:00","slug":"pies-z-rodowodem","status":"publish","type":"page","link":"http:\/\/szczescietymoje.pl\/main\/o-rasach\/pies-z-rodowodem\/","title":{"rendered":"Pies z rodowodem"},"content":{"rendered":"<div style=\"text-align: justify;\">Ka\u017cdy kto chce kupi\u0107 czworonoga zadaje sobie pytanie:<\/p>\n<p>Dlaczego pies z rodowodem kosztuje wi\u0119cej ni\u017c pies bez rodowodu?<\/p>\n<p>I s\u0142usznie, je\u017celi, ka\u017cdy z nas ma wyda\u0107 okre\u015blon\u0105 kwot\u0119 na swojego wymarzonego w\u0142ochatego przyjaciela to chce wiedzie\u0107 za co p\u0142aci. Cz\u0119sto m&oacute;wimy sobie, \u017ce nie b\u0119dziemy pokazywa\u0107 nasze szcz\u0119\u015bcie na psich wystawach to rodow&oacute;d jest mi nie potrzebny. NIC BARDZIEJ B\u0141\u0118DNEGO!!! Rodow&oacute;d nie jest przepustk\u0105 na wystawy ps&oacute;w, ale jest po to aby mie\u0107 pewno\u015b\u0107, \u017ce mam rasowe szczeni\u0119. Czyli takie z kt&oacute;rego wyro\u015bnie berne\u0144czyk, a nie na przyk\u0142ad mix rottweilera z berne\u0144czykiem.<\/p>\n<p>\n&nbsp;<br \/>\n&nbsp;<\/div>\n","protected":false},"excerpt":{"rendered":"<p>643<\/p>\n","protected":false},"author":1,"featured_media":0,"parent":413,"menu_order":151,"comment_status":"closed","ping_status":"closed","template":"","meta":{"ngg_post_thumbnail":0},"_links":{"self":[{"href":"http:\/\/szczescietymoje.pl\/main\/wp-json\/wp\/v2\/pages\/130"}],"collection":[{"href":"http:\/\/szczescietymoje.pl\/main\/wp-json\/wp\/v2\/pages"}],"about":[{"href":"http:\/\/szczescietymoje.pl\/main\/wp-json\/wp\/v2\/types\/page"}],"author":[{"embeddable":true,"href":"http:\/\/szczescietymoje.pl\/main\/wp-json\/wp\/v2\/users\/1"}],"replies":[{"embeddable":true,"href":"http:\/\/szczescietymoje.pl\/main\/wp-json\/wp\/v2\/comments?post=130"}],"version-history":[{"count":0,"href":"http:\/\/szczescietymoje.pl\/main\/wp-json\/wp\/v2\/pages\/130\/revisions"}],"up":[{"embeddable":true,"href":"http:\/\/szczescietymoje.pl\/main\/wp-json\/wp\/v2\/pages\/413"}],"wp:attachment":[{"href":"http:\/\/szczescietymoje.pl\/main\/wp-json\/wp\/v2\/media?parent=130"}],"curies":[{"name":"wp","href":"https:\/\/api.w.org\/{rel}","templated":true}]}}