{"id":129,"date":"2009-11-04T00:00:00","date_gmt":"2009-11-03T23:00:00","guid":{"rendered":"http:\/\/szczescie.az-serwer1829889.online.pro\/nowy-domownik\/"},"modified":"2009-11-04T00:00:00","modified_gmt":"2009-11-03T23:00:00","slug":"nowy-domownik","status":"publish","type":"page","link":"http:\/\/szczescietymoje.pl\/main\/o-rasach\/nowy-domownik\/","title":{"rendered":"Nowy domownik"},"content":{"rendered":"<div style=\"text-align: justify;\">\n<div style=\"text-align: center; font-weight: bold;\">&nbsp;Odbi&oacute;r szczeniaka z hodowli:<\/div>\n<p>\n&nbsp;&nbsp;&nbsp;&nbsp;&nbsp;&nbsp;&nbsp;&nbsp;&nbsp;&nbsp; Szczeni\u0119ta z mojej hodowli mo\u017cna odbiera\u0107 w wieku 8 tygodni. W&oacute;wczas s\u0105 one zaszczepione, odrobaczywione i zachipowane. Ka\u017cde szczeni\u0119 otrzymuje wyprawk\u0119 w sk\u0142ad kt&oacute;rej wchodzi:<\/p>\n<div style=\"margin-left: 40px;\">&#8211; umowa kupna &#8211; sprzeda\u017cy<br \/>\n&#8211; metryczka Zwi\u0105zku Kynologicznego w Polsce;<br \/>\n&#8211; kserokopi\u0119 rodowod&oacute;w i tytu\u0142&oacute;w rodzic&oacute;w;<br \/>\n&#8211; ksi\u0105\u017ceczka zdrowia z wpisami weterynarza o wykonanych szczepieniach i odrobaczywianiu;<br \/>\n&#8211; karm\u0119 na pierwsze dni w nowym domu (firmy Royal Canin lub Hill&#39;s);<br \/>\n&#8211; szmatk\u0119 z zapachem matki (w\u0142asnego gniazda);<br \/>\n&#8211; gar\u015b\u0107 porad dla nowych w\u0142a\u015bcicieli.<\/div>\n<p>\n&nbsp;&nbsp;&nbsp;&nbsp;&nbsp;&nbsp;&nbsp;&nbsp;&nbsp;&nbsp; W przypadku sprzeda\u017cy psa zagranic\u0119, ka\u017cde szczeni\u0119 dodatkowo dostaje paszport EU oraz chip. Bardzo mi\u0142y i cenny jest dla mnie p&oacute;\u017aniejszy kontakt z nabywcami szczeni\u0105t. Jest on dla mnie \u017ar&oacute;d\u0142em wiedzy o tym jak rozwijaj\u0105 si\u0119 moje maluchy.<br \/>\n&nbsp;<\/p>\n<div style=\"text-align: center;\"><strong>Jeste\u015bmy ju\u017c razem w nowym domu<\/strong><\/div>\n<p>\n&nbsp;&nbsp;&nbsp;&nbsp;&nbsp;&nbsp;&nbsp;&nbsp;&nbsp;&nbsp; Kwestie wychowawcze nie przysparzaj\u0105 problem&oacute;w, ale od samego pocz\u0105tku nale\u017cy wykazywa\u0107 konsekwencje w post\u0119powaniu z psem. Wtedy oka\u017ce si\u0119 wiernym i zdyscyplinowanym towarzyszem. Trudno wprawdzie o stanowczo\u015b\u0107 wobec rozbrajaj\u0105cej puszystej kuleczki, trzeba si\u0119 jednak na to zdoby\u0107 z rozs\u0105dku &#8211; inaczej stracimy pozycj\u0119 lidera. Nigdy nie stosujmy najmniejszej przemocy, wystrzegajmy si\u0119 r&oacute;wnie\u017c krzyk&oacute;w. To zupe\u0142nie nieskuteczne i bardzo dla psa stresuj\u0105ce. Gdy pies ma oko\u0142o roku, mo\u017ce zacz\u0105\u0107 si\u0119 l\u0119ka\u0107 nieznajomych. Przez ca\u0142y okres dorastania dbajmy wiec o jego cz\u0119ste kontakty z lud\u017ami &#8211; doros\u0142ymi i dzie\u0107mi. Ale nie mo\u017cna psa do niczego zmusza\u0107. Wszelkie dzia\u0142ania si\u0142owe powi\u0119ksza tylko jego l\u0119kliwo\u015b\u0107. Wbrew temu, co mo\u017cna by s\u0105dzi\u0107 na podstawie jego &quot;zaj\u0119\u0107 zawodowych&quot; (berne\u0144czyki wykorzystywane by\u0142y przy wypasie byd\u0142a rogatego), berne\u0144ski pies pasterski jest z natury stateczny i spokojny. Potrzebuje ruchu, ale niekoniecznie wielkich bezkresnych przestrzeni. Nie zapominajmy o tym, ze kiedy\u015b by\u0142 przede wszystkim psem podw&oacute;rzowym. B\u0119dzie w pe\u0142ni usatysfakcjonowany, gdy zapewni si\u0119 mu regularne d\u0142ugie spacery (oczywi\u015bcie opr&oacute;cz wyj\u015b\u0107 w ci\u0105gu dnia).<\/p>\n<p>Najwa\u017cniejsze przy wychowaniu jest:<\/p>\n<div style=\"margin-left: 40px;\">&#8211; okazywanie psu uczucia (jest to doskona\u0142a motywacja)<br \/>\n&#8211; niestosowanie kar<br \/>\n&#8211; konsekwencja<br \/>\n&#8211; zapewnienie kontaktu z innymi psami, lud\u017ami<\/div>\n<p>\n&nbsp;&nbsp;&nbsp;&nbsp;&nbsp;&nbsp;&nbsp;&nbsp;&nbsp;&nbsp; Berne\u0144czyki s\u0105 bardzo m\u0105drymi psami i ch\u0119tnie poddaj\u0105 si\u0119 w\u0142a\u015bciwie prowadzonemu szkoleniu. Uwielbiaj\u0105 sprawia\u0107 rado\u015b\u0107 swojemu panu (no i uwielbiaj\u0105 otrzymywa\u0107 w nagrod\u0119 smako\u0142yki, kt&oacute;re s\u0105 z\u0142otym \u015brodkiem na Berne\u0144czyka). Wychowanie nale\u017cy rozpocz\u0105\u0107 ju\u017c od szczeni\u0119cia. Dwu miesi\u0119czny Berne\u0144czyk nie jest za m\u0142ody na nauk\u0119 podstawowych element&oacute;w: chodzenie na smyczy, przychodzenia na zawo\u0142anie, za\u0142atwianie si\u0119 na dworze, itp. By\u0107 mo\u017ce bardzo trudno jest wymaga\u0107 pos\u0142usze\u0144stwa od tej puszystej kuleczki, jaka jest szczeni\u0119, nale\u017cy jednak pami\u0119ta\u0107, \u017ce szczeni\u0119ciem jest tylko przez kilka miesi\u0119cy. Gdy b\u0119dziemy mieli do czynienia z ponad 50 kilogramowym niewychowanym doros\u0142ym psem, nie b\u0119dzie nikomu do \u015bmiechu. Wychowanie musi by\u0107 bardzo konsekwentne, np. je\u017celi nie wolno spa\u0107 na kanapie, to nie wolno tego robi\u0107 nigdy. Pies nie zrozumie, dlaczego raz pan pozwoli\u0142 mu na co\u015b, a innym razem nie. Berne\u0144czyk jest psem bardzo pami\u0119tliwym i zawsze b\u0119dzie d\u0105\u017cy\u0142 do wolno\u015bci, jaka mi\u0105\u0142 za m\u0142odu i nie b\u0119dzie pos\u0142uszny. Bardzo wa\u017cny jest spos&oacute;b wychowywania. Berne\u0144skie psy pasterskie s\u0105 zwierz\u0119tami bardzo wra\u017cliwymi i uczuciowymi, nale\u017cy wiec traktowa\u0107 je \u0142agodnie. Krzyk jest niepotrzebny, odbiera tylko szczeni\u0119ciu poczucie bezpiecze\u0144stwa. Absolutnie niedozwolone jest bicie i wszelkie kary cielesne, pies i tak ich nie zrozumie (za to doskonale nauczy si\u0119 strachu przed panem, co utrudni lub wr\u0119cz uniemo\u017cliwi w\u0142a\u015bciwy kontakt w\u0142a\u015bciciela i psa). Bardzo lawo jest z\u0142ama\u0107 psychik\u0119 tego wra\u017cliwego stworzenia. Nie wymagajmy od niego agresji. Berne\u0144czyk ma pewn\u0105 ilo\u015b\u0107 gen&oacute;w obro\u0144cy i str&oacute;\u017ca. Nigdy nie atakuje i nie wykazuje agresji bez potrzeby. Jedynym bod\u017acem zdolnym wyzwoli\u0107 druga natur\u0119 tego psa jest obrona cz\u0142onk&oacute;w rodziny lub ich mienia. Szkolenie na psa obronnego nie jest najlepszym pomys\u0142em. Absolutnie wystarczy PT (I, II). Berne\u0144czyki maja wrodzon\u0105 ch\u0119\u0107 nauki i wsp&oacute;\u0142pracy z przewodnikiem. Lecz mog\u0105 si\u0119 jej \u0142atwo i szybko pozby\u0107 si\u0119 przez niedelikatne traktowanie. Nie pozwalajmy obcym ludziom g\u0142aska\u0107 i bra\u0107 na r\u0119ce naszego szczeni\u0119cia. Ono wymaga opieki i troski, nie jest zabawk\u0105. Liczy, \u017ce b\u0119dziemy go broni\u0107, p&oacute;ki jest ma\u0142e (przed lud\u017ami i obcymi psami). Gdy b\u0119dzie starsze (5, 6 miesi\u0119cy) bez przeszk&oacute;d mo\u017ce poznawa\u0107 \u015bwiat. Z drugiej strony nie wolno te\u017c izolowa\u0107 szczeniaka od ps&oacute;w i ludzi. Niech ich obserwuje i uczy si\u0119, \u017ce nie s\u0105 straszni ani gro\u017ani.<br \/>\n&nbsp;<\/p>\n<div style=\"text-align: center; font-weight: bold;\">&nbsp;Osobowo\u015b\u0107 Psa<\/div>\n<p>\n&nbsp;&nbsp;&nbsp;&nbsp;&nbsp;&nbsp;&nbsp;&nbsp;&nbsp;&nbsp; Berne\u0144czyk jest psem bardzo bliskim cz\u0142owiekowi, zawsze ch\u0119tnym s\u0142u\u017cy\u0107 mu z zapa\u0142em. Przez wieki by\u0142 u\u017cywany do pilnowania stad byd\u0142a i jako str&oacute;\u017c gospodarstw. Niek\u0142opotliwy, ujmuj\u0105cy, uczuciowy i przyjazny, potrafi by\u0107 u\u017cyteczny w wielu sytuacjach i sprawia mu to niew\u0105tpliw\u0105 przyjemno\u015b\u0107. Jako pies wiejski zachowa\u0142 silnie rozwini\u0119ty instynkt terytorialny. Cho\u0107 wcale nie jest psem obronnym, doskonale sprawdza si\u0119 jako dobry str&oacute;\u017c. \u015awiadczy to o zr&oacute;wnowa\u017ceniu berne\u0144czyka. Jest nieufny wobec intruz&oacute;w, ale nie agresywny.<br \/>\n&nbsp;&nbsp;&nbsp;&nbsp;&nbsp;&nbsp;&nbsp;&nbsp;&nbsp;&nbsp; Berne\u0144czyk to pies o wrodzonej szlachetno\u015bci, idealny dla rodziny lubi\u0105cej pot\u0119\u017cne zwierz\u0119ta. Uwielbia dzieci. Stateczny, nie atakuje domowych kot&oacute;w, kur czy koni pas\u0105cych si\u0119 na s\u0105siedniej \u0142\u0105ce. Pogoda ducha i wielkie oddanie predysponuj\u0105 go do prac u\u017cytkowych, lecz najwi\u0119ksz\u0105 przyjemno\u015b\u0107 sprawia mu towarzyszenie swemu panu. Cho\u0107 jest du\u017cy, potrafi zachowywa\u0107 si\u0119 tak spokojnie, \u017ce zapomina si\u0119 o jego obecno\u015bci. Nie dziwnego, ze z tyloma zaletami wiedzie prym w\u015br&oacute;d molos&oacute;w w typie g&oacute;rskim. Berne\u0144czyk jest cenionym psem do towarzystwa, o mi\u0142ym i przyjaznym usposobieniu. Doskonale czuje si\u0119 w grupie ludzi, szczeg&oacute;ln\u0105 sympati\u0105 darzy dzieci. Potrafi dostosowa\u0107 si\u0119 do trybu \u017cycia ka\u017cdej rodziny. Lubi mie\u0107 wszystko pod kontrol\u0105 i wiedzie\u0107, co si\u0119 wok&oacute;\u0142 niego dzieje. Ma umiarkowany temperament, jest \u0142agodny, wierny i bardzo oddany. Powinien by\u0107 silny, odwa\u017cny i zr&oacute;wnowa\u017cony, nie mo\u017ce wykazywa\u0107 nieuzasadnionej agresji ani l\u0119kliwo\u015bci. Jego zalet\u0105 jest brak sk\u0142onno\u015bci do k\u0142usownictwa i w\u0142&oacute;cz\u0119gostwa. Do prawid\u0142owego rozwoju wymaga bliskiej wi\u0119zi z opiekunem, nie nale\u017cy izolowa\u0107 go od rodziny.<br \/>\n&nbsp;&nbsp;&nbsp;&nbsp;&nbsp;&nbsp;&nbsp;&nbsp;&nbsp;&nbsp;&nbsp; Obdarzony silnym poczuciem w\u0142asno\u015bci jest doskona\u0142ym str&oacute;\u017cem, bardzo czujnym, ale nie ha\u0142a\u015bliwym. O zbli\u017caj\u0105cym si\u0119 zagro\u017ceniu zawiadamia oszcz\u0119dnym, lecz jednoznacznym szczekaniem. Nie jest psem agresywnym, intruz&oacute;w odstrasza okaza\u0142ym wygl\u0105dem, co nie oznacza, \u017ce pozwoli na bezkarne wej\u015bcie na teren czy atakowanie w\u0142a\u015bciciela. Bacznie obserwuje obcych od momentu wej\u015bcia do domu a\u017c do ko\u0144ca wizyty. W chwili zagro\u017cenia potrafi zachowa\u0107 si\u0119 w spos&oacute;b zdecydowany, ale poniewa\u017c jest psem rozs\u0105dnym, zadowoli si\u0119 unieruchomieniem napastnika. Charakterystyczna dla tej rasy jest sk\u0142onno\u015b\u0107 do pilnowania przedmiot&oacute;w nale\u017c\u0105cych do opiekuna. Instynkt ten mo\u017cna wzmocni\u0107 odpowiedni\u0105 tresur\u0105.<br \/>\n&nbsp;&nbsp;&nbsp;&nbsp;&nbsp;&nbsp;&nbsp;&nbsp;&nbsp;&nbsp; Berne\u0144czyk jest inteligentny, ch\u0119tnie uczy si\u0119 nowych rzeczy. Ma silny charakter, bywa uparty, dlatego nauk\u0119 nale\u017cy rozpoczyna\u0107 wcze\u015bnie i uzbroi\u0107 si\u0119 w cierpliwo\u015b\u0107. Bardzo wa\u017cna jest konsekwencja i urozmaicenie \u0107wicze\u0144. Ten pies nie lubi monotonii, a wykonywanie stale tych samych polece\u0144 bardzo go nu\u017cy.<br \/>\n&nbsp;<\/p>\n<div style=\"text-align: center; font-weight: bold;\">&nbsp;W trosce o zdrowie<\/div>\n<p>\n&nbsp;&nbsp;&nbsp;&nbsp;&nbsp;&nbsp;&nbsp;&nbsp;&nbsp;&nbsp; Prawd\u0105 jest, \u017ce berne\u0144czyki, podobnie jak inne du\u017ce psy, nie bij\u0105 rekord&oacute;w d\u0142ugowieczno\u015bci. \u015arednia d\u0142ugo\u015b\u0107 \u017cycia wynosi 9-10 lat. Nie s\u0105 ani bardziej, ani mniej wra\u017cliwe od swoich du\u017cych wsp&oacute;\u0142braci. Szczeni\u0119 pochodz\u0105ce z renomowanej hodowli, dobrze \u017cywione i higienicznie wychowywane ma szans\u0119 na beztroskie \u017cycie. Jednak\u017ce trzeba zwr&oacute;ci\u0107 szczeg&oacute;ln\u0105 uwag\u0119 na trzy dolegliwo\u015bci:<\/p>\n<div style=\"margin-left: 40px;\">&#8211; Dysplazja stawu biodrowego: to typowa przypad\u0142o\u015b\u0107 ras ci\u0119\u017ckich. Przypadki najtrudniejsze prowadz\u0105 do znacznej u\u0142omno\u015bci. Dlatego zaleca si\u0119 hodowcom przeprowadzanie bada\u0144 radiologicznych i eliminowanie jako reproduktor&oacute;w ps&oacute;w maj\u0105cych sk\u0142onno\u015b\u0107 do tego schorzenia.<br \/>\n&#8211; Dysplazja stawu \u0142okciowego: r&oacute;wnie\u017c ta anomalia jest cz\u0119sta u ps&oacute;w ras ci\u0119\u017ckich.<br \/>\n&#8211; Entropia, endotropia (czyli podwini\u0119cie lub wywini\u0119cie powieki): dolegliwo\u015b\u0107 ta, uznana za wad\u0119 dyskwalifikuj\u0105c\u0105, mo\u017ce doprowadzi\u0107 do zapalenia spoj&oacute;wek, a w najci\u0119\u017cszych przypadkach &#8211; do \u015blepoty. Na szcz\u0119\u015bcie ps&oacute;w, kt&oacute;rych dotyczy ten problem, jest coraz mniej.&nbsp;&nbsp;&nbsp;&nbsp;&nbsp;&nbsp;&nbsp;&nbsp;&nbsp;<\/div>\n<p>\n&nbsp;&nbsp;&nbsp;&nbsp;&nbsp;&nbsp;&nbsp;&nbsp;&nbsp;&nbsp; Berne\u0144ski pies pasterski jest psem du\u017cym i ci\u0119\u017ckim (\u015brednio 45, 55 kg wagi). Przyrost masy szczeni\u0119cia wynosi nawet 3kg\/tydzie\u0144 (w wieku ok. 3 do 6 miesi\u0119cy). To powinno u\u015bwiadomi\u0107 ka\u017cdemu, jak doskonalej karmy wymaga ten pies. Zw\u0142aszcza w okresie wzrostu. Rozwija si\u0119 wtedy r&oacute;wnocze\u015bnie ko\u015bciec, uz\u0119bienie, szata, prace rozpoczyna uk\u0142ad hormonalny. Zaniedbania mog\u0105 by\u0107 tragiczne. Na \u017cywieniu Berne\u0144czyka nie wolno oszcz\u0119dza\u0107. Najlepszym wyj\u015bciem jest sucha karma dla szczeni\u0105t du\u017cych ras (np. Hill&rsquo;s, Royal Canin).<br \/>\n&nbsp;<\/div>\n","protected":false},"excerpt":{"rendered":"<p>643<\/p>\n","protected":false},"author":1,"featured_media":0,"parent":413,"menu_order":150,"comment_status":"closed","ping_status":"closed","template":"","meta":{"ngg_post_thumbnail":0},"_links":{"self":[{"href":"http:\/\/szczescietymoje.pl\/main\/wp-json\/wp\/v2\/pages\/129"}],"collection":[{"href":"http:\/\/szczescietymoje.pl\/main\/wp-json\/wp\/v2\/pages"}],"about":[{"href":"http:\/\/szczescietymoje.pl\/main\/wp-json\/wp\/v2\/types\/page"}],"author":[{"embeddable":true,"href":"http:\/\/szczescietymoje.pl\/main\/wp-json\/wp\/v2\/users\/1"}],"replies":[{"embeddable":true,"href":"http:\/\/szczescietymoje.pl\/main\/wp-json\/wp\/v2\/comments?post=129"}],"version-history":[{"count":0,"href":"http:\/\/szczescietymoje.pl\/main\/wp-json\/wp\/v2\/pages\/129\/revisions"}],"up":[{"embeddable":true,"href":"http:\/\/szczescietymoje.pl\/main\/wp-json\/wp\/v2\/pages\/413"}],"wp:attachment":[{"href":"http:\/\/szczescietymoje.pl\/main\/wp-json\/wp\/v2\/media?parent=129"}],"curies":[{"name":"wp","href":"https:\/\/api.w.org\/{rel}","templated":true}]}}