{"id":128,"date":"2009-11-04T00:00:00","date_gmt":"2009-11-03T23:00:00","guid":{"rendered":"http:\/\/szczescie.az-serwer1829889.online.pro\/wzorzec-rasy\/"},"modified":"2009-11-04T00:00:00","modified_gmt":"2009-11-03T23:00:00","slug":"wzorzec-rasy","status":"publish","type":"page","link":"http:\/\/szczescietymoje.pl\/main\/o-rasach\/bernenski-pies-pasterski\/wzorzec-rasy\/","title":{"rendered":"Wzorzec rasy"},"content":{"rendered":"<div style=\"text-align: center;\">&nbsp;Wzorzec FCI nr 45<\/p>\n<p>Grupa II, Sekcja 3 Berne\u0144ski Pies Pasterski, Berner Sennenhund<\/p><\/div>\n<div style=\"text-align: justify;\">\n&nbsp;<\/p>\n<p><strong>Og&oacute;lne wra\u017cenie<\/strong>: d\u0142ugow\u0142osy , tr&oacute;jbarwny, wi\u0119cej ni\u017c \u015bredniej wielko\u015bci, mocny i ruchliwy pies u\u017cytkowy o mocnych ko\u0144czynach, harmonijny i proporcjonalnie zbudowany.<br \/>\n<strong>Prawid\u0142owe proporcje<\/strong>: stosunek wysoko\u015bci w k\u0142\u0119bie do d\u0142ugo\u015bci tu\u0142owia 9:10, raczej kr\u0119py ni\u017c d\u0142ugi. Idealny stosunek wysoko\u015bci w k\u0142\u0119bie do g\u0142\u0119boko\u015bci klatki piersiowej 2:1<br \/>\n<strong>Usposobienie i charakter<\/strong>: pewny, uwa\u017cny, czujny i odwa\u017cny w codziennych sytuacjach, \u0142agodny i oddany w stosunku do zaufanych os&oacute;b, pewny siebie i przyjazny w stosunku nieznajomych; \u015bredni temperament, \u0142atwy do u\u0142o\u017cenia<br \/>\n<strong>G\u0142owa<\/strong>: mocna, proporcjonalna do ca\u0142ej budowy, nie za pot\u0119\u017cna<br \/>\n<strong>M&oacute;zgoczaszka<\/strong>: widziana z profilu i od przodu jest lekko wypuk\u0142a, s\u0142abo zaznaczona bruzda czo\u0142owa<br \/>\n<strong>Stop<\/strong>: wyra\u017anie, ale niezbyt mocno zaznaczony, mocna, \u015bredniej d\u0142ugo\u015bci kufa.<br \/>\n<strong>Nos<\/strong>: czarny<br \/>\n<strong>Kufa<\/strong>: mocna, \u015bredniej d\u0142ugo\u015bci, grzbiet nosa prosty<br \/>\n<strong>Fafle<\/strong>: przylegaj\u0105ce, czarne<br \/>\n<strong>Uz\u0119bienie<\/strong>: Kompletny, mocny zgryz no\u017cycowy (M3 nie s\u0105 brane pod uwag\u0119). Zgryz c\u0119gowy tolerowany.<br \/>\n<strong>Oczy<\/strong>: ciemnobr\u0105zowe, o kszta\u0142cie migda\u0142&oacute;w, o dobrze przylegaj\u0105cych powiekach, osadzone nie za g\u0142\u0119boko, ani nie wypuk\u0142e. Lu\u017ane powieki s\u0105 wad\u0105.<br \/>\n<strong>Uszy<\/strong>: \u015bredniej wielko\u015bci, tr&oacute;jk\u0105tne, wysoko osadzone , lekko zaokr\u0105glone, w stanie spoczynku p\u0142asko przylegaj\u0105ce, przy nat\u0119\u017conej uwadze skierowane do przodu, przy czym brzeg ucha przylega do g\u0142owy.<br \/>\n<strong>Szyja<\/strong>: mocna, muskularna, \u015bredniej d\u0142ugo\u015bci<br \/>\n<strong>G&oacute;rna linia<\/strong>: od szyi lekko w d&oacute;\u0142, harmonijnie przechodz\u0105ca w k\u0142\u0105b, nast\u0119pnie prosta, pozioma<br \/>\n<strong>Grzbiet<\/strong>: mocny i prosty, poziomy<br \/>\n<strong>L\u0119d\u017awie<\/strong>: szerokie i mocne, widziane z g&oacute;ry lekko wci\u0119te<br \/>\n<strong>Zad<\/strong>: \u0142agodnie zaokr\u0105glony.<br \/>\n<strong>Klatka piersiowa<\/strong>: szeroka i g\u0142\u0119boka, si\u0119gaj\u0105ca do \u0142okci, z wyra\u017anym przedpiersiem, o szeroko-owalnym przekroju, \u017cebra si\u0119gaj\u0105ce mo\u017cliwie jak najdalej do ty\u0142u<br \/>\n<strong>Dolna linia i brzuch<\/strong>: Od klatki piersiowej lekko wznosz\u0105ca si\u0119 ku tylnym ko\u0144czynom.<br \/>\n<strong>Ogon<\/strong>: g\u0119sto ow\u0142osiony, si\u0119gaj\u0105cy przynajmniej do stawu skokowego, w stanie spoczynku zwisaj\u0105cy, w ruchu noszony na wysoko\u015bci grzbietu lub lekko powy\u017cej.<br \/>\n<strong>Ko\u0144czyny<\/strong>: mocnej budowy<br \/>\n<strong>Ko\u0144czyny przednie<\/strong>: patrz\u0105c z przodu proste i r&oacute;wnoleg\u0142e, raczej szeroko ustawione.<br \/>\n<strong>\u0141opatki<\/strong>: d\u0142ugie, mocne, ustawione uko\u015bnie, tworz\u0105ce z ramieniem k\u0105t niezbyt rozwarty, przylegaj\u0105ce i dobrze umi\u0119\u015bnione.<br \/>\n<strong>\u0141okcie<\/strong>: dobrze przylegaj\u0105ce, nie odstaj\u0105ce ani nie wykr\u0119cone do wewn\u0105trz<br \/>\n<strong>Przedrami\u0119<\/strong>: mocne, proste<br \/>\n<strong>\u015ar&oacute;dr\u0119cze<\/strong>: widziane z boku prawie prostopad\u0142e do pod\u0142o\u017ca, mocne, widziane z przodu stanowi proste przed\u0142u\u017cenie przedramienia<br \/>\n<strong>\u0141apy<\/strong>: kr&oacute;tkie, zaokr\u0105glone i zwarte, palce dobrze wysklepione, nie wykr\u0119cone ani do wewn\u0105trz, ani na zewn\u0105trz<br \/>\n<strong>Ko\u0144czyny tylne<\/strong>: patrz\u0105c od ty\u0142u ustawione r&oacute;wnolegle, nie za w\u0105sko,<br \/>\n<strong>Udo<\/strong>: do\u015b\u0107 d\u0142ugie, szerokie, mocne, dobrze umi\u0119\u015bnione.<br \/>\n<strong>Podudzie<\/strong>: d\u0142ugie, tworz\u0105ce z udem wyra\u017any k\u0105t<br \/>\n<strong>Staw kolanowy<\/strong>: wyra\u017anie k\u0105towany<br \/>\n<strong>Staw skokowy<\/strong>: mocny i dobrze k\u0105towany<br \/>\n<strong>\u015ar&oacute;dstopie<\/strong>: Prawie prostopad\u0142e, ostrogi musz\u0105 by\u0107 usuni\u0119te, za wyj\u0105tkiem kraj&oacute;w, gdzie operacyjne usuwanie ostr&oacute;g jest zabronione<br \/>\n<strong>Stopa<\/strong>: lekko wysklepiona, mniej ni\u017c \u0142apa nie skr\u0119cona ani do \u015brodka ani na zewn\u0105trz<br \/>\n<strong>Chody<\/strong>: przestrzenne, r&oacute;wnomierne w ka\u017cdym tempie, dynamiczne, o swobodnym wykroku i mocnej pracy tylnych ko\u0144czyn; w k\u0142usie, patrz\u0105c od przodu i od ty\u0142u, ko\u0144czyny prowadzone r&oacute;wnolegle.<br \/>\n<strong>Szata<\/strong>: w\u0142os: d\u0142ugi, b\u0142yszcz\u0105cy, prosty lub lekko sfalowany.<br \/>\n<strong>Umaszczenie<\/strong>: kruczoczarna ma\u015b\u0107 podstawowa z ciemnym br\u0105zowo-czerwonym podpalaniem na policzkach, nad oczami, na wszystkich czterech ko\u0144czynach i na klatce piersiowej, z bia\u0142ymi znaczeniami wed\u0142ug wzoru:<\/p>\n<div style=\"margin-left: 40px;\">&#8211; czysto bia\u0142y, symetryczny rysunek na g\u0142owie: bia\u0142a strza\u0142ka, kt&oacute;ra si\u0119 rozszerza symetrycznie w kierunku nosa, tworz\u0105c bia\u0142e znaczenie na kufie. Strza\u0142ka na czole nie powinna zachodzi\u0107 na br\u0105zowe plamy nad oczami, a bia\u0142e znaczenie na kufie powinno si\u0119ga\u0107 najwy\u017cej do k\u0105cik&oacute;w warg<br \/>\n&#8211; bia\u0142e, umiarkowanie szerokie znaczenie przechodz\u0105ce z podgardla na klatk\u0119 piersiow\u0105<br \/>\n&#8211; po\u017c\u0105dane: bia\u0142e \u0142apy, bia\u0142y koniec ogona<br \/>\n&#8211; tolerowane: ma\u0142a, bia\u0142a plama na karku, ma\u0142a , bia\u0142a plama przy odbycie.<\/div>\n<p><strong>Wielko\u015b\u0107<\/strong>:<br \/>\n<strong>Psy<\/strong>: wysoko\u015b\u0107 w k\u0142\u0119bie 64 &#8211; 70 cm. (wzrost idealny 66 &#8211; 68 cm.)<br \/>\n<strong>Suki<\/strong>: wysoko\u015b\u0107 w k\u0142\u0119bie 58 &#8211; 66 cm. (wzrost idealny 60 &#8211; 63 cm.)<\/p>\n<p><strong>Wady<\/strong>:<br \/>\nKa\u017cde odst\u0119pstwo od wzorca nale\u017cy traktowa\u0107 jako wad\u0119. Jej ocena powinna by\u0107 proporcjonalna do stopnia tego odst\u0119pstwa<\/p>\n<div style=\"margin-left: 40px;\">&#8211; niepewny charakter<br \/>\n&#8211; delikatny ko\u015bciec<br \/>\n&#8211; nier&oacute;wne ustawienie siekaczy , je\u015bli jest zachowany prawid\u0142owy zgryz<br \/>\n&#8211; brak innych z\u0119b&oacute;w ni\u017c najwy\u017cej dw&oacute;ch (P1) (M3) nie s\u0105 brane pod uwag\u0119<br \/>\n&#8211; szata: wyra\u017anie skr\u0119cony w\u0142os<br \/>\n&#8211; b\u0142\u0119dy w umaszczeniu:<br \/>\n&#8211; brak bia\u0142ych znacze\u0144 na g\u0142owie<br \/>\n&#8211; za szeroka strza\u0142ka i\/lub bia\u0142e znaczenie na kufie si\u0119gaj\u0105ce<br \/>\n&#8211; poza k\u0105ciki warg<br \/>\n&#8211; bia\u0142y ko\u0142nierz<br \/>\n&#8211; du\u017ca bia\u0142a plama na karku (o \u015brednicy przekraczaj\u0105cej 6 cm.)<br \/>\n&#8211; du\u017ca bia\u0142a plama przy odbycie (o \u015brednicy przekraczaj\u0105cej 6 cm.)<br \/>\n&#8211; bia\u0142e znaczenia na przednich ko\u0144czynach, kt&oacute;re wyra\u017anie si\u0119gaj\u0105 poza \u015brodek \u015br&oacute;dr\u0119cza<br \/>\n&#8211; ra\u017c\u0105co asymetryczny rysunek na g\u0142owie i Klatce piersiowej<br \/>\n&#8211; czarne plamy i pasma na bia\u0142ym rysunku klatki piersiowej<br \/>\n&#8211; nieczysta biel (silne plamy pigmentowe)<br \/>\n&#8211; br\u0105zowe lub czerwone przesianie czarnej ma\u015bci podstawowej<\/div>\n<p><strong>Wady wykluczaj\u0105ce<\/strong>:<\/p>\n<div style=\"margin-left: 40px;\">&#8211; agresywno\u015b\u0107, l\u0119kliwo\u015b\u0107, wyra\u017ana p\u0142ochliwo\u015b\u0107<br \/>\n&#8211; rozszczepiony nos<br \/>\n&#8211; przodozgryz, ty\u0142ozgryz , zgryz przemienny<br \/>\n&#8211;&nbsp; jedno lub dwa niebieskie oczy lub oczy z niebieskimi plamkami<br \/>\n-entropium, ektropium<br \/>\n&#8211; zakr\u0119cony lub za\u0142amany ogon<br \/>\n&#8211; kr&oacute;tki lub szorstki w\u0142os<br \/>\n&#8211; brak tr&oacute;jbarwno\u015bci<br \/>\n&#8211; ma\u015b\u0107 podstawowa inna ni\u017c czarna<\/div>\n<p>\nPsy, kt&oacute;re wykazuj\u0105 nienormalne zachowania, lub zachowania zaburzone, musz\u0105 zosta\u0107 zdyskwalifikowane<\/p>\n<p><strong>Uwaga<\/strong>:<br \/>\nPsy musz\u0105 mie\u0107 dwa normalnie rozwini\u0119te j\u0105dra, w pe\u0142ni usytuowane w mosznie.&nbsp;<\/p>\n<p>wersja angielska &#8211; FCI &#8211; <a href=\"http:\/\/www.fci.be\/Nomenclature\/Standards\/045g02-en.pdf\" target=\"_blank\"><span style=\"color:#FF8C00\">tutaj<\/span><\/a><\/p>\n<\/div>\n","protected":false},"excerpt":{"rendered":"<p>21<\/p>\n","protected":false},"author":1,"featured_media":0,"parent":57,"menu_order":147,"comment_status":"closed","ping_status":"closed","template":"","meta":{"ngg_post_thumbnail":0},"_links":{"self":[{"href":"http:\/\/szczescietymoje.pl\/main\/wp-json\/wp\/v2\/pages\/128"}],"collection":[{"href":"http:\/\/szczescietymoje.pl\/main\/wp-json\/wp\/v2\/pages"}],"about":[{"href":"http:\/\/szczescietymoje.pl\/main\/wp-json\/wp\/v2\/types\/page"}],"author":[{"embeddable":true,"href":"http:\/\/szczescietymoje.pl\/main\/wp-json\/wp\/v2\/users\/1"}],"replies":[{"embeddable":true,"href":"http:\/\/szczescietymoje.pl\/main\/wp-json\/wp\/v2\/comments?post=128"}],"version-history":[{"count":0,"href":"http:\/\/szczescietymoje.pl\/main\/wp-json\/wp\/v2\/pages\/128\/revisions"}],"up":[{"embeddable":true,"href":"http:\/\/szczescietymoje.pl\/main\/wp-json\/wp\/v2\/pages\/57"}],"wp:attachment":[{"href":"http:\/\/szczescietymoje.pl\/main\/wp-json\/wp\/v2\/media?parent=128"}],"curies":[{"name":"wp","href":"https:\/\/api.w.org\/{rel}","templated":true}]}}