{"id":117,"date":"2009-11-02T00:00:00","date_gmt":"2009-11-01T23:00:00","guid":{"rendered":"http:\/\/szczescie.az-serwer1829889.online.pro\/basma\/"},"modified":"2019-02-07T22:48:52","modified_gmt":"2019-02-07T21:48:52","slug":"basma","status":"publish","type":"page","link":"http:\/\/szczescietymoje.pl\/main\/teczowy-most\/basma\/","title":{"rendered":"BASMA des Hautes Vernades"},"content":{"rendered":"<p><img style=\"float: left; height: 237px; width: 362px;\" title=\"\" src=\"\/main\/obrazki\/strona\/baner_basma_opis4.jpg\" alt=\"\"> <strong>Ch. Pl., Ch. Pl. Weteran, M\u0142. Ch. Pl.<\/strong><br \/>\n<strong>BASMA<\/strong><br \/>\n<strong>des Hautes Vernades<\/strong><\/p>\n<p>&nbsp;<strong>ZWYCI\u0118ZCA KLUBU 2007<\/strong><\/p>\n<p>&nbsp;2x BIS, 1x BIS Weteran-5m., 9x BOB, 5x ResCACIB, 6xBVinB, 1x BoOS, 8xBOS, 12xCWC, 3xBJinB, 3xY.Winner<\/p>\n<p><u>urodzona<\/u>: 29.03.2006<br \/>\n<u>zmar\u0142a<\/u>: 01.06.2016<br \/>\n<u>wzrost<\/u>: 63 cm<br \/>\n<u>waga<\/u>: 46 kg &nbsp;&nbsp;<br \/>\n<u>HD<\/u>:&nbsp; A<br \/>\n<u>ED<\/u>: 0\/0<br \/>\n<u>testy psychiczne<\/u>: 5\/5<br \/>\n<u>wolna od chor\u00f3b serca<\/u> &#8211; <a href=\"obrazki\/strona\/serce_basma.jpg\" target=\"_blank\" rel=\"noopener\">certyfikat<\/a><\/p>\n<div style=\"text-align: left;\">\n<p><u>Przyczyna \u015bmierci: <\/u>zawa\u0142 serca<\/p>\n<p><strong>W opinii s\u0119dzi\u00f3w:<\/strong><br \/>\n&nbsp;Anatomicznie doskonale zbudowana, bezb\u0142\u0119dna postawa, w ruchu bardzo dok\u0142adna.<\/p>\n<div style=\"text-align: right; font-style: italic;\">Sieghart Muthsam, Niemcy<\/div>\n<p>Dobrej wielko\u015bci, doskona\u0142a w proporcjach, czysta g\u00f3rna i dolna linia, g\u0142owa o bardzo dobrym profilu.<\/p>\n<div style=\"text-align: right; font-style: italic;\">&nbsp;Andrzej St\u0119pi\u0144ski, Polska<\/div>\n<p>Doskona\u0142y typ, ciemne oko, mocne l\u0119d\u017awie, \u0142adne znaczenia, dobra szeroko\u015b\u0107 i g\u0142\u0119boko\u015b\u0107 klatki piersiowej.<\/p>\n<div style=\"text-align: right; font-style: italic;\">Inge Arts\u00f8e, Dania<\/div>\n<p>Uroczy charakter, doskona\u0142y front, gruboko\u015bcista, pi\u0119knie umi\u0119\u015bniona, wspaniale przygotowana do wystawy.<\/p>\n<div style=\"text-align: right; font-style: italic;\">&nbsp;Viva Maria Soleckyj Szpunar, Polska<\/div>\n<p>&nbsp;<\/p>\n<\/div>\n","protected":false},"excerpt":{"rendered":"<p>454<\/p>\n","protected":false},"author":1,"featured_media":0,"parent":406,"menu_order":94,"comment_status":"closed","ping_status":"closed","template":"","meta":{"ngg_post_thumbnail":0},"_links":{"self":[{"href":"http:\/\/szczescietymoje.pl\/main\/wp-json\/wp\/v2\/pages\/117"}],"collection":[{"href":"http:\/\/szczescietymoje.pl\/main\/wp-json\/wp\/v2\/pages"}],"about":[{"href":"http:\/\/szczescietymoje.pl\/main\/wp-json\/wp\/v2\/types\/page"}],"author":[{"embeddable":true,"href":"http:\/\/szczescietymoje.pl\/main\/wp-json\/wp\/v2\/users\/1"}],"replies":[{"embeddable":true,"href":"http:\/\/szczescietymoje.pl\/main\/wp-json\/wp\/v2\/comments?post=117"}],"version-history":[{"count":2,"href":"http:\/\/szczescietymoje.pl\/main\/wp-json\/wp\/v2\/pages\/117\/revisions"}],"predecessor-version":[{"id":8297,"href":"http:\/\/szczescietymoje.pl\/main\/wp-json\/wp\/v2\/pages\/117\/revisions\/8297"}],"up":[{"embeddable":true,"href":"http:\/\/szczescietymoje.pl\/main\/wp-json\/wp\/v2\/pages\/406"}],"wp:attachment":[{"href":"http:\/\/szczescietymoje.pl\/main\/wp-json\/wp\/v2\/media?parent=117"}],"curies":[{"name":"wp","href":"https:\/\/api.w.org\/{rel}","templated":true}]}}