{"id":10334,"date":"2021-07-31T20:24:18","date_gmt":"2021-07-31T18:24:18","guid":{"rendered":"http:\/\/szczescietymoje.pl\/main\/?page_id=10334"},"modified":"2023-01-22T09:04:25","modified_gmt":"2023-01-22T08:04:25","slug":"wystawy-karat","status":"publish","type":"page","link":"http:\/\/szczescietymoje.pl\/main\/lagotto-romagnolo\/karat\/wystawy-karat\/","title":{"rendered":"Wystawy &#8211; Karat"},"content":{"rendered":"\n<p><strong>Sezon 2023<br><\/strong><table width=95% cellpadding=5 cellspacing=\"1\">\r\n\t<TR >\r\n\t<TD class=\"kolor2\"><B>Data i miejsce<\/b><\/td>\r\n\t<TD class=\"kolor2\"><B>Nazwa wystawy<\/b><\/td>\r\n\t<TD class=\"kolor2\"><B>S\u0119dzia<\/b><\/td>\r\n\t<TD class=\"kolor2\"><B>Klasa<\/b><\/td>\r\n\t<TD class=\"kolor2\"><B>Ocena<\/b><\/td>\r\n\t<TD class=\"kolor2\"><B>Lokata<\/b><\/td>\r\n\t<TD class=\"kolor2\"><B>Medale i tytu\u0142y<\/b><\/td>\r\n\t<TD class=\"kolor2\"><B>Zdj\u0119cie<\/b><\/td>\r\n\r\n\t<\/tr><TR>\r\n\t\t<TD class=\"kolor1\" valign=top>21.01.2023<BR>Lubin<\/td>\r\n\t\t<TD class=\"kolor1\" valign=top>IX IDS<\/td>\r\n\t\t<TD class=\"kolor1\" valign=top>Mariola \u017buchli\u0144ska <\/td>\r\n\t\t<TD class=\"kolor1\" valign=top>champion\u00f3w<\/td>\r\n\t\t<TD class=\"kolor1\" valign=top>doskon\u0142a<\/td>\r\n\t\t<TD class=\"kolor1\" valign=top>1<\/td>\r\n\t\t<TD class=\"kolor1\" valign=top>z\u0142oto, CWC, CACiB, BOS<\/td>\r\n\t\t<TD class=\"kolor1\" valign=top><a href=\"http:\/\/szczescietymoje.pl\/main\/wp-content\/uploads\/2023\/01\/Karat_Lubin_3.jpeg\"><img src=\"http:\/\/szczescietymoje.pl\/main\/wp-content\/uploads\/2023\/01\/Karat_Lubin_3.jpeg\" border=\"0\"><\/a><\/td><\/tr><\/table><br><strong><br>Sezon 2022<br><\/strong><table width=95% cellpadding=5 cellspacing=\"1\">\r\n\t<TR >\r\n\t<TD class=\"kolor2\"><B>Data i miejsce<\/b><\/td>\r\n\t<TD class=\"kolor2\"><B>Nazwa wystawy<\/b><\/td>\r\n\t<TD class=\"kolor2\"><B>S\u0119dzia<\/b><\/td>\r\n\t<TD class=\"kolor2\"><B>Klasa<\/b><\/td>\r\n\t<TD class=\"kolor2\"><B>Ocena<\/b><\/td>\r\n\t<TD class=\"kolor2\"><B>Lokata<\/b><\/td>\r\n\t<TD class=\"kolor2\"><B>Medale i tytu\u0142y<\/b><\/td>\r\n\t<TD class=\"kolor2\"><B>Zdj\u0119cie<\/b><\/td>\r\n\r\n\t<\/tr><TR>\r\n\t\t<TD class=\"kolor1\" valign=top>14.08.2022<BR>Sopot<\/td>\r\n\t\t<TD class=\"kolor1\" valign=top>33 International dog show<\/td>\r\n\t\t<TD class=\"kolor1\" valign=top>Nelson Segala (BR)<\/td>\r\n\t\t<TD class=\"kolor1\" valign=top>po\u015brednia<\/td>\r\n\t\t<TD class=\"kolor1\" valign=top>doskona\u0142a<\/td>\r\n\t\t<TD class=\"kolor1\" valign=top>2<\/td>\r\n\t\t<TD class=\"kolor1\" valign=top>srebrny<\/td>\r\n\t\t<TD class=\"kolor1\" valign=top><a href=\"http:\/\/szczescietymoje.pl\/main\/wp-content\/uploads\/2022\/08\/Karat_Sopot_2-scaled.jpeg\"><img src=\"http:\/\/szczescietymoje.pl\/main\/wp-content\/uploads\/2022\/08\/Karat_Sopot_2-scaled.jpeg\" border=\"0\"><\/a><\/td><\/tr><TR>\r\n\t\t<TD class=\"kolor2\" valign=top>13.08.2022<BR>Sopot<\/td>\r\n\t\t<TD class=\"kolor2\" valign=top>32 International dog show<\/td>\r\n\t\t<TD class=\"kolor2\" valign=top>Luis Peixoto (PT)<\/td>\r\n\t\t<TD class=\"kolor2\" valign=top>po\u015brednia<\/td>\r\n\t\t<TD class=\"kolor2\" valign=top>doskona\u0142a<\/td>\r\n\t\t<TD class=\"kolor2\" valign=top>3<\/td>\r\n\t\t<TD class=\"kolor2\" valign=top>br\u0105zowy<\/td>\r\n\t\t<TD class=\"kolor2\" valign=top><a href=\"http:\/\/szczescietymoje.pl\/main\/wp-content\/uploads\/2022\/08\/Karat_Sopot_1-scaled.jpeg\"><img src=\"http:\/\/szczescietymoje.pl\/main\/wp-content\/uploads\/2022\/08\/Karat_Sopot_1-scaled.jpeg\" border=\"0\"><\/a><\/td><\/tr><TR>\r\n\t\t<TD class=\"kolor1\" valign=top>07.08.2022<BR>Druskininkai<\/td>\r\n\t\t<TD class=\"kolor1\" valign=top>International dog show\r\n\u201cDRUSKININKAI\u20192022\u201d<\/td>\r\n\t\t<TD class=\"kolor1\" valign=top>Tino Pehar (HR)<\/td>\r\n\t\t<TD class=\"kolor1\" valign=top>po\u015brednia<\/td>\r\n\t\t<TD class=\"kolor1\" valign=top>doskona\u0142a<\/td>\r\n\t\t<TD class=\"kolor1\" valign=top>1<\/td>\r\n\t\t<TD class=\"kolor1\" valign=top>z\u0142oty<\/td>\r\n\t\t<TD class=\"kolor1\" valign=top><\/td><\/tr><TR>\r\n\t\t<TD class=\"kolor2\" valign=top>06.08.2022<BR>Druskininkai<\/td>\r\n\t\t<TD class=\"kolor2\" valign=top>International dog show\r\n\u201cDRUSKININKAI CUP\u20192022\u201d<\/td>\r\n\t\t<TD class=\"kolor2\" valign=top>Nikola Smolic (HR)<\/td>\r\n\t\t<TD class=\"kolor2\" valign=top>po\u015brednia<\/td>\r\n\t\t<TD class=\"kolor2\" valign=top>doskona\u0142a<\/td>\r\n\t\t<TD class=\"kolor2\" valign=top>1<\/td>\r\n\t\t<TD class=\"kolor2\" valign=top>z\u0142oty<\/td>\r\n\t\t<TD class=\"kolor2\" valign=top><\/td><\/tr><TR>\r\n\t\t<TD class=\"kolor1\" valign=top>05.08.2022<BR>Druskininkai<\/td>\r\n\t\t<TD class=\"kolor1\" valign=top>International dog show\r\n\u201cDZ\u016aKIJA\u20192022\u201d<\/td>\r\n\t\t<TD class=\"kolor1\" valign=top>Miros\u0142aw Olejnik<\/td>\r\n\t\t<TD class=\"kolor1\" valign=top>po\u015brednia<\/td>\r\n\t\t<TD class=\"kolor1\" valign=top>doskona\u0142a<\/td>\r\n\t\t<TD class=\"kolor1\" valign=top>2<\/td>\r\n\t\t<TD class=\"kolor1\" valign=top>srebrny<\/td>\r\n\t\t<TD class=\"kolor1\" valign=top><\/td><\/tr><TR>\r\n\t\t<TD class=\"kolor2\" valign=top>31.07.2022<BR>Alytus, Litwa<\/td>\r\n\t\t<TD class=\"kolor2\" valign=top>National Dog Show - BALTOSIOS RO\u017d\u0116S TAUR\u0116 2022<\/td>\r\n\t\t<TD class=\"kolor2\" valign=top>Dina Korna, Estonia<\/td>\r\n\t\t<TD class=\"kolor2\" valign=top>otwarta<\/td>\r\n\t\t<TD class=\"kolor2\" valign=top>doskona\u0142a<\/td>\r\n\t\t<TD class=\"kolor2\" valign=top>1<\/td>\r\n\t\t<TD class=\"kolor2\" valign=top>z\u0142oty, CAC, BOB<\/td>\r\n\t\t<TD class=\"kolor2\" valign=top><\/td><\/tr><TR>\r\n\t\t<TD class=\"kolor1\" valign=top>30.07.2022<BR>Alytus, Litwa<\/td>\r\n\t\t<TD class=\"kolor1\" valign=top>National Dog Show - ALYTAUS MIESTO MERO TAUR\u0116 2022<\/td>\r\n\t\t<TD class=\"kolor1\" valign=top>Daiva Rimaityt\u0117, Litwa<\/td>\r\n\t\t<TD class=\"kolor1\" valign=top>otwarta<\/td>\r\n\t\t<TD class=\"kolor1\" valign=top>doskona\u0142a<\/td>\r\n\t\t<TD class=\"kolor1\" valign=top>1<\/td>\r\n\t\t<TD class=\"kolor1\" valign=top>z\u0142oty, CAC, BOB, BOG-2<\/td>\r\n\t\t<TD class=\"kolor1\" valign=top><a href=\"http:\/\/szczescietymoje.pl\/main\/wp-content\/uploads\/2022\/07\/IMG_0746-scaled.jpeg\"><img src=\"http:\/\/szczescietymoje.pl\/main\/wp-content\/uploads\/2022\/07\/IMG_0746-scaled.jpeg\" border=\"0\"><\/a><\/td><\/tr><TR>\r\n\t\t<TD class=\"kolor2\" valign=top>09.07.2022<BR>Bydgoszcz<\/td>\r\n\t\t<TD class=\"kolor2\" valign=top>IV International Dog Show<\/td>\r\n\t\t<TD class=\"kolor2\" valign=top>Izabella Krasowska-Salamon<\/td>\r\n\t\t<TD class=\"kolor2\" valign=top>otwarta<\/td>\r\n\t\t<TD class=\"kolor2\" valign=top>doskona\u0142a<\/td>\r\n\t\t<TD class=\"kolor2\" valign=top>3<\/td>\r\n\t\t<TD class=\"kolor2\" valign=top>br\u0105zowy<\/td>\r\n\t\t<TD class=\"kolor2\" valign=top><\/td><\/tr><TR>\r\n\t\t<TD class=\"kolor1\" valign=top>03.07.2022<BR>Moletu, Litwa<\/td>\r\n\t\t<TD class=\"kolor1\" valign=top>International Dog Show<\/td>\r\n\t\t<TD class=\"kolor1\" valign=top>Markku Mahonen<\/td>\r\n\t\t<TD class=\"kolor1\" valign=top>otwarta<\/td>\r\n\t\t<TD class=\"kolor1\" valign=top>doskona\u0142a<\/td>\r\n\t\t<TD class=\"kolor1\" valign=top>1<\/td>\r\n\t\t<TD class=\"kolor1\" valign=top>z\u0142oty, CAC, ResCACIB<\/td>\r\n\t\t<TD class=\"kolor1\" valign=top><a href=\"http:\/\/szczescietymoje.pl\/main\/wp-content\/uploads\/2022\/07\/IMG_9742-scaled.jpeg\"><img src=\"http:\/\/szczescietymoje.pl\/main\/wp-content\/uploads\/2022\/07\/IMG_9742-scaled.jpeg\" border=\"0\"><\/a><\/td><\/tr><TR>\r\n\t\t<TD class=\"kolor2\" valign=top>02.07.2022<BR>Moletu, Litwa<\/td>\r\n\t\t<TD class=\"kolor2\" valign=top>International Dog Show<\/td>\r\n\t\t<TD class=\"kolor2\" valign=top>Robert Karnas<\/td>\r\n\t\t<TD class=\"kolor2\" valign=top>otwarta<\/td>\r\n\t\t<TD class=\"kolor2\" valign=top>bardzo dobra<\/td>\r\n\t\t<TD class=\"kolor2\" valign=top>2<\/td>\r\n\t\t<TD class=\"kolor2\" valign=top><\/td>\r\n\t\t<TD class=\"kolor2\" valign=top><a href=\"http:\/\/szczescietymoje.pl\/main\/wp-content\/uploads\/2022\/07\/291778507_1747418738983848_6020973832471684891_n.jpg\"><img src=\"http:\/\/szczescietymoje.pl\/main\/wp-content\/uploads\/2022\/07\/291778507_1747418738983848_6020973832471684891_n.jpg\" border=\"0\"><\/a><\/td><\/tr><TR>\r\n\t\t<TD class=\"kolor1\" valign=top>01.07.2022<BR>Moletu, Litwa<\/td>\r\n\t\t<TD class=\"kolor1\" valign=top>International Dog Show<\/td>\r\n\t\t<TD class=\"kolor1\" valign=top>Viviane Boesmans<\/td>\r\n\t\t<TD class=\"kolor1\" valign=top>otwarta<\/td>\r\n\t\t<TD class=\"kolor1\" valign=top>doskona\u0142a<\/td>\r\n\t\t<TD class=\"kolor1\" valign=top>2<\/td>\r\n\t\t<TD class=\"kolor1\" valign=top>srebrny<\/td>\r\n\t\t<TD class=\"kolor1\" valign=top><a href=\"http:\/\/szczescietymoje.pl\/main\/wp-content\/uploads\/2022\/07\/290898022_723489778929074_134458702872811289_n.jpg\"><img src=\"http:\/\/szczescietymoje.pl\/main\/wp-content\/uploads\/2022\/07\/290898022_723489778929074_134458702872811289_n.jpg\" border=\"0\"><\/a><\/td><\/tr><TR>\r\n\t\t<TD class=\"kolor2\" valign=top>19.06.2022<BR>Szczecin<\/td>\r\n\t\t<TD class=\"kolor2\" valign=top>XXVI IDS<\/td>\r\n\t\t<TD class=\"kolor2\" valign=top>Tomasz Mroczek<\/td>\r\n\t\t<TD class=\"kolor2\" valign=top>otwrta<\/td>\r\n\t\t<TD class=\"kolor2\" valign=top>doskona\u0142a<\/td>\r\n\t\t<TD class=\"kolor2\" valign=top>1<\/td>\r\n\t\t<TD class=\"kolor2\" valign=top>z\u0142oty<\/td>\r\n\t\t<TD class=\"kolor2\" valign=top><\/td><\/tr><TR>\r\n\t\t<TD class=\"kolor1\" valign=top>23.04.2022<BR>Grudzi\u0105dz<\/td>\r\n\t\t<TD class=\"kolor1\" valign=top>XLIV National Dog Show<\/td>\r\n\t\t<TD class=\"kolor1\" valign=top>Tomasz S\u0142awik<\/td>\r\n\t\t<TD class=\"kolor1\" valign=top>otwarta<\/td>\r\n\t\t<TD class=\"kolor1\" valign=top>doskona\u0142a<\/td>\r\n\t\t<TD class=\"kolor1\" valign=top>1<\/td>\r\n\t\t<TD class=\"kolor1\" valign=top>z\u0142oty, CWC<\/td>\r\n\t\t<TD class=\"kolor1\" valign=top><a href=\"http:\/\/szczescietymoje.pl\/main\/wp-content\/uploads\/2022\/04\/Karat_grudziadz_1_1.jpeg\"><img src=\"http:\/\/szczescietymoje.pl\/main\/wp-content\/uploads\/2022\/04\/Karat_grudziadz_1_1.jpeg\" border=\"0\"><\/a><\/td><\/tr><TR>\r\n\t\t<TD class=\"kolor2\" valign=top>23.04.2022<BR>Grudzi\u0105dz<\/td>\r\n\t\t<TD class=\"kolor2\" valign=top>VI National Dog Show<\/td>\r\n\t\t<TD class=\"kolor2\" valign=top>Ma\u0142gorzata Lorenc<\/td>\r\n\t\t<TD class=\"kolor2\" valign=top>otwarta<\/td>\r\n\t\t<TD class=\"kolor2\" valign=top>doskona\u0142a<\/td>\r\n\t\t<TD class=\"kolor2\" valign=top>1<\/td>\r\n\t\t<TD class=\"kolor2\" valign=top>z\u0142oty, CWC<\/td>\r\n\t\t<TD class=\"kolor2\" valign=top><a href=\"http:\/\/szczescietymoje.pl\/main\/wp-content\/uploads\/2022\/04\/Karat_grudziadz_2_2.jpeg\"><img src=\"http:\/\/szczescietymoje.pl\/main\/wp-content\/uploads\/2022\/04\/Karat_grudziadz_2_2.jpeg\" border=\"0\"><\/a><\/td><\/tr><\/table><br><strong><br>Sezon 2021<br><\/strong><table width=95% cellpadding=5 cellspacing=\"1\">\r\n\t<TR >\r\n\t<TD class=\"kolor2\"><B>Data i miejsce<\/b><\/td>\r\n\t<TD class=\"kolor2\"><B>Nazwa wystawy<\/b><\/td>\r\n\t<TD class=\"kolor2\"><B>S\u0119dzia<\/b><\/td>\r\n\t<TD class=\"kolor2\"><B>Klasa<\/b><\/td>\r\n\t<TD class=\"kolor2\"><B>Ocena<\/b><\/td>\r\n\t<TD class=\"kolor2\"><B>Lokata<\/b><\/td>\r\n\t<TD class=\"kolor2\"><B>Medale i tytu\u0142y<\/b><\/td>\r\n\t<TD class=\"kolor2\"><B>Zdj\u0119cie<\/b><\/td>\r\n\r\n\t<\/tr><TR>\r\n\t\t<TD class=\"kolor1\" valign=top>15.08.2021<BR>Sopot<\/td>\r\n\t\t<TD class=\"kolor1\" valign=top>XXXI International Dog Show<\/td>\r\n\t\t<TD class=\"kolor1\" valign=top>Ma\u0142gorzata Lorenc<\/td>\r\n\t\t<TD class=\"kolor1\" valign=top>m\u0142odzie\u017cy<\/td>\r\n\t\t<TD class=\"kolor1\" valign=top>doskona\u0142a<\/td>\r\n\t\t<TD class=\"kolor1\" valign=top>1<\/td>\r\n\t\t<TD class=\"kolor1\" valign=top>z\u0142oto, Zw. M\u0142odz.<\/td>\r\n\t\t<TD class=\"kolor1\" valign=top><a href=\"http:\/\/szczescietymoje.pl\/main\/wp-content\/uploads\/2021\/08\/Karat_Sopot_2021_2-scaled.jpg\"><img src=\"http:\/\/szczescietymoje.pl\/main\/wp-content\/uploads\/2021\/08\/Karat_Sopot_2021_2-scaled.jpg\" border=\"0\"><\/a><\/td><\/tr><\/table><br><strong><br><\/strong>Uko\u0144czy\u0142 M\u0142odzie\u017cowego Championa Polski<br><table width=95% cellpadding=5 cellspacing=\"1\">\r\n\t<TR >\r\n\t<TD class=\"kolor2\"><B>Data i miejsce<\/b><\/td>\r\n\t<TD class=\"kolor2\"><B>Nazwa wystawy<\/b><\/td>\r\n\t<TD class=\"kolor2\"><B>S\u0119dzia<\/b><\/td>\r\n\t<TD class=\"kolor2\"><B>Klasa<\/b><\/td>\r\n\t<TD class=\"kolor2\"><B>Ocena<\/b><\/td>\r\n\t<TD class=\"kolor2\"><B>Lokata<\/b><\/td>\r\n\t<TD class=\"kolor2\"><B>Medale i tytu\u0142y<\/b><\/td>\r\n\t<TD class=\"kolor2\"><B>Zdj\u0119cie<\/b><\/td>\r\n\r\n\t<\/tr><TR>\r\n\t\t<TD class=\"kolor1\" valign=top>14.08.2021<BR>Sopot<\/td>\r\n\t\t<TD class=\"kolor1\" valign=top>XXX International Dog Show <\/td>\r\n\t\t<TD class=\"kolor1\" valign=top>Bogus\u0142awa Szyd\u0142owicz-Pola\u0144czyk<\/td>\r\n\t\t<TD class=\"kolor1\" valign=top>m\u0142odzie\u017c<\/td>\r\n\t\t<TD class=\"kolor1\" valign=top>doskona\u0142a<\/td>\r\n\t\t<TD class=\"kolor1\" valign=top>1<\/td>\r\n\t\t<TD class=\"kolor1\" valign=top>z\u0142oty, Youth Winner<\/td>\r\n\t\t<TD class=\"kolor1\" valign=top><a href=\"http:\/\/szczescietymoje.pl\/main\/wp-content\/uploads\/2021\/08\/Karat-Sopot-2021-scaled.jpg\"><img src=\"http:\/\/szczescietymoje.pl\/main\/wp-content\/uploads\/2021\/08\/Karat-Sopot-2021-scaled.jpg\" border=\"0\"><\/a><\/td><\/tr><TR>\r\n\t\t<TD class=\"kolor2\" valign=top>01.08.2021<BR>Chojnice<\/td>\r\n\t\t<TD class=\"kolor2\" valign=top>XLIII Kaszubska Wystawa Ps\u00f3w Rasowych<\/td>\r\n\t\t<TD class=\"kolor2\" valign=top>Vladimir Piskay<\/td>\r\n\t\t<TD class=\"kolor2\" valign=top>m\u0142odzie\u017cy<\/td>\r\n\t\t<TD class=\"kolor2\" valign=top>doskona\u0142a<\/td>\r\n\t\t<TD class=\"kolor2\" valign=top>1<\/td>\r\n\t\t<TD class=\"kolor2\" valign=top>z\u0142oty, Youth Winner, Best Junior, <\/td>\r\n\t\t<TD class=\"kolor2\" valign=top><a href=\"http:\/\/szczescietymoje.pl\/main\/wp-content\/uploads\/2021\/08\/Karat_Chojnice_2021.jpeg\"><img src=\"http:\/\/szczescietymoje.pl\/main\/wp-content\/uploads\/2021\/08\/Karat_Chojnice_2021.jpeg\" border=\"0\"><\/a><\/td><\/tr><TR>\r\n\t\t<TD class=\"kolor1\" valign=top>31.07.2021<BR>Lipno<\/td>\r\n\t\t<TD class=\"kolor1\" valign=top>54 Torunska Wystawa Ps\u00f3w Rasowych<\/td>\r\n\t\t<TD class=\"kolor1\" valign=top>Ewa Szeliga-Szeremeta<\/td>\r\n\t\t<TD class=\"kolor1\" valign=top>m\u0142odzie\u017cy<\/td>\r\n\t\t<TD class=\"kolor1\" valign=top>doskona\u0142a<\/td>\r\n\t\t<TD class=\"kolor1\" valign=top>1<\/td>\r\n\t\t<TD class=\"kolor1\" valign=top>z\u0142oty, Youth Winner, Best Junior, Best of Breed<\/td>\r\n\t\t<TD class=\"kolor1\" valign=top><a href=\"http:\/\/szczescietymoje.pl\/main\/wp-content\/uploads\/2021\/07\/Karat_Lipno_www-scaled.jpg\"><img src=\"http:\/\/szczescietymoje.pl\/main\/wp-content\/uploads\/2021\/07\/Karat_Lipno_www-scaled.jpg\" border=\"0\"><\/a><\/td><\/tr><\/table><br><\/p>\n","protected":false},"excerpt":{"rendered":"<p>Sezon 2023 Data i miejsce Nazwa wystawy S\u0119dzia Klasa Ocena Lokata Medale i tytu\u0142y Zdj\u0119cie 21.01.2023Lubin IX IDS Mariola \u017buchli\u0144ska champion\u00f3w doskon\u0142a 1 z\u0142oto, CWC, CACiB, BOS Sezon 2022 Data i miejsce Nazwa wystawy S\u0119dzia Klasa Ocena Lokata Medale i tytu\u0142y Zdj\u0119cie 14.08.2022Sopot 33 International dog show Nelson Segala (BR) po\u015brednia doskona\u0142a 2 srebrny 13.08.2022Sopot [&hellip;]<\/p>\n","protected":false},"author":2,"featured_media":0,"parent":9327,"menu_order":57,"comment_status":"closed","ping_status":"closed","template":"","meta":{"ngg_post_thumbnail":0},"_links":{"self":[{"href":"http:\/\/szczescietymoje.pl\/main\/wp-json\/wp\/v2\/pages\/10334"}],"collection":[{"href":"http:\/\/szczescietymoje.pl\/main\/wp-json\/wp\/v2\/pages"}],"about":[{"href":"http:\/\/szczescietymoje.pl\/main\/wp-json\/wp\/v2\/types\/page"}],"author":[{"embeddable":true,"href":"http:\/\/szczescietymoje.pl\/main\/wp-json\/wp\/v2\/users\/2"}],"replies":[{"embeddable":true,"href":"http:\/\/szczescietymoje.pl\/main\/wp-json\/wp\/v2\/comments?post=10334"}],"version-history":[{"count":7,"href":"http:\/\/szczescietymoje.pl\/main\/wp-json\/wp\/v2\/pages\/10334\/revisions"}],"predecessor-version":[{"id":11540,"href":"http:\/\/szczescietymoje.pl\/main\/wp-json\/wp\/v2\/pages\/10334\/revisions\/11540"}],"up":[{"embeddable":true,"href":"http:\/\/szczescietymoje.pl\/main\/wp-json\/wp\/v2\/pages\/9327"}],"wp:attachment":[{"href":"http:\/\/szczescietymoje.pl\/main\/wp-json\/wp\/v2\/media?parent=10334"}],"curies":[{"name":"wp","href":"https:\/\/api.w.org\/{rel}","templated":true}]}}