{"id":10309,"date":"2021-07-17T15:46:20","date_gmt":"2021-07-17T13:46:20","guid":{"rendered":"http:\/\/szczescietymoje.pl\/main\/?page_id=10309"},"modified":"2022-03-13T16:43:53","modified_gmt":"2022-03-13T15:43:53","slug":"wystawy","status":"publish","type":"page","link":"http:\/\/szczescietymoje.pl\/main\/lagotto-romagnolo\/too-quiet\/wystawy\/","title":{"rendered":"Wystawy"},"content":{"rendered":"\n<p><strong>Sezon 2022<br><table width=95% cellpadding=5 cellspacing=\"1\">\r\n\t<TR >\r\n\t<TD class=\"kolor2\"><B>Data i miejsce<\/b><\/td>\r\n\t<TD class=\"kolor2\"><B>Nazwa wystawy<\/b><\/td>\r\n\t<TD class=\"kolor2\"><B>S\u0119dzia<\/b><\/td>\r\n\t<TD class=\"kolor2\"><B>Klasa<\/b><\/td>\r\n\t<TD class=\"kolor2\"><B>Ocena<\/b><\/td>\r\n\t<TD class=\"kolor2\"><B>Lokata<\/b><\/td>\r\n\t<TD class=\"kolor2\"><B>Medale i tytu\u0142y<\/b><\/td>\r\n\t<TD class=\"kolor2\"><B>Zdj\u0119cie<\/b><\/td>\r\n\r\n\t<\/tr><TR>\r\n\t\t<TD class=\"kolor1\" valign=top>18.12.2022<BR>Sarajewo<\/td>\r\n\t\t<TD class=\"kolor1\" valign=top>Sarajewo CACiB Show<\/td>\r\n\t\t<TD class=\"kolor1\" valign=top>Had\u017ei\u0107 Refet (BA)<\/td>\r\n\t\t<TD class=\"kolor1\" valign=top>champion\u00f3w<\/td>\r\n\t\t<TD class=\"kolor1\" valign=top>doskona\u0142a<\/td>\r\n\t\t<TD class=\"kolor1\" valign=top>1<\/td>\r\n\t\t<TD class=\"kolor1\" valign=top>z\u0142oty, NDSwR, CACiB, BOB<\/td>\r\n\t\t<TD class=\"kolor1\" valign=top><\/td><\/tr><TR>\r\n\t\t<TD class=\"kolor2\" valign=top>18.12.2022<BR>Sarajewo<\/td>\r\n\t\t<TD class=\"kolor2\" valign=top>Sarajewo CAC Show<\/td>\r\n\t\t<TD class=\"kolor2\" valign=top>Almgren Hans (SK)<\/td>\r\n\t\t<TD class=\"kolor2\" valign=top>champion\u00f3w<\/td>\r\n\t\t<TD class=\"kolor2\" valign=top>doskona\u0142a<\/td>\r\n\t\t<TD class=\"kolor2\" valign=top>1<\/td>\r\n\t\t<TD class=\"kolor2\" valign=top>z\u0142oty, NDSwR, CAC, BOB<\/td>\r\n\t\t<TD class=\"kolor2\" valign=top><\/td><\/tr><TR>\r\n\t\t<TD class=\"kolor1\" valign=top>17.12.2022<BR>Sarajewo<\/td>\r\n\t\t<TD class=\"kolor1\" valign=top>Sarajewo CACiB Show<\/td>\r\n\t\t<TD class=\"kolor1\" valign=top>Oliver Simon (HR)<\/td>\r\n\t\t<TD class=\"kolor1\" valign=top>champion\u00f3w<\/td>\r\n\t\t<TD class=\"kolor1\" valign=top>doskona\u0142a<\/td>\r\n\t\t<TD class=\"kolor1\" valign=top>1<\/td>\r\n\t\t<TD class=\"kolor1\" valign=top>z\u0142oty, NDSwR, CACiB, BOB<\/td>\r\n\t\t<TD class=\"kolor1\" valign=top><\/td><\/tr><TR>\r\n\t\t<TD class=\"kolor2\" valign=top>17.12.2022<BR>Sarajewo<\/td>\r\n\t\t<TD class=\"kolor2\" valign=top>Sarajewo CAC Show<\/td>\r\n\t\t<TD class=\"kolor2\" valign=top>Damir Serak (BA)<\/td>\r\n\t\t<TD class=\"kolor2\" valign=top>champion\u00f3w<\/td>\r\n\t\t<TD class=\"kolor2\" valign=top>doskona\u0142a<\/td>\r\n\t\t<TD class=\"kolor2\" valign=top>1<\/td>\r\n\t\t<TD class=\"kolor2\" valign=top>z\u0142oty, NDSwR, CAC, BOB<\/td>\r\n\t\t<TD class=\"kolor2\" valign=top><a href=\"http:\/\/szczescietymoje.pl\/main\/wp-content\/uploads\/2022\/12\/Quiet_Sarajewo.jpg\"><img src=\"http:\/\/szczescietymoje.pl\/main\/wp-content\/uploads\/2022\/12\/Quiet_Sarajewo.jpg\" border=\"0\"><\/a><\/td><\/tr><TR>\r\n\t\t<TD class=\"kolor1\" valign=top>14.08.2022<BR>Sopot<\/td>\r\n\t\t<TD class=\"kolor1\" valign=top>33 International dog show<\/td>\r\n\t\t<TD class=\"kolor1\" valign=top>Nelson Segala (BR)<\/td>\r\n\t\t<TD class=\"kolor1\" valign=top>otwarta<\/td>\r\n\t\t<TD class=\"kolor1\" valign=top>doskona\u0142a<\/td>\r\n\t\t<TD class=\"kolor1\" valign=top>1<\/td>\r\n\t\t<TD class=\"kolor1\" valign=top>z\u0142oty, CWC<\/td>\r\n\t\t<TD class=\"kolor1\" valign=top><a href=\"http:\/\/szczescietymoje.pl\/main\/wp-content\/uploads\/2022\/08\/Queit_Sopot_2-scaled.jpeg\"><img src=\"http:\/\/szczescietymoje.pl\/main\/wp-content\/uploads\/2022\/08\/Queit_Sopot_2-scaled.jpeg\" border=\"0\"><\/a><\/td><\/tr><TR>\r\n\t\t<TD class=\"kolor2\" valign=top>13.08.2022<BR>Sopot<\/td>\r\n\t\t<TD class=\"kolor2\" valign=top>32 International dog show<\/td>\r\n\t\t<TD class=\"kolor2\" valign=top>Luis Peixoto (PT)<\/td>\r\n\t\t<TD class=\"kolor2\" valign=top>otwarta<\/td>\r\n\t\t<TD class=\"kolor2\" valign=top>doskona\u0142a<\/td>\r\n\t\t<TD class=\"kolor2\" valign=top>4<\/td>\r\n\t\t<TD class=\"kolor2\" valign=top><\/td>\r\n\t\t<TD class=\"kolor2\" valign=top><a href=\"http:\/\/szczescietymoje.pl\/main\/wp-content\/uploads\/2022\/08\/Queit_Sopot_1.jpeg\"><img src=\"http:\/\/szczescietymoje.pl\/main\/wp-content\/uploads\/2022\/08\/Queit_Sopot_1.jpeg\" border=\"0\"><\/a><\/td><\/tr><TR>\r\n\t\t<TD class=\"kolor1\" valign=top>13.03.2022<BR>Nowy Dw\u00f3r Mazowiecki<\/td>\r\n\t\t<TD class=\"kolor1\" valign=top>48 Wiosenna Wystawa Ps\u00f3w Rasowych<\/td>\r\n\t\t<TD class=\"kolor1\" valign=top>Bogus\u0142awa Szyd\u0142owicz-Pola\u0144czyk<\/td>\r\n\t\t<TD class=\"kolor1\" valign=top>champion\u00f3w<\/td>\r\n\t\t<TD class=\"kolor1\" valign=top>doskona\u0142a<\/td>\r\n\t\t<TD class=\"kolor1\" valign=top>1<\/td>\r\n\t\t<TD class=\"kolor1\" valign=top>z\u0142oty, CWC<\/td>\r\n\t\t<TD class=\"kolor1\" valign=top><\/td><\/tr><TR>\r\n\t\t<TD class=\"kolor2\" valign=top>13.02.2022<BR>Gliwice<\/td>\r\n\t\t<TD class=\"kolor2\" valign=top>XXV International Dog Show<\/td>\r\n\t\t<TD class=\"kolor2\" valign=top>Stefi Walsh (IE)<\/td>\r\n\t\t<TD class=\"kolor2\" valign=top>champion\u00f3w<\/td>\r\n\t\t<TD class=\"kolor2\" valign=top>doskona\u0142a<\/td>\r\n\t\t<TD class=\"kolor2\" valign=top>2<\/td>\r\n\t\t<TD class=\"kolor2\" valign=top>srebrny<\/td>\r\n\t\t<TD class=\"kolor2\" valign=top><\/td><\/tr><\/table><br><br><\/strong><strong>Sezon 2021<br><table width=95% cellpadding=5 cellspacing=\"1\">\r\n\t<TR >\r\n\t<TD class=\"kolor2\"><B>Data i miejsce<\/b><\/td>\r\n\t<TD class=\"kolor2\"><B>Nazwa wystawy<\/b><\/td>\r\n\t<TD class=\"kolor2\"><B>S\u0119dzia<\/b><\/td>\r\n\t<TD class=\"kolor2\"><B>Klasa<\/b><\/td>\r\n\t<TD class=\"kolor2\"><B>Ocena<\/b><\/td>\r\n\t<TD class=\"kolor2\"><B>Lokata<\/b><\/td>\r\n\t<TD class=\"kolor2\"><B>Medale i tytu\u0142y<\/b><\/td>\r\n\t<TD class=\"kolor2\"><B>Zdj\u0119cie<\/b><\/td>\r\n\r\n\t<\/tr><TR>\r\n\t\t<TD class=\"kolor1\" valign=top>05.12.2021<BR>Skopje<\/td>\r\n\t\t<TD class=\"kolor1\" valign=top>International Dog Show, Macedonia<\/td>\r\n\t\t<TD class=\"kolor1\" valign=top>Damir Markov<\/td>\r\n\t\t<TD class=\"kolor1\" valign=top>champion\u00f3w<\/td>\r\n\t\t<TD class=\"kolor1\" valign=top>doskona\u0142a<\/td>\r\n\t\t<TD class=\"kolor1\" valign=top>1<\/td>\r\n\t\t<TD class=\"kolor1\" valign=top>z\u0142oty, CAC, ResCACIB<\/td>\r\n\t\t<TD class=\"kolor1\" valign=top><a href=\"http:\/\/szczescietymoje.pl\/main\/wp-content\/uploads\/2021\/12\/Quiet_Macedonia.jpeg\"><img src=\"http:\/\/szczescietymoje.pl\/main\/wp-content\/uploads\/2021\/12\/Quiet_Macedonia.jpeg\" border=\"0\"><\/a><\/td><\/tr><TR>\r\n\t\t<TD class=\"kolor2\" valign=top>05.12.2021<BR>Skopje<\/td>\r\n\t\t<TD class=\"kolor2\" valign=top>National Dog Show, Macedonia<\/td>\r\n\t\t<TD class=\"kolor2\" valign=top>Marta Sipos (SRB)<\/td>\r\n\t\t<TD class=\"kolor2\" valign=top>champion\u00f3w<\/td>\r\n\t\t<TD class=\"kolor2\" valign=top>doskona\u0142a<\/td>\r\n\t\t<TD class=\"kolor2\" valign=top>1<\/td>\r\n\t\t<TD class=\"kolor2\" valign=top>z\u0142oty, CAC<\/td>\r\n\t\t<TD class=\"kolor2\" valign=top><a href=\"http:\/\/szczescietymoje.pl\/main\/wp-content\/uploads\/2021\/12\/Quiet_Macedonia.jpeg\"><img src=\"http:\/\/szczescietymoje.pl\/main\/wp-content\/uploads\/2021\/12\/Quiet_Macedonia.jpeg\" border=\"0\"><\/a><\/td><\/tr><TR>\r\n\t\t<TD class=\"kolor1\" valign=top>04.12.2021<BR>Skopje<\/td>\r\n\t\t<TD class=\"kolor1\" valign=top>International Dog Show, Macedonia<\/td>\r\n\t\t<TD class=\"kolor1\" valign=top>Sanja Vretenicic (MNE)<\/td>\r\n\t\t<TD class=\"kolor1\" valign=top>champion\u00f3w<\/td>\r\n\t\t<TD class=\"kolor1\" valign=top>doskona\u0142a<\/td>\r\n\t\t<TD class=\"kolor1\" valign=top>1<\/td>\r\n\t\t<TD class=\"kolor1\" valign=top>z\u0142oty, CAC, ResCACIB<\/td>\r\n\t\t<TD class=\"kolor1\" valign=top><a href=\"http:\/\/szczescietymoje.pl\/main\/wp-content\/uploads\/2021\/12\/Quiet_Macedonia.jpeg\"><img src=\"http:\/\/szczescietymoje.pl\/main\/wp-content\/uploads\/2021\/12\/Quiet_Macedonia.jpeg\" border=\"0\"><\/a><\/td><\/tr><TR>\r\n\t\t<TD class=\"kolor2\" valign=top>03.12.2021<BR>Tirana<\/td>\r\n\t\t<TD class=\"kolor2\" valign=top>International Dog Show, Albania<\/td>\r\n\t\t<TD class=\"kolor2\" valign=top>Miodrag Vretenicic (MNE)<\/td>\r\n\t\t<TD class=\"kolor2\" valign=top>otwarta<\/td>\r\n\t\t<TD class=\"kolor2\" valign=top>doskona\u0142a<\/td>\r\n\t\t<TD class=\"kolor2\" valign=top>1<\/td>\r\n\t\t<TD class=\"kolor2\" valign=top>z\u0142oty, CAC, CACIB<\/td>\r\n\t\t<TD class=\"kolor2\" valign=top><a href=\"http:\/\/szczescietymoje.pl\/main\/wp-content\/uploads\/2021\/12\/Quiet_Albania-scaled.jpeg\"><img src=\"http:\/\/szczescietymoje.pl\/main\/wp-content\/uploads\/2021\/12\/Quiet_Albania-scaled.jpeg\" border=\"0\"><\/a><\/td><\/tr><TR>\r\n\t\t<TD class=\"kolor1\" valign=top>02.12.2021<BR>Tirana<\/td>\r\n\t\t<TD class=\"kolor1\" valign=top>International Dog Show, Albania<\/td>\r\n\t\t<TD class=\"kolor1\" valign=top>Vibor Jezek (HR)<\/td>\r\n\t\t<TD class=\"kolor1\" valign=top>otwarta<\/td>\r\n\t\t<TD class=\"kolor1\" valign=top>doskona\u0142a<\/td>\r\n\t\t<TD class=\"kolor1\" valign=top>1<\/td>\r\n\t\t<TD class=\"kolor1\" valign=top>z\u0142oty, CAC, CACIB, BOB, BOG-2<\/td>\r\n\t\t<TD class=\"kolor1\" valign=top><a href=\"http:\/\/szczescietymoje.pl\/main\/wp-content\/uploads\/2021\/12\/Quiet_Albania-scaled.jpeg\"><img src=\"http:\/\/szczescietymoje.pl\/main\/wp-content\/uploads\/2021\/12\/Quiet_Albania-scaled.jpeg\" border=\"0\"><\/a><\/td><\/tr><TR>\r\n\t\t<TD class=\"kolor2\" valign=top>01.12.2021<BR>Prishtina<\/td>\r\n\t\t<TD class=\"kolor2\" valign=top>International Dog Show, Kosova<\/td>\r\n\t\t<TD class=\"kolor2\" valign=top>Umit Ozkanal (TR)<\/td>\r\n\t\t<TD class=\"kolor2\" valign=top>otwarta<\/td>\r\n\t\t<TD class=\"kolor2\" valign=top>doskona\u0142a<\/td>\r\n\t\t<TD class=\"kolor2\" valign=top>1<\/td>\r\n\t\t<TD class=\"kolor2\" valign=top>z\u0142oty, CAC, CACIB, BOB, BOG-2<\/td>\r\n\t\t<TD class=\"kolor2\" valign=top><a href=\"http:\/\/szczescietymoje.pl\/main\/wp-content\/uploads\/2021\/12\/Quiet_kosowo.jpeg\"><img src=\"http:\/\/szczescietymoje.pl\/main\/wp-content\/uploads\/2021\/12\/Quiet_kosowo.jpeg\" border=\"0\"><\/a><\/td><\/tr><TR>\r\n\t\t<TD class=\"kolor1\" valign=top>30.11.2021<BR>Prishtina<\/td>\r\n\t\t<TD class=\"kolor1\" valign=top>International Dog Show, Kosova<\/td>\r\n\t\t<TD class=\"kolor1\" valign=top>Igor Dorbnjak (MNE)<\/td>\r\n\t\t<TD class=\"kolor1\" valign=top>otwarta<\/td>\r\n\t\t<TD class=\"kolor1\" valign=top>doskona\u0142a<\/td>\r\n\t\t<TD class=\"kolor1\" valign=top>1<\/td>\r\n\t\t<TD class=\"kolor1\" valign=top>z\u0142oty, CAC, CACIB, BOB, BOG-2<\/td>\r\n\t\t<TD class=\"kolor1\" valign=top><a href=\"http:\/\/szczescietymoje.pl\/main\/wp-content\/uploads\/2021\/12\/Quiet_kosowo.jpeg\"><img src=\"http:\/\/szczescietymoje.pl\/main\/wp-content\/uploads\/2021\/12\/Quiet_kosowo.jpeg\" border=\"0\"><\/a><\/td><\/tr><TR>\r\n\t\t<TD class=\"kolor2\" valign=top>28.11.2021<BR>Canj<\/td>\r\n\t\t<TD class=\"kolor2\" valign=top>International Dog Show, Montenegro<\/td>\r\n\t\t<TD class=\"kolor2\" valign=top>Dubravka Dumezic (MNE)<\/td>\r\n\t\t<TD class=\"kolor2\" valign=top>otwarta<\/td>\r\n\t\t<TD class=\"kolor2\" valign=top>doskona\u0142a<\/td>\r\n\t\t<TD class=\"kolor2\" valign=top>1<\/td>\r\n\t\t<TD class=\"kolor2\" valign=top>z\u0142oty, CWC, ResCACIB<\/td>\r\n\t\t<TD class=\"kolor2\" valign=top><a href=\"http:\/\/szczescietymoje.pl\/main\/wp-content\/uploads\/2021\/12\/Quiet_czarnogo\u0301ra.jpeg\"><img src=\"http:\/\/szczescietymoje.pl\/main\/wp-content\/uploads\/2021\/12\/Quiet_czarnogo\u0301ra.jpeg\" border=\"0\"><\/a><\/td><\/tr><TR>\r\n\t\t<TD class=\"kolor1\" valign=top>27.11.2021<BR>Canj<\/td>\r\n\t\t<TD class=\"kolor1\" valign=top>International Dog Show, Montenegro<\/td>\r\n\t\t<TD class=\"kolor1\" valign=top>Pero Celebic (MNE)<\/td>\r\n\t\t<TD class=\"kolor1\" valign=top>otwarta<\/td>\r\n\t\t<TD class=\"kolor1\" valign=top>doskona\u0142a<\/td>\r\n\t\t<TD class=\"kolor1\" valign=top>1<\/td>\r\n\t\t<TD class=\"kolor1\" valign=top>z\u0142oty, CWC, ResCACIB<\/td>\r\n\t\t<TD class=\"kolor1\" valign=top><a href=\"http:\/\/szczescietymoje.pl\/main\/wp-content\/uploads\/2021\/12\/Quiet_czarnogo\u0301ra.jpeg\"><img src=\"http:\/\/szczescietymoje.pl\/main\/wp-content\/uploads\/2021\/12\/Quiet_czarnogo\u0301ra.jpeg\" border=\"0\"><\/a><\/td><\/tr><TR>\r\n\t\t<TD class=\"kolor2\" valign=top>15.08.2021<BR>Sopot<\/td>\r\n\t\t<TD class=\"kolor2\" valign=top>XXXI International Dog Show<\/td>\r\n\t\t<TD class=\"kolor2\" valign=top>Ma\u0142gorzata Lorenc<\/td>\r\n\t\t<TD class=\"kolor2\" valign=top>posrednia<\/td>\r\n\t\t<TD class=\"kolor2\" valign=top>doskona\u0142a<\/td>\r\n\t\t<TD class=\"kolor2\" valign=top>3<\/td>\r\n\t\t<TD class=\"kolor2\" valign=top>br\u0105zowy<\/td>\r\n\t\t<TD class=\"kolor2\" valign=top><a href=\"http:\/\/szczescietymoje.pl\/main\/wp-content\/uploads\/2021\/08\/Quiet_2021_2.jpg\"><img src=\"http:\/\/szczescietymoje.pl\/main\/wp-content\/uploads\/2021\/08\/Quiet_2021_2.jpg\" border=\"0\"><\/a><\/td><\/tr><TR>\r\n\t\t<TD class=\"kolor1\" valign=top>14.08.2021<BR>Sopot<\/td>\r\n\t\t<TD class=\"kolor1\" valign=top>XXX International Dog Show<\/td>\r\n\t\t<TD class=\"kolor1\" valign=top>Bogus\u0142awa Szyd\u0142owicz-Pola\u0144czyk<\/td>\r\n\t\t<TD class=\"kolor1\" valign=top>po\u015brednia<\/td>\r\n\t\t<TD class=\"kolor1\" valign=top>doskonala<\/td>\r\n\t\t<TD class=\"kolor1\" valign=top>4<\/td>\r\n\t\t<TD class=\"kolor1\" valign=top><\/td>\r\n\t\t<TD class=\"kolor1\" valign=top><a href=\"http:\/\/szczescietymoje.pl\/main\/wp-content\/uploads\/2021\/08\/Quiet-Sopot-2021-scaled.jpg\"><img src=\"http:\/\/szczescietymoje.pl\/main\/wp-content\/uploads\/2021\/08\/Quiet-Sopot-2021-scaled.jpg\" border=\"0\"><\/a><\/td><\/tr><TR>\r\n\t\t<TD class=\"kolor2\" valign=top>01.08.2021<BR>Chojnice<\/td>\r\n\t\t<TD class=\"kolor2\" valign=top>XLIII Kaszubska Wystawa Ps\u00f3w Rasowych<\/td>\r\n\t\t<TD class=\"kolor2\" valign=top>Vladimir Piskay<\/td>\r\n\t\t<TD class=\"kolor2\" valign=top>po\u015brednia<\/td>\r\n\t\t<TD class=\"kolor2\" valign=top>doskona\u0142a<\/td>\r\n\t\t<TD class=\"kolor2\" valign=top>1<\/td>\r\n\t\t<TD class=\"kolor2\" valign=top>z\u0142oty, CWC, Best Bitch, Best of Breed<\/td>\r\n\t\t<TD class=\"kolor2\" valign=top><a href=\"http:\/\/szczescietymoje.pl\/main\/wp-content\/uploads\/2021\/08\/Quiet_Chojnice_2021.jpeg\"><img src=\"http:\/\/szczescietymoje.pl\/main\/wp-content\/uploads\/2021\/08\/Quiet_Chojnice_2021.jpeg\" border=\"0\"><\/a><\/td><\/tr><TR>\r\n\t\t<TD class=\"kolor1\" valign=top>31.07.2021<BR>Lipno<\/td>\r\n\t\t<TD class=\"kolor1\" valign=top>54 Toru\u0144ska wystawa ps\u00f3w rasowych<\/td>\r\n\t\t<TD class=\"kolor1\" valign=top>Ewa Szeliga-Szeremeta<\/td>\r\n\t\t<TD class=\"kolor1\" valign=top>po\u015brednia<\/td>\r\n\t\t<TD class=\"kolor1\" valign=top>doskona\u0142a<\/td>\r\n\t\t<TD class=\"kolor1\" valign=top>1<\/td>\r\n\t\t<TD class=\"kolor1\" valign=top>z\u0142oty, CWC, Best Bitch, Best of opposite sex<\/td>\r\n\t\t<TD class=\"kolor1\" valign=top><a href=\"http:\/\/szczescietymoje.pl\/main\/wp-content\/uploads\/2021\/07\/Quiet_Lipno_www.jpg\"><img src=\"http:\/\/szczescietymoje.pl\/main\/wp-content\/uploads\/2021\/07\/Quiet_Lipno_www.jpg\" border=\"0\"><\/a><\/td><\/tr><TR>\r\n\t\t<TD class=\"kolor2\" valign=top>17.07.2021<BR>Bydgoszcz<\/td>\r\n\t\t<TD class=\"kolor2\" valign=top>III International Dog Show<\/td>\r\n\t\t<TD class=\"kolor2\" valign=top>Ina Ma\u0142ecka<\/td>\r\n\t\t<TD class=\"kolor2\" valign=top>otwarta<\/td>\r\n\t\t<TD class=\"kolor2\" valign=top>doskona\u0142a<\/td>\r\n\t\t<TD class=\"kolor2\" valign=top>1<\/td>\r\n\t\t<TD class=\"kolor2\" valign=top>z\u0142oty, CWC<\/td>\r\n\t\t<TD class=\"kolor2\" valign=top><\/td><\/tr><\/table><br><br>Sezon 2020<br><\/strong><table width=95% cellpadding=5 cellspacing=\"1\">\r\n\t<TR >\r\n\t<TD class=\"kolor2\"><B>Data i miejsce<\/b><\/td>\r\n\t<TD class=\"kolor2\"><B>Nazwa wystawy<\/b><\/td>\r\n\t<TD class=\"kolor2\"><B>S\u0119dzia<\/b><\/td>\r\n\t<TD class=\"kolor2\"><B>Klasa<\/b><\/td>\r\n\t<TD class=\"kolor2\"><B>Ocena<\/b><\/td>\r\n\t<TD class=\"kolor2\"><B>Lokata<\/b><\/td>\r\n\t<TD class=\"kolor2\"><B>Medale i tytu\u0142y<\/b><\/td>\r\n\t<TD class=\"kolor2\"><B>Zdj\u0119cie<\/b><\/td>\r\n\r\n\t<\/tr><TR>\r\n\t\t<TD class=\"kolor1\" valign=top>20.09.2020<BR>S\u0142upsk<\/td>\r\n\t\t<TD class=\"kolor1\" valign=top>XXVI National Dog Show<\/td>\r\n\t\t<TD class=\"kolor1\" valign=top>Renata Niklasiewicz<\/td>\r\n\t\t<TD class=\"kolor1\" valign=top>szczeni\u0105t<\/td>\r\n\t\t<TD class=\"kolor1\" valign=top>W.O.<\/td>\r\n\t\t<TD class=\"kolor1\" valign=top>1<\/td>\r\n\t\t<TD class=\"kolor1\" valign=top>Best Puppy in Breed<\/td>\r\n\t\t<TD class=\"kolor1\" valign=top><a href=\"http:\/\/szczescietymoje.pl\/main\/wp-content\/uploads\/2021\/07\/Quiet_2009.jpeg\"><img src=\"http:\/\/szczescietymoje.pl\/main\/wp-content\/uploads\/2021\/07\/Quiet_2009.jpeg\" border=\"0\"><\/a><\/td><\/tr><TR>\r\n\t\t<TD class=\"kolor2\" valign=top>19.09.2020<BR>S\u0142upsk<\/td>\r\n\t\t<TD class=\"kolor2\" valign=top>XXV National Dog Show<\/td>\r\n\t\t<TD class=\"kolor2\" valign=top>Milena Seidel<\/td>\r\n\t\t<TD class=\"kolor2\" valign=top>szczeni\u0105t<\/td>\r\n\t\t<TD class=\"kolor2\" valign=top>W.O.<\/td>\r\n\t\t<TD class=\"kolor2\" valign=top>1<\/td>\r\n\t\t<TD class=\"kolor2\" valign=top>Best Puppy in Breed<\/td>\r\n\t\t<TD class=\"kolor2\" valign=top><a href=\"http:\/\/szczescietymoje.pl\/main\/wp-content\/uploads\/2021\/07\/Quiet_1909.jpeg\"><img src=\"http:\/\/szczescietymoje.pl\/main\/wp-content\/uploads\/2021\/07\/Quiet_1909.jpeg\" border=\"0\"><\/a><\/td><\/tr><\/table><br><\/p>\n","protected":false},"excerpt":{"rendered":"<p>Sezon 2022 Data i miejsce Nazwa wystawy S\u0119dzia Klasa Ocena Lokata Medale i tytu\u0142y Zdj\u0119cie 18.12.2022Sarajewo Sarajewo CACiB Show Had\u017ei\u0107 Refet (BA) champion\u00f3w doskona\u0142a 1 z\u0142oty, NDSwR, CACiB, BOB 18.12.2022Sarajewo Sarajewo CAC Show Almgren Hans (SK) champion\u00f3w doskona\u0142a 1 z\u0142oty, NDSwR, CAC, BOB 17.12.2022Sarajewo Sarajewo CACiB Show Oliver Simon (HR) champion\u00f3w doskona\u0142a 1 z\u0142oty, NDSwR, [&hellip;]<\/p>\n","protected":false},"author":2,"featured_media":11178,"parent":9235,"menu_order":57,"comment_status":"closed","ping_status":"closed","template":"","meta":{"ngg_post_thumbnail":0},"_links":{"self":[{"href":"http:\/\/szczescietymoje.pl\/main\/wp-json\/wp\/v2\/pages\/10309"}],"collection":[{"href":"http:\/\/szczescietymoje.pl\/main\/wp-json\/wp\/v2\/pages"}],"about":[{"href":"http:\/\/szczescietymoje.pl\/main\/wp-json\/wp\/v2\/types\/page"}],"author":[{"embeddable":true,"href":"http:\/\/szczescietymoje.pl\/main\/wp-json\/wp\/v2\/users\/2"}],"replies":[{"embeddable":true,"href":"http:\/\/szczescietymoje.pl\/main\/wp-json\/wp\/v2\/comments?post=10309"}],"version-history":[{"count":5,"href":"http:\/\/szczescietymoje.pl\/main\/wp-json\/wp\/v2\/pages\/10309\/revisions"}],"predecessor-version":[{"id":11192,"href":"http:\/\/szczescietymoje.pl\/main\/wp-json\/wp\/v2\/pages\/10309\/revisions\/11192"}],"up":[{"embeddable":true,"href":"http:\/\/szczescietymoje.pl\/main\/wp-json\/wp\/v2\/pages\/9235"}],"wp:featuredmedia":[{"embeddable":true,"href":"http:\/\/szczescietymoje.pl\/main\/wp-json\/wp\/v2\/media\/11178"}],"wp:attachment":[{"href":"http:\/\/szczescietymoje.pl\/main\/wp-json\/wp\/v2\/media?parent=10309"}],"curies":[{"name":"wp","href":"https:\/\/api.w.org\/{rel}","templated":true}]}}